{"id":20838,"date":"2024-01-19T16:35:17","date_gmt":"2024-01-19T15:35:17","guid":{"rendered":"https:\/\/emulsionizer.com\/?post_type=product&#038;p=20838"},"modified":"2025-03-28T13:34:40","modified_gmt":"2025-03-28T12:34:40","slug":"kit-de-discos-cbe","status":"publish","type":"product","link":"https:\/\/emulsionizer.com\/es\/producto\/kit-de-discos-cbe\/","title":{"rendered":"Kit de discos CBE"},"content":{"rendered":"<p>KIT DE DISCOS INTERCAMBIABLES:<\/p>\n<p>Est\u00e1n hechos de acero AISI 304.<\/p>\n<ul>\n<li>El disco de 0,1 (100 micras) con la inscripci\u00f3n \u201cGROUND COFFEE\u201d es para los m\u00e9todos de extracci\u00f3n \u201cInmersi\u00f3n\u201d y \u201cCold Brew\u201d.<\/li>\n<li>El disco de 0,3 (300 micras) con la inscripci\u00f3n \u201cOATS COFFEE BEANS NUTS\u201d es para el sistema de extracci\u00f3n \u201cCBE\u201d utilizando granos de caf\u00e9 o caf\u00e9 molido.<\/li>\n<li>El disco \u201cciego\u201d sin microperforaci\u00f3n se utiliza para la preparaci\u00f3n del t\u00e9 siguiendo los pasos de Inmersi\u00f3n.<\/li>\n<\/ul>\n<p>3 a\u00f1os de garant\u00eda.<\/p>\n","protected":false},"excerpt":{"rendered":"<p><strong>Discos intercambiables de repuesto<\/strong> que encajan perfectamente en el filtro CBE.<\/p>\n<p>Cada disco tiene perforaciones de diferentes tama\u00f1os para jugar con los distintos sistemas de preparaci\u00f3n de caf\u00e9.<\/p>\n<p>Los discos de acero inoxidable te durar\u00e1n toda la vida, pero si pierdes uno, no te preocupes, tienes este repuesto.<\/p>\n<p><strong>El kit de discos incluye:<\/strong><\/p>\n<ul>\n<li>3 discos intercambiables de acero inoxidable:\n<ul>\n<li>Ciego (v\u00e1lido para todos los sistemas)<\/li>\n<li>0,1 mm (sistemas de inmersi\u00f3n y de preparaci\u00f3n en fr\u00edo)<\/li>\n<li>0,3 mm (sistema de emulsi\u00f3n de granos de caf\u00e9 cbe)<\/li>\n<\/ul>\n<\/li>\n<\/ul>\n<p> <a class=\"continue\" href=\"https:\/\/emulsionizer.com\/es\/producto\/kit-de-discos-cbe\/\">Continuar<span> Kit de discos CBE<\/span><\/a><\/p>\n","protected":false},"featured_media":20424,"comment_status":"open","ping_status":"closed","template":"","meta":[],"product_brand":[],"product_cat":[299],"product_tag":[301],"class_list":{"0":"post-20838","1":"product","2":"type-product","3":"status-publish","4":"has-post-thumbnail","6":"product_cat-cbe-es","7":"product_tag-accesorios-emulsionizer","9":"first","10":"instock","11":"taxable","12":"shipping-taxable","13":"purchasable","14":"product-type-simple"},"yoast_head":"<!-- This site is optimized with the Yoast SEO plugin v26.4 - https:\/\/yoast.com\/wordpress\/plugins\/seo\/ -->\n<title>Kit de discos CBE - Emulsionizer<\/title>\n<meta name=\"description\" content=\"Emulsionizer repuesto de filtro. 3 discos intercambiables con perforaciones de diferentes tama\u00f1os para obtener variedad de texturas; licuadas, cremosas.\" \/>\n<meta name=\"robots\" content=\"index, follow, max-snippet:-1, max-image-preview:large, max-video-preview:-1\" \/>\n<link rel=\"canonical\" href=\"https:\/\/emulsionizer.com\/es\/producto\/kit-de-discos-cbe\/\" \/>\n<meta property=\"og:locale\" content=\"es_ES\" \/>\n<meta property=\"og:type\" content=\"article\" \/>\n<meta property=\"og:title\" content=\"Kit de discos CBE - Emulsionizer\" \/>\n<meta property=\"og:description\" content=\"Emulsionizer repuesto de filtro. 3 discos intercambiables con perforaciones de diferentes tama\u00f1os para obtener variedad de texturas; licuadas, cremosas.\" \/>\n<meta property=\"og:url\" content=\"https:\/\/emulsionizer.com\/es\/producto\/kit-de-discos-cbe\/\" \/>\n<meta property=\"og:site_name\" content=\"Emulsionizer\" \/>\n<meta property=\"article:modified_time\" content=\"2025-03-28T12:34:40+00:00\" \/>\n<meta property=\"og:image\" content=\"https:\/\/emulsionizer.com\/wp-content\/uploads\/2024\/01\/kit_cbe.png\" \/>\n\t<meta property=\"og:image:width\" content=\"1080\" \/>\n\t<meta property=\"og:image:height\" content=\"1080\" \/>\n\t<meta property=\"og:image:type\" content=\"image\/png\" \/>\n<meta name=\"twitter:card\" content=\"summary_large_image\" \/>\n<script type=\"application\/ld+json\" class=\"yoast-schema-graph\">{\"@context\":\"https:\/\/schema.org\",\"@graph\":[{\"@type\":\"WebPage\",\"@id\":\"https:\/\/emulsionizer.com\/es\/producto\/kit-de-discos-cbe\/\",\"url\":\"https:\/\/emulsionizer.com\/es\/producto\/kit-de-discos-cbe\/\",\"name\":\"Kit de discos CBE - Emulsionizer\",\"isPartOf\":{\"@id\":\"https:\/\/emulsionizer.com\/#website\"},\"primaryImageOfPage\":{\"@id\":\"https:\/\/emulsionizer.com\/es\/producto\/kit-de-discos-cbe\/#primaryimage\"},\"image\":{\"@id\":\"https:\/\/emulsionizer.com\/es\/producto\/kit-de-discos-cbe\/#primaryimage\"},\"thumbnailUrl\":\"https:\/\/emulsionizer.com\/wp-content\/uploads\/2024\/01\/kit_cbe.png\",\"datePublished\":\"2024-01-19T15:35:17+00:00\",\"dateModified\":\"2025-03-28T12:34:40+00:00\",\"description\":\"Emulsionizer repuesto de filtro. 3 discos intercambiables con perforaciones de diferentes tama\u00f1os para obtener variedad de texturas; licuadas, cremosas.\",\"breadcrumb\":{\"@id\":\"https:\/\/emulsionizer.com\/es\/producto\/kit-de-discos-cbe\/#breadcrumb\"},\"inLanguage\":\"es\",\"potentialAction\":[{\"@type\":\"ReadAction\",\"target\":[\"https:\/\/emulsionizer.com\/es\/producto\/kit-de-discos-cbe\/\"]}]},{\"@type\":\"ImageObject\",\"inLanguage\":\"es\",\"@id\":\"https:\/\/emulsionizer.com\/es\/producto\/kit-de-discos-cbe\/#primaryimage\",\"url\":\"https:\/\/emulsionizer.com\/wp-content\/uploads\/2024\/01\/kit_cbe.png\",\"contentUrl\":\"https:\/\/emulsionizer.com\/wp-content\/uploads\/2024\/01\/kit_cbe.png\",\"width\":1080,\"height\":1080},{\"@type\":\"BreadcrumbList\",\"@id\":\"https:\/\/emulsionizer.com\/es\/producto\/kit-de-discos-cbe\/#breadcrumb\",\"itemListElement\":[{\"@type\":\"ListItem\",\"position\":1,\"name\":\"Home\",\"item\":\"https:\/\/emulsionizer.com\/es\/\"},{\"@type\":\"ListItem\",\"position\":2,\"name\":\"Shop\",\"item\":\"https:\/\/emulsionizer.com\/shop\/\"},{\"@type\":\"ListItem\",\"position\":3,\"name\":\"Kit de discos CBE\"}]},{\"@type\":\"WebSite\",\"@id\":\"https:\/\/emulsionizer.com\/#website\",\"url\":\"https:\/\/emulsionizer.com\/\",\"name\":\"Emulsionizer\",\"description\":\"The best kitchen utensils for gastronomic emulsions that works with a hand blender or mixer\",\"potentialAction\":[{\"@type\":\"SearchAction\",\"target\":{\"@type\":\"EntryPoint\",\"urlTemplate\":\"https:\/\/emulsionizer.com\/?s={search_term_string}\"},\"query-input\":{\"@type\":\"PropertyValueSpecification\",\"valueRequired\":true,\"valueName\":\"search_term_string\"}}],\"inLanguage\":\"es\"}]}<\/script>\n<!-- \/ Yoast SEO plugin. -->","yoast_head_json":{"title":"Kit de discos CBE - Emulsionizer","description":"Emulsionizer repuesto de filtro. 3 discos intercambiables con perforaciones de diferentes tama\u00f1os para obtener variedad de texturas; licuadas, cremosas.","robots":{"index":"index","follow":"follow","max-snippet":"max-snippet:-1","max-image-preview":"max-image-preview:large","max-video-preview":"max-video-preview:-1"},"canonical":"https:\/\/emulsionizer.com\/es\/producto\/kit-de-discos-cbe\/","og_locale":"es_ES","og_type":"article","og_title":"Kit de discos CBE - Emulsionizer","og_description":"Emulsionizer repuesto de filtro. 3 discos intercambiables con perforaciones de diferentes tama\u00f1os para obtener variedad de texturas; licuadas, cremosas.","og_url":"https:\/\/emulsionizer.com\/es\/producto\/kit-de-discos-cbe\/","og_site_name":"Emulsionizer","article_modified_time":"2025-03-28T12:34:40+00:00","og_image":[{"width":1080,"height":1080,"url":"https:\/\/emulsionizer.com\/wp-content\/uploads\/2024\/01\/kit_cbe.png","type":"image\/png"}],"twitter_card":"summary_large_image","schema":{"@context":"https:\/\/schema.org","@graph":[{"@type":"WebPage","@id":"https:\/\/emulsionizer.com\/es\/producto\/kit-de-discos-cbe\/","url":"https:\/\/emulsionizer.com\/es\/producto\/kit-de-discos-cbe\/","name":"Kit de discos CBE - Emulsionizer","isPartOf":{"@id":"https:\/\/emulsionizer.com\/#website"},"primaryImageOfPage":{"@id":"https:\/\/emulsionizer.com\/es\/producto\/kit-de-discos-cbe\/#primaryimage"},"image":{"@id":"https:\/\/emulsionizer.com\/es\/producto\/kit-de-discos-cbe\/#primaryimage"},"thumbnailUrl":"https:\/\/emulsionizer.com\/wp-content\/uploads\/2024\/01\/kit_cbe.png","datePublished":"2024-01-19T15:35:17+00:00","dateModified":"2025-03-28T12:34:40+00:00","description":"Emulsionizer repuesto de filtro. 3 discos intercambiables con perforaciones de diferentes tama\u00f1os para obtener variedad de texturas; licuadas, cremosas.","breadcrumb":{"@id":"https:\/\/emulsionizer.com\/es\/producto\/kit-de-discos-cbe\/#breadcrumb"},"inLanguage":"es","potentialAction":[{"@type":"ReadAction","target":["https:\/\/emulsionizer.com\/es\/producto\/kit-de-discos-cbe\/"]}]},{"@type":"ImageObject","inLanguage":"es","@id":"https:\/\/emulsionizer.com\/es\/producto\/kit-de-discos-cbe\/#primaryimage","url":"https:\/\/emulsionizer.com\/wp-content\/uploads\/2024\/01\/kit_cbe.png","contentUrl":"https:\/\/emulsionizer.com\/wp-content\/uploads\/2024\/01\/kit_cbe.png","width":1080,"height":1080},{"@type":"BreadcrumbList","@id":"https:\/\/emulsionizer.com\/es\/producto\/kit-de-discos-cbe\/#breadcrumb","itemListElement":[{"@type":"ListItem","position":1,"name":"Home","item":"https:\/\/emulsionizer.com\/es\/"},{"@type":"ListItem","position":2,"name":"Shop","item":"https:\/\/emulsionizer.com\/shop\/"},{"@type":"ListItem","position":3,"name":"Kit de discos CBE"}]},{"@type":"WebSite","@id":"https:\/\/emulsionizer.com\/#website","url":"https:\/\/emulsionizer.com\/","name":"Emulsionizer","description":"The best kitchen utensils for gastronomic emulsions that works with a hand blender or mixer","potentialAction":[{"@type":"SearchAction","target":{"@type":"EntryPoint","urlTemplate":"https:\/\/emulsionizer.com\/?s={search_term_string}"},"query-input":{"@type":"PropertyValueSpecification","valueRequired":true,"valueName":"search_term_string"}}],"inLanguage":"es"}]}},"_links":{"self":[{"href":"https:\/\/emulsionizer.com\/es\/wp-json\/wp\/v2\/product\/20838","targetHints":{"allow":["GET"]}}],"collection":[{"href":"https:\/\/emulsionizer.com\/es\/wp-json\/wp\/v2\/product"}],"about":[{"href":"https:\/\/emulsionizer.com\/es\/wp-json\/wp\/v2\/types\/product"}],"replies":[{"embeddable":true,"href":"https:\/\/emulsionizer.com\/es\/wp-json\/wp\/v2\/comments?post=20838"}],"wp:featuredmedia":[{"embeddable":true,"href":"https:\/\/emulsionizer.com\/es\/wp-json\/wp\/v2\/media\/20424"}],"wp:attachment":[{"href":"https:\/\/emulsionizer.com\/es\/wp-json\/wp\/v2\/media?parent=20838"}],"wp:term":[{"taxonomy":"product_brand","embeddable":true,"href":"https:\/\/emulsionizer.com\/es\/wp-json\/wp\/v2\/product_brand?post=20838"},{"taxonomy":"product_cat","embeddable":true,"href":"https:\/\/emulsionizer.com\/es\/wp-json\/wp\/v2\/product_cat?post=20838"},{"taxonomy":"product_tag","embeddable":true,"href":"https:\/\/emulsionizer.com\/es\/wp-json\/wp\/v2\/product_tag?post=20838"}],"curies":[{"name":"wp","href":"https:\/\/api.w.org\/{rel}","templated":true}]}}