{"id":20837,"date":"2023-12-29T12:48:27","date_gmt":"2023-12-29T11:48:27","guid":{"rendered":"https:\/\/emulsionizer.com\/producto\/emulsionizer-core\/"},"modified":"2025-04-11T11:29:59","modified_gmt":"2025-04-11T09:29:59","slug":"emulsionizer-core","status":"publish","type":"product","link":"https:\/\/emulsionizer.com\/es\/producto\/emulsionizer-core\/","title":{"rendered":"Emulsionizer Core"},"content":{"rendered":"<div class=\"video-shortcode\"><iframe title=\"EMULSIONIZER The Zero Waste Kitchen Secret Hero\" width=\"1350\" height=\"759\" src=\"https:\/\/www.youtube.com\/embed\/s3iLtuAwQhQ?feature=oembed\" frameborder=\"0\" allow=\"accelerometer; autoplay; clipboard-write; encrypted-media; gyroscope; picture-in-picture; web-share\" referrerpolicy=\"strict-origin-when-cross-origin\" allowfullscreen><\/iframe><\/div>\n<p>EMULSIONIZER\u00ae CORE es perfecto para preparar todo tipo de emulsiones gastron\u00f3micas, incluidas aquellas elaboradas a partir de desechos o residuos que normalmente tirar\u00edamos y que Emulsionizer\u00ae es capaz de transformar en deliciosas emulsiones. Entre otros:<\/p>\n<p>Gracias al sistema patentado Emulsionizer podemos transformar f\u00e1cilmente restos de comida en deliciosos platos; extrayendo la esencia de ra\u00edces, hierbas y semillas; sopas, vinagretas y salsas; espesando guisos y ampliando sabores, papillas y potitos, mezclas de caf\u00e9, etc.<\/p>\n<p>Versatilidad: El filtro EMULSIONIZER CORE se puede utilizar en cualquier recipiente de cocci\u00f3n. Utilizar un recipiente m\u00e1s alto y estrecho favorece el filtrado. El agua debe cubrir siempre los ingredientes utilizados. Tambi\u00e9n podemos ir agregando las materias primas poco a poco mientras vamos emulsionando con la batidora de mano.<\/p>\n<p>FICHA T\u00c9CNICA: El filtro de acero (AISI 304) y el mortero (madera procedente de bosques europeos sostenibles certificados), est\u00e1n fabricados con los mejores materiales del mercado y est\u00e1n libres de componentes t\u00f3xicos nocivos para la salud.<\/p>\n<p>DISCOS: Los discos intercambiables est\u00e1n fabricados en acero AISI 304. Dependiendo del disco que se utilice las emulsiones ser\u00e1n m\u00e1s espesas o m\u00e1s finas. Cuanto m\u00e1s grueso sea el disco de 1,0 mm, el de 0,5 mm, el de 0,3 mm y m\u00e1s delgado el disco &#8220;ciego&#8221; (no perforado).<\/p>\n<p>AGUA CALIENTE: La temperatura m\u00e1xima recomendada es de 100\u00ba (Celsius). Se puede utilizar en cualquier guiso que estemos cocinando incluso si est\u00e1 hirviendo.<\/p>\n<p>BATIDORA DE MANO: EMULSIONIZER\u00ae funciona con cualquier batidora de mano dom\u00e9stica o industrial con cabezal de <strong>6 a 6,5 \u200b\u200bcm de di\u00e1metro (NO INCLUIDO)<\/strong><\/p>\n","protected":false},"excerpt":{"rendered":"<p>Este filtro es la<strong> pieza central<\/strong> del emulsionizer (enlace de introducci\u00f3n).<\/p>\n<p>Se puede utilizar en diversas ollas, cazuelas, cacerolas o recipientes de cocina para realizar emulsiones gastron\u00f3micas: caldos, sopas, salsas, papillas, espesar guisos&#8230; Es una herramienta esencial para amantes de la comida, chefs y del estilo de cocina cero desperdicio.<\/p>\n<p><strong>Se compone de:<\/strong><\/p>\n<ul>\n<li>Filtro de acero inoxidable atornillable<\/li>\n<li>4 discos de acero inoxidable intercambiables (ciegos; 0,3mm; 0,5mm, 1,0mm).<\/li>\n<li>Mortero de madera<\/li>\n<\/ul>\n<p>Funciona con cualquier batidora de mano dom\u00e9stica o industrial con cabezal de <strong>6 a 6,5 \u200b\u200bcm de di\u00e1metro (NO INCLUIDA)<\/strong> <a class=\"continue\" href=\"https:\/\/emulsionizer.com\/es\/producto\/emulsionizer-core\/\">Continuar<span> Emulsionizer Core<\/span><\/a><\/p>\n","protected":false},"featured_media":21021,"comment_status":"open","ping_status":"closed","template":"","meta":[],"product_brand":[],"product_cat":[297],"product_tag":[301],"class_list":{"0":"post-20837","1":"product","2":"type-product","3":"status-publish","4":"has-post-thumbnail","6":"product_cat-emulsionizer-es","7":"product_tag-accesorios-emulsionizer","9":"first","10":"instock","11":"taxable","12":"shipping-taxable","13":"purchasable","14":"product-type-simple"},"yoast_head":"<!-- This site is optimized with the Yoast SEO plugin v26.4 - https:\/\/yoast.com\/wordpress\/plugins\/seo\/ -->\n<title>Emulsionizer Core - Emulsionizer<\/title>\n<meta name=\"description\" content=\"La pieza central del emulsionizer es este filtro. Se puede utilizar en varias ollas, cazuelas, cacerolas o recipientes de cocina para realizar emulsiones gastron\u00f3micas.\" \/>\n<meta name=\"robots\" content=\"index, follow, max-snippet:-1, max-image-preview:large, max-video-preview:-1\" \/>\n<link rel=\"canonical\" href=\"https:\/\/emulsionizer.com\/es\/producto\/emulsionizer-core\/\" \/>\n<meta property=\"og:locale\" content=\"es_ES\" \/>\n<meta property=\"og:type\" content=\"article\" \/>\n<meta property=\"og:title\" content=\"Emulsionizer Core - Emulsionizer\" \/>\n<meta property=\"og:description\" content=\"La pieza central del emulsionizer es este filtro. Se puede utilizar en varias ollas, cazuelas, cacerolas o recipientes de cocina para realizar emulsiones gastron\u00f3micas.\" \/>\n<meta property=\"og:url\" content=\"https:\/\/emulsionizer.com\/es\/producto\/emulsionizer-core\/\" \/>\n<meta property=\"og:site_name\" content=\"Emulsionizer\" \/>\n<meta property=\"article:modified_time\" content=\"2025-04-11T09:29:59+00:00\" \/>\n<meta property=\"og:image\" content=\"https:\/\/emulsionizer.com\/wp-content\/uploads\/2023\/12\/emz-core.png\" \/>\n\t<meta property=\"og:image:width\" content=\"1080\" \/>\n\t<meta property=\"og:image:height\" content=\"1080\" \/>\n\t<meta property=\"og:image:type\" content=\"image\/png\" \/>\n<meta name=\"twitter:card\" content=\"summary_large_image\" \/>\n<meta name=\"twitter:label1\" content=\"Tiempo de lectura\" \/>\n\t<meta name=\"twitter:data1\" content=\"1 minuto\" \/>\n<script type=\"application\/ld+json\" class=\"yoast-schema-graph\">{\"@context\":\"https:\/\/schema.org\",\"@graph\":[{\"@type\":\"WebPage\",\"@id\":\"https:\/\/emulsionizer.com\/es\/producto\/emulsionizer-core\/\",\"url\":\"https:\/\/emulsionizer.com\/es\/producto\/emulsionizer-core\/\",\"name\":\"Emulsionizer Core - Emulsionizer\",\"isPartOf\":{\"@id\":\"https:\/\/emulsionizer.com\/#website\"},\"primaryImageOfPage\":{\"@id\":\"https:\/\/emulsionizer.com\/es\/producto\/emulsionizer-core\/#primaryimage\"},\"image\":{\"@id\":\"https:\/\/emulsionizer.com\/es\/producto\/emulsionizer-core\/#primaryimage\"},\"thumbnailUrl\":\"https:\/\/emulsionizer.com\/wp-content\/uploads\/2023\/12\/emz-core.png\",\"datePublished\":\"2023-12-29T11:48:27+00:00\",\"dateModified\":\"2025-04-11T09:29:59+00:00\",\"description\":\"La pieza central del emulsionizer es este filtro. Se puede utilizar en varias ollas, cazuelas, cacerolas o recipientes de cocina para realizar emulsiones gastron\u00f3micas.\",\"breadcrumb\":{\"@id\":\"https:\/\/emulsionizer.com\/es\/producto\/emulsionizer-core\/#breadcrumb\"},\"inLanguage\":\"es\",\"potentialAction\":[{\"@type\":\"ReadAction\",\"target\":[\"https:\/\/emulsionizer.com\/es\/producto\/emulsionizer-core\/\"]}]},{\"@type\":\"ImageObject\",\"inLanguage\":\"es\",\"@id\":\"https:\/\/emulsionizer.com\/es\/producto\/emulsionizer-core\/#primaryimage\",\"url\":\"https:\/\/emulsionizer.com\/wp-content\/uploads\/2023\/12\/emz-core.png\",\"contentUrl\":\"https:\/\/emulsionizer.com\/wp-content\/uploads\/2023\/12\/emz-core.png\",\"width\":1080,\"height\":1080,\"caption\":\"Emulsionizer Core with 5 colander discs\"},{\"@type\":\"BreadcrumbList\",\"@id\":\"https:\/\/emulsionizer.com\/es\/producto\/emulsionizer-core\/#breadcrumb\",\"itemListElement\":[{\"@type\":\"ListItem\",\"position\":1,\"name\":\"Home\",\"item\":\"https:\/\/emulsionizer.com\/es\/\"},{\"@type\":\"ListItem\",\"position\":2,\"name\":\"Shop\",\"item\":\"https:\/\/emulsionizer.com\/shop\/\"},{\"@type\":\"ListItem\",\"position\":3,\"name\":\"Emulsionizer Core\"}]},{\"@type\":\"WebSite\",\"@id\":\"https:\/\/emulsionizer.com\/#website\",\"url\":\"https:\/\/emulsionizer.com\/\",\"name\":\"Emulsionizer\",\"description\":\"The best kitchen utensils for gastronomic emulsions that works with a hand blender or mixer\",\"potentialAction\":[{\"@type\":\"SearchAction\",\"target\":{\"@type\":\"EntryPoint\",\"urlTemplate\":\"https:\/\/emulsionizer.com\/?s={search_term_string}\"},\"query-input\":{\"@type\":\"PropertyValueSpecification\",\"valueRequired\":true,\"valueName\":\"search_term_string\"}}],\"inLanguage\":\"es\"}]}<\/script>\n<!-- \/ Yoast SEO plugin. -->","yoast_head_json":{"title":"Emulsionizer Core - Emulsionizer","description":"La pieza central del emulsionizer es este filtro. Se puede utilizar en varias ollas, cazuelas, cacerolas o recipientes de cocina para realizar emulsiones gastron\u00f3micas.","robots":{"index":"index","follow":"follow","max-snippet":"max-snippet:-1","max-image-preview":"max-image-preview:large","max-video-preview":"max-video-preview:-1"},"canonical":"https:\/\/emulsionizer.com\/es\/producto\/emulsionizer-core\/","og_locale":"es_ES","og_type":"article","og_title":"Emulsionizer Core - Emulsionizer","og_description":"La pieza central del emulsionizer es este filtro. Se puede utilizar en varias ollas, cazuelas, cacerolas o recipientes de cocina para realizar emulsiones gastron\u00f3micas.","og_url":"https:\/\/emulsionizer.com\/es\/producto\/emulsionizer-core\/","og_site_name":"Emulsionizer","article_modified_time":"2025-04-11T09:29:59+00:00","og_image":[{"width":1080,"height":1080,"url":"https:\/\/emulsionizer.com\/wp-content\/uploads\/2023\/12\/emz-core.png","type":"image\/png"}],"twitter_card":"summary_large_image","twitter_misc":{"Tiempo de lectura":"1 minuto"},"schema":{"@context":"https:\/\/schema.org","@graph":[{"@type":"WebPage","@id":"https:\/\/emulsionizer.com\/es\/producto\/emulsionizer-core\/","url":"https:\/\/emulsionizer.com\/es\/producto\/emulsionizer-core\/","name":"Emulsionizer Core - Emulsionizer","isPartOf":{"@id":"https:\/\/emulsionizer.com\/#website"},"primaryImageOfPage":{"@id":"https:\/\/emulsionizer.com\/es\/producto\/emulsionizer-core\/#primaryimage"},"image":{"@id":"https:\/\/emulsionizer.com\/es\/producto\/emulsionizer-core\/#primaryimage"},"thumbnailUrl":"https:\/\/emulsionizer.com\/wp-content\/uploads\/2023\/12\/emz-core.png","datePublished":"2023-12-29T11:48:27+00:00","dateModified":"2025-04-11T09:29:59+00:00","description":"La pieza central del emulsionizer es este filtro. Se puede utilizar en varias ollas, cazuelas, cacerolas o recipientes de cocina para realizar emulsiones gastron\u00f3micas.","breadcrumb":{"@id":"https:\/\/emulsionizer.com\/es\/producto\/emulsionizer-core\/#breadcrumb"},"inLanguage":"es","potentialAction":[{"@type":"ReadAction","target":["https:\/\/emulsionizer.com\/es\/producto\/emulsionizer-core\/"]}]},{"@type":"ImageObject","inLanguage":"es","@id":"https:\/\/emulsionizer.com\/es\/producto\/emulsionizer-core\/#primaryimage","url":"https:\/\/emulsionizer.com\/wp-content\/uploads\/2023\/12\/emz-core.png","contentUrl":"https:\/\/emulsionizer.com\/wp-content\/uploads\/2023\/12\/emz-core.png","width":1080,"height":1080,"caption":"Emulsionizer Core with 5 colander discs"},{"@type":"BreadcrumbList","@id":"https:\/\/emulsionizer.com\/es\/producto\/emulsionizer-core\/#breadcrumb","itemListElement":[{"@type":"ListItem","position":1,"name":"Home","item":"https:\/\/emulsionizer.com\/es\/"},{"@type":"ListItem","position":2,"name":"Shop","item":"https:\/\/emulsionizer.com\/shop\/"},{"@type":"ListItem","position":3,"name":"Emulsionizer Core"}]},{"@type":"WebSite","@id":"https:\/\/emulsionizer.com\/#website","url":"https:\/\/emulsionizer.com\/","name":"Emulsionizer","description":"The best kitchen utensils for gastronomic emulsions that works with a hand blender or mixer","potentialAction":[{"@type":"SearchAction","target":{"@type":"EntryPoint","urlTemplate":"https:\/\/emulsionizer.com\/?s={search_term_string}"},"query-input":{"@type":"PropertyValueSpecification","valueRequired":true,"valueName":"search_term_string"}}],"inLanguage":"es"}]}},"_links":{"self":[{"href":"https:\/\/emulsionizer.com\/es\/wp-json\/wp\/v2\/product\/20837","targetHints":{"allow":["GET"]}}],"collection":[{"href":"https:\/\/emulsionizer.com\/es\/wp-json\/wp\/v2\/product"}],"about":[{"href":"https:\/\/emulsionizer.com\/es\/wp-json\/wp\/v2\/types\/product"}],"replies":[{"embeddable":true,"href":"https:\/\/emulsionizer.com\/es\/wp-json\/wp\/v2\/comments?post=20837"}],"wp:featuredmedia":[{"embeddable":true,"href":"https:\/\/emulsionizer.com\/es\/wp-json\/wp\/v2\/media\/21021"}],"wp:attachment":[{"href":"https:\/\/emulsionizer.com\/es\/wp-json\/wp\/v2\/media?parent=20837"}],"wp:term":[{"taxonomy":"product_brand","embeddable":true,"href":"https:\/\/emulsionizer.com\/es\/wp-json\/wp\/v2\/product_brand?post=20837"},{"taxonomy":"product_cat","embeddable":true,"href":"https:\/\/emulsionizer.com\/es\/wp-json\/wp\/v2\/product_cat?post=20837"},{"taxonomy":"product_tag","embeddable":true,"href":"https:\/\/emulsionizer.com\/es\/wp-json\/wp\/v2\/product_tag?post=20837"}],"curies":[{"name":"wp","href":"https:\/\/api.w.org\/{rel}","templated":true}]}}