{"id":20836,"date":"2023-12-29T13:06:30","date_gmt":"2023-12-29T12:06:30","guid":{"rendered":"https:\/\/emulsionizer.com\/?post_type=product&#038;p=20836"},"modified":"2025-04-09T10:40:12","modified_gmt":"2025-04-09T08:40:12","slug":"emulsionizer-kit-de-discos","status":"publish","type":"product","link":"https:\/\/emulsionizer.com\/es\/producto\/emulsionizer-kit-de-discos\/","title":{"rendered":"EMULSIONIZER Kit de discos"},"content":{"rendered":"<p>Los discos intercambiables est\u00e1n fabricados en acero AISI 304. Dependiendo del disco que se utilice las emulsiones ser\u00e1n m\u00e1s espesas o m\u00e1s finas. Cuanto m\u00e1s grueso sea el disco de 1,0 mm, el de 0,5 mm, el de 0,3 mm y m\u00e1s fino el disco &#8220;ciego&#8221; (no perforado).<\/p>\n<p>AGUA CALIENTE: La temperatura m\u00e1xima recomendada es de 100\u00ba (Celsius). Se puede utilizar en cualquier guiso que estemos cocinando incluso si est\u00e1 hirviendo.<\/p>\n","protected":false},"excerpt":{"rendered":"<p><strong>Discos intercambiables<\/strong> de repuesto que encajan perfectamente en el filtro del Emulsionizer.<\/p>\n<p>Cada disco tiene perforaciones de diferentes tama\u00f1os para jugar con la variedad de texturas; licuadas, cremosas, etc.<\/p>\n<p>Los discos de acero inoxidable te durar\u00e1n toda la vida, pero si pierdes uno, no te preocupes, tienes este repuesto.<\/p>\n<p><strong>El kit de discos incluye:<\/strong><\/p>\n<ul>\n<li>4 discos de acero inoxidable intercambiables (ciegos; 0,3 mm; 0,5 mm; 1,0 mm)<\/li>\n<\/ul>\n<p> <a class=\"continue\" href=\"https:\/\/emulsionizer.com\/es\/producto\/emulsionizer-kit-de-discos\/\">Continuar<span> EMULSIONIZER Kit de discos<\/span><\/a><\/p>\n","protected":false},"featured_media":21019,"comment_status":"open","ping_status":"closed","template":"","meta":[],"product_brand":[],"product_cat":[297],"product_tag":[301],"class_list":{"0":"post-20836","1":"product","2":"type-product","3":"status-publish","4":"has-post-thumbnail","6":"product_cat-emulsionizer-es","7":"product_tag-accesorios-emulsionizer","9":"first","10":"instock","11":"taxable","12":"shipping-taxable","13":"purchasable","14":"product-type-simple"},"yoast_head":"<!-- This site is optimized with the Yoast SEO plugin v26.4 - https:\/\/yoast.com\/wordpress\/plugins\/seo\/ -->\n<title>EMULSIONIZER Kit de discos - Emulsionizer<\/title>\n<meta name=\"description\" content=\"Emulsionizer repuesto de filtro. 3 discos intercambiables con perforaciones de diferentes tama\u00f1os para obtener variedad de texturas; licuadas, cremosas.\" \/>\n<meta name=\"robots\" content=\"index, follow, max-snippet:-1, max-image-preview:large, max-video-preview:-1\" \/>\n<link rel=\"canonical\" href=\"https:\/\/emulsionizer.com\/es\/producto\/emulsionizer-kit-de-discos\/\" \/>\n<meta property=\"og:locale\" content=\"es_ES\" \/>\n<meta property=\"og:type\" content=\"article\" \/>\n<meta property=\"og:title\" content=\"EMULSIONIZER Kit de discos - Emulsionizer\" \/>\n<meta property=\"og:description\" content=\"Emulsionizer repuesto de filtro. 3 discos intercambiables con perforaciones de diferentes tama\u00f1os para obtener variedad de texturas; licuadas, cremosas.\" \/>\n<meta property=\"og:url\" content=\"https:\/\/emulsionizer.com\/es\/producto\/emulsionizer-kit-de-discos\/\" \/>\n<meta property=\"og:site_name\" content=\"Emulsionizer\" \/>\n<meta property=\"article:modified_time\" content=\"2025-04-09T08:40:12+00:00\" \/>\n<meta name=\"twitter:card\" content=\"summary_large_image\" \/>\n<script type=\"application\/ld+json\" class=\"yoast-schema-graph\">{\"@context\":\"https:\/\/schema.org\",\"@graph\":[{\"@type\":\"WebPage\",\"@id\":\"https:\/\/emulsionizer.com\/es\/producto\/emulsionizer-kit-de-discos\/\",\"url\":\"https:\/\/emulsionizer.com\/es\/producto\/emulsionizer-kit-de-discos\/\",\"name\":\"EMULSIONIZER Kit de discos - Emulsionizer\",\"isPartOf\":{\"@id\":\"https:\/\/emulsionizer.com\/#website\"},\"primaryImageOfPage\":{\"@id\":\"https:\/\/emulsionizer.com\/es\/producto\/emulsionizer-kit-de-discos\/#primaryimage\"},\"image\":{\"@id\":\"https:\/\/emulsionizer.com\/es\/producto\/emulsionizer-kit-de-discos\/#primaryimage\"},\"thumbnailUrl\":\"https:\/\/emulsionizer.com\/wp-content\/uploads\/2023\/12\/disc_kit_colanders.png\",\"datePublished\":\"2023-12-29T12:06:30+00:00\",\"dateModified\":\"2025-04-09T08:40:12+00:00\",\"description\":\"Emulsionizer repuesto de filtro. 3 discos intercambiables con perforaciones de diferentes tama\u00f1os para obtener variedad de texturas; licuadas, cremosas.\",\"breadcrumb\":{\"@id\":\"https:\/\/emulsionizer.com\/es\/producto\/emulsionizer-kit-de-discos\/#breadcrumb\"},\"inLanguage\":\"es\",\"potentialAction\":[{\"@type\":\"ReadAction\",\"target\":[\"https:\/\/emulsionizer.com\/es\/producto\/emulsionizer-kit-de-discos\/\"]}]},{\"@type\":\"ImageObject\",\"inLanguage\":\"es\",\"@id\":\"https:\/\/emulsionizer.com\/es\/producto\/emulsionizer-kit-de-discos\/#primaryimage\",\"url\":\"https:\/\/emulsionizer.com\/wp-content\/uploads\/2023\/12\/disc_kit_colanders.png\",\"contentUrl\":\"https:\/\/emulsionizer.com\/wp-content\/uploads\/2023\/12\/disc_kit_colanders.png\",\"width\":1080,\"height\":1080},{\"@type\":\"BreadcrumbList\",\"@id\":\"https:\/\/emulsionizer.com\/es\/producto\/emulsionizer-kit-de-discos\/#breadcrumb\",\"itemListElement\":[{\"@type\":\"ListItem\",\"position\":1,\"name\":\"Home\",\"item\":\"https:\/\/emulsionizer.com\/es\/\"},{\"@type\":\"ListItem\",\"position\":2,\"name\":\"Shop\",\"item\":\"https:\/\/emulsionizer.com\/shop\/\"},{\"@type\":\"ListItem\",\"position\":3,\"name\":\"EMULSIONIZER Kit de discos\"}]},{\"@type\":\"WebSite\",\"@id\":\"https:\/\/emulsionizer.com\/#website\",\"url\":\"https:\/\/emulsionizer.com\/\",\"name\":\"Emulsionizer\",\"description\":\"The best kitchen utensils for gastronomic emulsions that works with a hand blender or mixer\",\"potentialAction\":[{\"@type\":\"SearchAction\",\"target\":{\"@type\":\"EntryPoint\",\"urlTemplate\":\"https:\/\/emulsionizer.com\/?s={search_term_string}\"},\"query-input\":{\"@type\":\"PropertyValueSpecification\",\"valueRequired\":true,\"valueName\":\"search_term_string\"}}],\"inLanguage\":\"es\"}]}<\/script>\n<!-- \/ Yoast SEO plugin. -->","yoast_head_json":{"title":"EMULSIONIZER Kit de discos - Emulsionizer","description":"Emulsionizer repuesto de filtro. 3 discos intercambiables con perforaciones de diferentes tama\u00f1os para obtener variedad de texturas; licuadas, cremosas.","robots":{"index":"index","follow":"follow","max-snippet":"max-snippet:-1","max-image-preview":"max-image-preview:large","max-video-preview":"max-video-preview:-1"},"canonical":"https:\/\/emulsionizer.com\/es\/producto\/emulsionizer-kit-de-discos\/","og_locale":"es_ES","og_type":"article","og_title":"EMULSIONIZER Kit de discos - Emulsionizer","og_description":"Emulsionizer repuesto de filtro. 3 discos intercambiables con perforaciones de diferentes tama\u00f1os para obtener variedad de texturas; licuadas, cremosas.","og_url":"https:\/\/emulsionizer.com\/es\/producto\/emulsionizer-kit-de-discos\/","og_site_name":"Emulsionizer","article_modified_time":"2025-04-09T08:40:12+00:00","twitter_card":"summary_large_image","schema":{"@context":"https:\/\/schema.org","@graph":[{"@type":"WebPage","@id":"https:\/\/emulsionizer.com\/es\/producto\/emulsionizer-kit-de-discos\/","url":"https:\/\/emulsionizer.com\/es\/producto\/emulsionizer-kit-de-discos\/","name":"EMULSIONIZER Kit de discos - Emulsionizer","isPartOf":{"@id":"https:\/\/emulsionizer.com\/#website"},"primaryImageOfPage":{"@id":"https:\/\/emulsionizer.com\/es\/producto\/emulsionizer-kit-de-discos\/#primaryimage"},"image":{"@id":"https:\/\/emulsionizer.com\/es\/producto\/emulsionizer-kit-de-discos\/#primaryimage"},"thumbnailUrl":"https:\/\/emulsionizer.com\/wp-content\/uploads\/2023\/12\/disc_kit_colanders.png","datePublished":"2023-12-29T12:06:30+00:00","dateModified":"2025-04-09T08:40:12+00:00","description":"Emulsionizer repuesto de filtro. 3 discos intercambiables con perforaciones de diferentes tama\u00f1os para obtener variedad de texturas; licuadas, cremosas.","breadcrumb":{"@id":"https:\/\/emulsionizer.com\/es\/producto\/emulsionizer-kit-de-discos\/#breadcrumb"},"inLanguage":"es","potentialAction":[{"@type":"ReadAction","target":["https:\/\/emulsionizer.com\/es\/producto\/emulsionizer-kit-de-discos\/"]}]},{"@type":"ImageObject","inLanguage":"es","@id":"https:\/\/emulsionizer.com\/es\/producto\/emulsionizer-kit-de-discos\/#primaryimage","url":"https:\/\/emulsionizer.com\/wp-content\/uploads\/2023\/12\/disc_kit_colanders.png","contentUrl":"https:\/\/emulsionizer.com\/wp-content\/uploads\/2023\/12\/disc_kit_colanders.png","width":1080,"height":1080},{"@type":"BreadcrumbList","@id":"https:\/\/emulsionizer.com\/es\/producto\/emulsionizer-kit-de-discos\/#breadcrumb","itemListElement":[{"@type":"ListItem","position":1,"name":"Home","item":"https:\/\/emulsionizer.com\/es\/"},{"@type":"ListItem","position":2,"name":"Shop","item":"https:\/\/emulsionizer.com\/shop\/"},{"@type":"ListItem","position":3,"name":"EMULSIONIZER Kit de discos"}]},{"@type":"WebSite","@id":"https:\/\/emulsionizer.com\/#website","url":"https:\/\/emulsionizer.com\/","name":"Emulsionizer","description":"The best kitchen utensils for gastronomic emulsions that works with a hand blender or mixer","potentialAction":[{"@type":"SearchAction","target":{"@type":"EntryPoint","urlTemplate":"https:\/\/emulsionizer.com\/?s={search_term_string}"},"query-input":{"@type":"PropertyValueSpecification","valueRequired":true,"valueName":"search_term_string"}}],"inLanguage":"es"}]}},"_links":{"self":[{"href":"https:\/\/emulsionizer.com\/es\/wp-json\/wp\/v2\/product\/20836","targetHints":{"allow":["GET"]}}],"collection":[{"href":"https:\/\/emulsionizer.com\/es\/wp-json\/wp\/v2\/product"}],"about":[{"href":"https:\/\/emulsionizer.com\/es\/wp-json\/wp\/v2\/types\/product"}],"replies":[{"embeddable":true,"href":"https:\/\/emulsionizer.com\/es\/wp-json\/wp\/v2\/comments?post=20836"}],"wp:featuredmedia":[{"embeddable":true,"href":"https:\/\/emulsionizer.com\/es\/wp-json\/wp\/v2\/media\/21019"}],"wp:attachment":[{"href":"https:\/\/emulsionizer.com\/es\/wp-json\/wp\/v2\/media?parent=20836"}],"wp:term":[{"taxonomy":"product_brand","embeddable":true,"href":"https:\/\/emulsionizer.com\/es\/wp-json\/wp\/v2\/product_brand?post=20836"},{"taxonomy":"product_cat","embeddable":true,"href":"https:\/\/emulsionizer.com\/es\/wp-json\/wp\/v2\/product_cat?post=20836"},{"taxonomy":"product_tag","embeddable":true,"href":"https:\/\/emulsionizer.com\/es\/wp-json\/wp\/v2\/product_tag?post=20836"}],"curies":[{"name":"wp","href":"https:\/\/api.w.org\/{rel}","templated":true}]}}