{"id":20835,"date":"2023-12-29T13:23:13","date_gmt":"2023-12-29T12:23:13","guid":{"rendered":"https:\/\/emulsionizer.com\/producto\/cbe-essence-cafetera\/"},"modified":"2023-12-29T13:23:13","modified_gmt":"2023-12-29T12:23:13","slug":"cbe-essence-cafetera","status":"publish","type":"product","link":"https:\/\/emulsionizer.com\/es\/producto\/cbe-essence-cafetera\/","title":{"rendered":"CBE Essence cafetera"},"content":{"rendered":"<div class=\"video-shortcode\"><iframe title=\"CBE Coffee Brewing Explorer: immersion, pour over, cold brew and fantasy coffee\" width=\"1350\" height=\"759\" src=\"https:\/\/www.youtube.com\/embed\/pn5cFx9wGd8?feature=oembed\" frameborder=\"0\" allow=\"accelerometer; autoplay; clipboard-write; encrypted-media; gyroscope; picture-in-picture; web-share\" referrerpolicy=\"strict-origin-when-cross-origin\" allowfullscreen><\/iframe><\/div>\n<h1 style=\"text-align: center;\">CBE ESSENCE<\/h1>\n<h1 style=\"text-align: center;\">1 herramienta, 3 sistemas de extracci\u00f3n<\/h1>\n<p>SISTEMA 1: <a href=\"https:\/\/emulsionizer.com\/es\/cbe-coffee-brewing\/immersion\/\">INMERSI\u00d3N (Prensa Francesa)<br \/>\n<\/a>SISTEMA 2:<\/p>\n<p> <a href=\"https:\/\/emulsionizer.com\/es\/cbe-coffee-brewing\/cbe-baristaexplorer\/\">CBE (Coffee Brewing Explorer)<\/a><br \/>\nSISTEMA 3: <a href=\"https:\/\/emulsionizer.com\/es\/cbe-coffee-brewing\/cold-brew\/\">COLD BREW<\/a><\/p>\n<p>AGUA CALIENTE: La temperatura m\u00e1xima recomendada es de 92\u00ba (Celsius).<\/p>\n<p>DISCOS INTERCAMBIABLES: Est\u00e1n fabricados en acero AISI 304.<\/p>\n<ul>\n<li>El disco de 0,1 (100 micras) con la inscripci\u00f3n \u201cCAF\u00c9 MOLIDO\u201d es para los m\u00e9todos de extracci\u00f3n \u201cInmersi\u00f3n\u201d (Sistema 1) y \u201cCold Brew\u201d (Sistema 4).<\/li>\n<li>El disco de 0,3 (300 micras) con la inscripci\u00f3n \u201cOATS COFFEE BEANS NUTS\u201d es para el sistema de extracci\u00f3n \u201cCBE\u201d (Sistema 3) utilizando granos de caf\u00e9 o caf\u00e9 molido.<\/li>\n<li>El disco \u201cciego\u201d sin microperforaci\u00f3n se utiliza para la preparaci\u00f3n del t\u00e9 siguiendo los pasos del Sistema de Inmersi\u00f3n 1.<\/li>\n<\/ul>\n<p>POLIVALENCIA:<\/p>\n<p><img decoding=\"async\" id=\"longdesc-return-19500\" class=\"wp-image-19500 alignright\" tabindex=\"-1\" src=\"https:\/\/emulsionizer.com\/wp-content\/uploads\/2023\/12\/lechecazuela_copia-300x300.jpg\" alt=\"Leche cazuela Copia\" width=\"256\" height=\"256\" longdesc=\"https:\/\/emulsionizer.com?longdesc=19500&amp;referrer=18744\" srcset=\"https:\/\/emulsionizer.com\/wp-content\/uploads\/2023\/12\/lechecazuela_copia-64x64.jpg 64w, https:\/\/emulsionizer.com\/wp-content\/uploads\/2023\/12\/lechecazuela_copia-66x66.jpg 66w, https:\/\/emulsionizer.com\/wp-content\/uploads\/2023\/12\/lechecazuela_copia-100x100.jpg 100w, https:\/\/emulsionizer.com\/wp-content\/uploads\/2023\/12\/lechecazuela_copia-150x150.jpg 150w, https:\/\/emulsionizer.com\/wp-content\/uploads\/2023\/12\/lechecazuela_copia-200x200.jpg 200w, https:\/\/emulsionizer.com\/wp-content\/uploads\/2023\/12\/lechecazuela_copia-300x300.jpg 300w, https:\/\/emulsionizer.com\/wp-content\/uploads\/2023\/12\/lechecazuela_copia-400x400.jpg 400w, https:\/\/emulsionizer.com\/wp-content\/uploads\/2023\/12\/lechecazuela_copia-500x500.jpg 500w, https:\/\/emulsionizer.com\/wp-content\/uploads\/2023\/12\/lechecazuela_copia-600x600.jpg 600w, https:\/\/emulsionizer.com\/wp-content\/uploads\/2023\/12\/lechecazuela_copia-700x700.jpg 700w, https:\/\/emulsionizer.com\/wp-content\/uploads\/2023\/12\/lechecazuela_copia-768x768.jpg 768w, https:\/\/emulsionizer.com\/wp-content\/uploads\/2023\/12\/lechecazuela_copia-800x800.jpg 800w, https:\/\/emulsionizer.com\/wp-content\/uploads\/2023\/12\/lechecazuela_copia-1024x1024.jpg 1024w, https:\/\/emulsionizer.com\/wp-content\/uploads\/2023\/12\/lechecazuela_copia-1200x1200.jpg 1200w, https:\/\/emulsionizer.com\/wp-content\/uploads\/2023\/12\/lechecazuela_copia-1536x1536.jpg 1536w\" sizes=\"(max-width: 256px) 100vw, 256px\" \/><\/p>\n<p>El filtro CBE ESSENCE se puede usar en cualquier recipiente de cocina. Usar un recipiente m\u00e1s alto y estrecho facilita el filtrado. El agua debe cubrir siempre todos los ingredientes utilizados. Tambi\u00e9n podemos ir agregando las materias primas poco a poco mientras vamos emulsionando con la batidora de mano.<\/p>\n<p>CBE ESSENCE tiene 3 a\u00f1os de garant\u00eda<\/p>\n","protected":false},"excerpt":{"rendered":"<p>CBE Essence consigue las mismas funcionalidades que el CBE principal pero<strong> no incluye el accesorio Pour Over (HARIO V60).<\/strong><\/p>\n<p><strong>Se compone de:<\/strong><\/p>\n<ul>\n<li>Filtro de pl\u00e1stico enroscable con malla de acero inoxidable<\/li>\n<li>3 discos intercambiables de acero inoxidable (ciegos; 0,1 mm; 0,3 mm)<\/li>\n<li>Mortero de pl\u00e1stico<\/li>\n<li>Tarro de borosilicato resistente al calor y tapa de bamb\u00fa.<\/li>\n<li>Receta QR<\/li>\n<\/ul>\n<p> <a class=\"continue\" href=\"https:\/\/emulsionizer.com\/es\/producto\/cbe-essence-cafetera\/\">Continuar<span> CBE Essence cafetera<\/span><\/a><\/p>\n","protected":false},"featured_media":20412,"comment_status":"open","ping_status":"closed","template":"","meta":[],"product_brand":[],"product_cat":[299],"product_tag":[300],"class_list":{"0":"post-20835","1":"product","2":"type-product","3":"status-publish","4":"has-post-thumbnail","6":"product_cat-cbe-es","7":"product_tag-cbe-accesorios","9":"first","10":"instock","11":"taxable","12":"shipping-taxable","13":"purchasable","14":"product-type-simple"},"yoast_head":"<!-- This site is optimized with the Yoast SEO plugin v26.4 - https:\/\/yoast.com\/wordpress\/plugins\/seo\/ -->\n<title>CBE Essence cafetera - Emulsionizer<\/title>\n<meta name=\"description\" content=\"CBE Essence logra las mismas funcionalidades para la preparaci\u00f3n de caf\u00e9 que el filtro principal CBE pero no incluye el accesorio Pour Over (HARIO V60)\" \/>\n<meta name=\"robots\" content=\"index, follow, max-snippet:-1, max-image-preview:large, max-video-preview:-1\" \/>\n<link rel=\"canonical\" href=\"https:\/\/emulsionizer.com\/es\/producto\/cbe-essence-cafetera\/\" \/>\n<meta property=\"og:locale\" content=\"es_ES\" \/>\n<meta property=\"og:type\" content=\"article\" \/>\n<meta property=\"og:title\" content=\"CBE Essence cafetera - Emulsionizer\" \/>\n<meta property=\"og:description\" content=\"CBE Essence logra las mismas funcionalidades para la preparaci\u00f3n de caf\u00e9 que el filtro principal CBE pero no incluye el accesorio Pour Over (HARIO V60)\" \/>\n<meta property=\"og:url\" content=\"https:\/\/emulsionizer.com\/es\/producto\/cbe-essence-cafetera\/\" \/>\n<meta property=\"og:site_name\" content=\"Emulsionizer\" \/>\n<meta property=\"og:image\" content=\"https:\/\/emulsionizer.com\/wp-content\/uploads\/2023\/12\/cbessence_portada.png\" \/>\n\t<meta property=\"og:image:width\" content=\"1080\" \/>\n\t<meta property=\"og:image:height\" content=\"1080\" \/>\n\t<meta property=\"og:image:type\" content=\"image\/png\" \/>\n<meta name=\"twitter:card\" content=\"summary_large_image\" \/>\n<meta name=\"twitter:label1\" content=\"Tiempo de lectura\" \/>\n\t<meta name=\"twitter:data1\" content=\"1 minuto\" \/>\n<script type=\"application\/ld+json\" class=\"yoast-schema-graph\">{\"@context\":\"https:\/\/schema.org\",\"@graph\":[{\"@type\":\"WebPage\",\"@id\":\"https:\/\/emulsionizer.com\/es\/producto\/cbe-essence-cafetera\/\",\"url\":\"https:\/\/emulsionizer.com\/es\/producto\/cbe-essence-cafetera\/\",\"name\":\"CBE Essence cafetera - Emulsionizer\",\"isPartOf\":{\"@id\":\"https:\/\/emulsionizer.com\/#website\"},\"primaryImageOfPage\":{\"@id\":\"https:\/\/emulsionizer.com\/es\/producto\/cbe-essence-cafetera\/#primaryimage\"},\"image\":{\"@id\":\"https:\/\/emulsionizer.com\/es\/producto\/cbe-essence-cafetera\/#primaryimage\"},\"thumbnailUrl\":\"https:\/\/emulsionizer.com\/wp-content\/uploads\/2023\/12\/cbessence_portada.png\",\"datePublished\":\"2023-12-29T12:23:13+00:00\",\"description\":\"CBE Essence logra las mismas funcionalidades para la preparaci\u00f3n de caf\u00e9 que el filtro principal CBE pero no incluye el accesorio Pour Over (HARIO V60)\",\"breadcrumb\":{\"@id\":\"https:\/\/emulsionizer.com\/es\/producto\/cbe-essence-cafetera\/#breadcrumb\"},\"inLanguage\":\"es\",\"potentialAction\":[{\"@type\":\"ReadAction\",\"target\":[\"https:\/\/emulsionizer.com\/es\/producto\/cbe-essence-cafetera\/\"]}]},{\"@type\":\"ImageObject\",\"inLanguage\":\"es\",\"@id\":\"https:\/\/emulsionizer.com\/es\/producto\/cbe-essence-cafetera\/#primaryimage\",\"url\":\"https:\/\/emulsionizer.com\/wp-content\/uploads\/2023\/12\/cbessence_portada.png\",\"contentUrl\":\"https:\/\/emulsionizer.com\/wp-content\/uploads\/2023\/12\/cbessence_portada.png\",\"width\":1080,\"height\":1080},{\"@type\":\"BreadcrumbList\",\"@id\":\"https:\/\/emulsionizer.com\/es\/producto\/cbe-essence-cafetera\/#breadcrumb\",\"itemListElement\":[{\"@type\":\"ListItem\",\"position\":1,\"name\":\"Home\",\"item\":\"https:\/\/emulsionizer.com\/es\/\"},{\"@type\":\"ListItem\",\"position\":2,\"name\":\"Shop\",\"item\":\"https:\/\/emulsionizer.com\/shop\/\"},{\"@type\":\"ListItem\",\"position\":3,\"name\":\"CBE Essence cafetera\"}]},{\"@type\":\"WebSite\",\"@id\":\"https:\/\/emulsionizer.com\/#website\",\"url\":\"https:\/\/emulsionizer.com\/\",\"name\":\"Emulsionizer\",\"description\":\"The best kitchen utensils for gastronomic emulsions that works with a hand blender or mixer\",\"potentialAction\":[{\"@type\":\"SearchAction\",\"target\":{\"@type\":\"EntryPoint\",\"urlTemplate\":\"https:\/\/emulsionizer.com\/?s={search_term_string}\"},\"query-input\":{\"@type\":\"PropertyValueSpecification\",\"valueRequired\":true,\"valueName\":\"search_term_string\"}}],\"inLanguage\":\"es\"}]}<\/script>\n<!-- \/ Yoast SEO plugin. -->","yoast_head_json":{"title":"CBE Essence cafetera - Emulsionizer","description":"CBE Essence logra las mismas funcionalidades para la preparaci\u00f3n de caf\u00e9 que el filtro principal CBE pero no incluye el accesorio Pour Over (HARIO V60)","robots":{"index":"index","follow":"follow","max-snippet":"max-snippet:-1","max-image-preview":"max-image-preview:large","max-video-preview":"max-video-preview:-1"},"canonical":"https:\/\/emulsionizer.com\/es\/producto\/cbe-essence-cafetera\/","og_locale":"es_ES","og_type":"article","og_title":"CBE Essence cafetera - Emulsionizer","og_description":"CBE Essence logra las mismas funcionalidades para la preparaci\u00f3n de caf\u00e9 que el filtro principal CBE pero no incluye el accesorio Pour Over (HARIO V60)","og_url":"https:\/\/emulsionizer.com\/es\/producto\/cbe-essence-cafetera\/","og_site_name":"Emulsionizer","og_image":[{"width":1080,"height":1080,"url":"https:\/\/emulsionizer.com\/wp-content\/uploads\/2023\/12\/cbessence_portada.png","type":"image\/png"}],"twitter_card":"summary_large_image","twitter_misc":{"Tiempo de lectura":"1 minuto"},"schema":{"@context":"https:\/\/schema.org","@graph":[{"@type":"WebPage","@id":"https:\/\/emulsionizer.com\/es\/producto\/cbe-essence-cafetera\/","url":"https:\/\/emulsionizer.com\/es\/producto\/cbe-essence-cafetera\/","name":"CBE Essence cafetera - Emulsionizer","isPartOf":{"@id":"https:\/\/emulsionizer.com\/#website"},"primaryImageOfPage":{"@id":"https:\/\/emulsionizer.com\/es\/producto\/cbe-essence-cafetera\/#primaryimage"},"image":{"@id":"https:\/\/emulsionizer.com\/es\/producto\/cbe-essence-cafetera\/#primaryimage"},"thumbnailUrl":"https:\/\/emulsionizer.com\/wp-content\/uploads\/2023\/12\/cbessence_portada.png","datePublished":"2023-12-29T12:23:13+00:00","description":"CBE Essence logra las mismas funcionalidades para la preparaci\u00f3n de caf\u00e9 que el filtro principal CBE pero no incluye el accesorio Pour Over (HARIO V60)","breadcrumb":{"@id":"https:\/\/emulsionizer.com\/es\/producto\/cbe-essence-cafetera\/#breadcrumb"},"inLanguage":"es","potentialAction":[{"@type":"ReadAction","target":["https:\/\/emulsionizer.com\/es\/producto\/cbe-essence-cafetera\/"]}]},{"@type":"ImageObject","inLanguage":"es","@id":"https:\/\/emulsionizer.com\/es\/producto\/cbe-essence-cafetera\/#primaryimage","url":"https:\/\/emulsionizer.com\/wp-content\/uploads\/2023\/12\/cbessence_portada.png","contentUrl":"https:\/\/emulsionizer.com\/wp-content\/uploads\/2023\/12\/cbessence_portada.png","width":1080,"height":1080},{"@type":"BreadcrumbList","@id":"https:\/\/emulsionizer.com\/es\/producto\/cbe-essence-cafetera\/#breadcrumb","itemListElement":[{"@type":"ListItem","position":1,"name":"Home","item":"https:\/\/emulsionizer.com\/es\/"},{"@type":"ListItem","position":2,"name":"Shop","item":"https:\/\/emulsionizer.com\/shop\/"},{"@type":"ListItem","position":3,"name":"CBE Essence cafetera"}]},{"@type":"WebSite","@id":"https:\/\/emulsionizer.com\/#website","url":"https:\/\/emulsionizer.com\/","name":"Emulsionizer","description":"The best kitchen utensils for gastronomic emulsions that works with a hand blender or mixer","potentialAction":[{"@type":"SearchAction","target":{"@type":"EntryPoint","urlTemplate":"https:\/\/emulsionizer.com\/?s={search_term_string}"},"query-input":{"@type":"PropertyValueSpecification","valueRequired":true,"valueName":"search_term_string"}}],"inLanguage":"es"}]}},"_links":{"self":[{"href":"https:\/\/emulsionizer.com\/es\/wp-json\/wp\/v2\/product\/20835","targetHints":{"allow":["GET"]}}],"collection":[{"href":"https:\/\/emulsionizer.com\/es\/wp-json\/wp\/v2\/product"}],"about":[{"href":"https:\/\/emulsionizer.com\/es\/wp-json\/wp\/v2\/types\/product"}],"replies":[{"embeddable":true,"href":"https:\/\/emulsionizer.com\/es\/wp-json\/wp\/v2\/comments?post=20835"}],"wp:featuredmedia":[{"embeddable":true,"href":"https:\/\/emulsionizer.com\/es\/wp-json\/wp\/v2\/media\/20412"}],"wp:attachment":[{"href":"https:\/\/emulsionizer.com\/es\/wp-json\/wp\/v2\/media?parent=20835"}],"wp:term":[{"taxonomy":"product_brand","embeddable":true,"href":"https:\/\/emulsionizer.com\/es\/wp-json\/wp\/v2\/product_brand?post=20835"},{"taxonomy":"product_cat","embeddable":true,"href":"https:\/\/emulsionizer.com\/es\/wp-json\/wp\/v2\/product_cat?post=20835"},{"taxonomy":"product_tag","embeddable":true,"href":"https:\/\/emulsionizer.com\/es\/wp-json\/wp\/v2\/product_tag?post=20835"}],"curies":[{"name":"wp","href":"https:\/\/api.w.org\/{rel}","templated":true}]}}