{"id":20834,"date":"2023-12-30T09:26:36","date_gmt":"2023-12-30T08:26:36","guid":{"rendered":"https:\/\/emulsionizer.com\/producto\/cbe-premium-cafetera\/"},"modified":"2023-12-30T09:26:36","modified_gmt":"2023-12-30T08:26:36","slug":"cbe-premium-cafetera","status":"publish","type":"product","link":"https:\/\/emulsionizer.com\/es\/producto\/cbe-premium-cafetera\/","title":{"rendered":"CBE Premium cafetera"},"content":{"rendered":"<div class=\"video-shortcode\"><iframe title=\"Unboxing CBE Premium\" width=\"1350\" height=\"759\" src=\"https:\/\/www.youtube.com\/embed\/XvQch-MgqMk?feature=oembed\" frameborder=\"0\" allow=\"accelerometer; autoplay; clipboard-write; encrypted-media; gyroscope; picture-in-picture; web-share\" referrerpolicy=\"strict-origin-when-cross-origin\" allowfullscreen><\/iframe><\/div>\n<h1 style=\"text-align: center;\">CBE\u00ae PREMIUM<\/h1>\n<h1 style=\"text-align: center;\">1 herramienta, 4 sistemas de extracci\u00f3n<\/h1>\n<p><img decoding=\"async\" id=\"longdesc-return-19498\" class=\"wp-image-19498 size-large\" tabindex=\"-1\" src=\"https:\/\/emulsionizer.com\/wp-content\/uploads\/2023\/12\/cbepremium4system-1024x341.png\" alt=\"Cbe premium 4 SISTEMAS DE CAFETERA\" width=\"1024\" height=\"341\" longdesc=\"https:\/\/emulsionizer.com?longdesc=19498&amp;referrer=18584\" srcset=\"https:\/\/emulsionizer.com\/wp-content\/uploads\/2023\/12\/cbepremium4system-64x21.png 64w, https:\/\/emulsionizer.com\/wp-content\/uploads\/2023\/12\/cbepremium4system-200x67.png 200w, https:\/\/emulsionizer.com\/wp-content\/uploads\/2023\/12\/cbepremium4system-300x100.png 300w, https:\/\/emulsionizer.com\/wp-content\/uploads\/2023\/12\/cbepremium4system-400x133.png 400w, https:\/\/emulsionizer.com\/wp-content\/uploads\/2023\/12\/cbepremium4system-500x167.png 500w, https:\/\/emulsionizer.com\/wp-content\/uploads\/2023\/12\/cbepremium4system-600x200.png 600w, https:\/\/emulsionizer.com\/wp-content\/uploads\/2023\/12\/cbepremium4system-700x233.png 700w, https:\/\/emulsionizer.com\/wp-content\/uploads\/2023\/12\/cbepremium4system-768x256.png 768w, https:\/\/emulsionizer.com\/wp-content\/uploads\/2023\/12\/cbepremium4system-800x267.png 800w, https:\/\/emulsionizer.com\/wp-content\/uploads\/2023\/12\/cbepremium4system-1024x341.png 1024w, https:\/\/emulsionizer.com\/wp-content\/uploads\/2023\/12\/cbepremium4system-1200x400.png 1200w, https:\/\/emulsionizer.com\/wp-content\/uploads\/2023\/12\/cbepremium4system-1536x512.png 1536w\" sizes=\"(max-width: 1024px) 100vw, 1024px\" \/><\/p>\n<p>SISTEMA 1: <a href=\"https:\/\/emulsionizer.com\/es\/cbe-coffee-brewing\/immersion\/\">INMERSI\u00d3N (Prensa Francesa)<br \/>\n<\/a>SISTEMA 2: <a href=\"https:\/\/emulsionizer.com\/es\/cbe-coffee-brewing\/pour-over\/\">VERTIR ENCIMA<br \/>\n<\/a>SISTEMA 3: <a href=\"https:\/\/emulsionizer.com\/es\/cbe-coffee-brewing\/cbe-baristaexplorer\/\">CBE (Combinaciones de caf\u00e9)<\/a><br \/>\nSISTEMA 4: <a href=\"https:\/\/emulsionizer.com\/es\/cbe-coffee-brewing\/cold-brew\/\">COLD BREW<\/a><\/p>\n<p>AGUA CALIENTE: La temperatura m\u00e1xima recomendada es de 92\u00ba (Celsius).<\/p>\n<p>DISCOS INTERCAMBIABLES: Est\u00e1n fabricados en acero AISI 304.<\/p>\n<p>El disco de 0.1 (100 micras) con la inscripci\u00f3n &#8220;GROUND COFFEE&#8221; (CAF\u00c9 MOLIDO) es para los m\u00e9todos de extracci\u00f3n &#8220;Inmersi\u00f3n&#8221; (Sistema 1) y &#8220;Cold Brew&#8221; (Sistema 4).<br \/>\nEl disco de 0.3 (300 micras) con la inscripci\u00f3n &#8220;OATS COFFEE BEANS NUTS&#8221; (AVENA, CAF\u00c9, GRANOS, FRUTOS SECOS) es para el sistema de extracci\u00f3n &#8220;CBE&#8221; (Sistema 3) con caf\u00e9 en grano o molido.<br \/>\nEl disco ciego sin microperforaci\u00f3n se utiliza para la preparaci\u00f3n de t\u00e9 siguiendo los pasos del Sistema de Inmersi\u00f3n 1.<\/p>\n<p><img decoding=\"async\" id=\"longdesc-return-19500\" class=\" wp-image-19500 alignright\" tabindex=\"-1\" src=\"https:\/\/emulsionizer.com\/wp-content\/uploads\/2023\/12\/lechecazuela_copia-300x300.jpg\" alt=\"Leche cazuela Copia\" width=\"174\" height=\"174\" longdesc=\"https:\/\/emulsionizer.com?longdesc=19500&amp;referrer=18584\" srcset=\"https:\/\/emulsionizer.com\/wp-content\/uploads\/2023\/12\/lechecazuela_copia-64x64.jpg 64w, https:\/\/emulsionizer.com\/wp-content\/uploads\/2023\/12\/lechecazuela_copia-66x66.jpg 66w, https:\/\/emulsionizer.com\/wp-content\/uploads\/2023\/12\/lechecazuela_copia-100x100.jpg 100w, https:\/\/emulsionizer.com\/wp-content\/uploads\/2023\/12\/lechecazuela_copia-150x150.jpg 150w, https:\/\/emulsionizer.com\/wp-content\/uploads\/2023\/12\/lechecazuela_copia-200x200.jpg 200w, https:\/\/emulsionizer.com\/wp-content\/uploads\/2023\/12\/lechecazuela_copia-300x300.jpg 300w, https:\/\/emulsionizer.com\/wp-content\/uploads\/2023\/12\/lechecazuela_copia-400x400.jpg 400w, https:\/\/emulsionizer.com\/wp-content\/uploads\/2023\/12\/lechecazuela_copia-500x500.jpg 500w, https:\/\/emulsionizer.com\/wp-content\/uploads\/2023\/12\/lechecazuela_copia-600x600.jpg 600w, https:\/\/emulsionizer.com\/wp-content\/uploads\/2023\/12\/lechecazuela_copia-700x700.jpg 700w, https:\/\/emulsionizer.com\/wp-content\/uploads\/2023\/12\/lechecazuela_copia-768x768.jpg 768w, https:\/\/emulsionizer.com\/wp-content\/uploads\/2023\/12\/lechecazuela_copia-800x800.jpg 800w, https:\/\/emulsionizer.com\/wp-content\/uploads\/2023\/12\/lechecazuela_copia-1024x1024.jpg 1024w, https:\/\/emulsionizer.com\/wp-content\/uploads\/2023\/12\/lechecazuela_copia-1200x1200.jpg 1200w, https:\/\/emulsionizer.com\/wp-content\/uploads\/2023\/12\/lechecazuela_copia-1536x1536.jpg 1536w\" sizes=\"(max-width: 174px) 100vw, 174px\" \/><\/p>\n<p>POLIVALENCIA: El filtro CBE\u00ae se puede utilizar en cualquier recipiente de cocina. Usar un recipiente m\u00e1s alto y estrecho facilita el filtrado. El agua debe cubrir siempre todos los ingredientes utilizados. Tambi\u00e9n podemos ir agregando las materias primas poco a poco mientras vamos emulsionando con la batidora de mano.<\/p>\n<p>CBE tiene 3 a\u00f1os de garant\u00eda.<\/p>\n<p>Para cualquier consulta cont\u00e1ctanos por la web, \u00a1siempre respondemos!<\/p>\n","protected":false},"excerpt":{"rendered":"<p>CBE es una ingeniosa cafetera. Permite <strong>realizar caf\u00e9<\/strong> con 4 sistemas de extracci\u00f3n: <strong>inmersi\u00f3n, vertir encima, cold brew y CBE o Coffee Been Emulsionizer.<\/strong><\/p>\n<p><strong>Se compone de:<\/strong><\/p>\n<ul>\n<li>Filtro de pl\u00e1stico enroscable con malla de acero inoxidable.<\/li>\n<li>3 discos de acero inoxidable (ciegos; 0,1 mm; 0,3 mm)<\/li>\n<li>Mortero de pl\u00e1stico<\/li>\n<li>Tarro de borosilicato resistente al calor con tapa de bamb\u00fa<\/li>\n<li>HARIO V60 pour over<\/li>\n<li>O&#8217;grindy accesorio de amoladora<\/li>\n<li>Cepillo cero residuos<\/li>\n<li>Maleta protectora<\/li>\n<li>Recipe QR<\/li>\n<\/ul>\n<p> <a class=\"continue\" href=\"https:\/\/emulsionizer.com\/es\/producto\/cbe-premium-cafetera\/\">Continuar<span> CBE Premium cafetera<\/span><\/a><\/p>\n","protected":false},"featured_media":20450,"comment_status":"open","ping_status":"closed","template":"","meta":[],"product_brand":[],"product_cat":[299],"product_tag":[],"class_list":{"0":"post-20834","1":"product","2":"type-product","3":"status-publish","4":"has-post-thumbnail","6":"product_cat-cbe-es","8":"first","9":"instock","10":"taxable","11":"shipping-taxable","12":"purchasable","13":"product-type-simple"},"yoast_head":"<!-- This site is optimized with the Yoast SEO plugin v26.4 - https:\/\/yoast.com\/wordpress\/plugins\/seo\/ -->\n<title>CBE Premium cafetera - Emulsionizer<\/title>\n<meta name=\"description\" content=\"CBE es una ingeniosa cafetera. Permite realizar caf\u00e9 con 4 sistemas de extracci\u00f3n: inmersi\u00f3n, vertir encima, cold brew y CBE o Coffee Been Emulsionizer.\" \/>\n<meta name=\"robots\" content=\"index, follow, max-snippet:-1, max-image-preview:large, max-video-preview:-1\" \/>\n<link rel=\"canonical\" href=\"https:\/\/emulsionizer.com\/es\/producto\/cbe-premium-cafetera\/\" \/>\n<meta property=\"og:locale\" content=\"es_ES\" \/>\n<meta property=\"og:type\" content=\"article\" \/>\n<meta property=\"og:title\" content=\"CBE Premium cafetera - Emulsionizer\" \/>\n<meta property=\"og:description\" content=\"CBE es una ingeniosa cafetera. Permite realizar caf\u00e9 con 4 sistemas de extracci\u00f3n: inmersi\u00f3n, vertir encima, cold brew y CBE o Coffee Been Emulsionizer.\" \/>\n<meta property=\"og:url\" content=\"https:\/\/emulsionizer.com\/es\/producto\/cbe-premium-cafetera\/\" \/>\n<meta property=\"og:site_name\" content=\"Emulsionizer\" \/>\n<meta property=\"og:image\" content=\"https:\/\/emulsionizer.com\/wp-content\/uploads\/2023\/12\/CBESustainable.png\" \/>\n\t<meta property=\"og:image:width\" content=\"1080\" \/>\n\t<meta property=\"og:image:height\" content=\"1080\" \/>\n\t<meta property=\"og:image:type\" content=\"image\/png\" \/>\n<meta name=\"twitter:card\" content=\"summary_large_image\" \/>\n<meta name=\"twitter:label1\" content=\"Tiempo de lectura\" \/>\n\t<meta name=\"twitter:data1\" content=\"1 minuto\" \/>\n<script type=\"application\/ld+json\" class=\"yoast-schema-graph\">{\"@context\":\"https:\/\/schema.org\",\"@graph\":[{\"@type\":\"WebPage\",\"@id\":\"https:\/\/emulsionizer.com\/es\/producto\/cbe-premium-cafetera\/\",\"url\":\"https:\/\/emulsionizer.com\/es\/producto\/cbe-premium-cafetera\/\",\"name\":\"CBE Premium cafetera - Emulsionizer\",\"isPartOf\":{\"@id\":\"https:\/\/emulsionizer.com\/#website\"},\"primaryImageOfPage\":{\"@id\":\"https:\/\/emulsionizer.com\/es\/producto\/cbe-premium-cafetera\/#primaryimage\"},\"image\":{\"@id\":\"https:\/\/emulsionizer.com\/es\/producto\/cbe-premium-cafetera\/#primaryimage\"},\"thumbnailUrl\":\"https:\/\/emulsionizer.com\/wp-content\/uploads\/2023\/12\/CBESustainable.png\",\"datePublished\":\"2023-12-30T08:26:36+00:00\",\"description\":\"CBE es una ingeniosa cafetera. Permite realizar caf\u00e9 con 4 sistemas de extracci\u00f3n: inmersi\u00f3n, vertir encima, cold brew y CBE o Coffee Been Emulsionizer.\",\"breadcrumb\":{\"@id\":\"https:\/\/emulsionizer.com\/es\/producto\/cbe-premium-cafetera\/#breadcrumb\"},\"inLanguage\":\"es\",\"potentialAction\":[{\"@type\":\"ReadAction\",\"target\":[\"https:\/\/emulsionizer.com\/es\/producto\/cbe-premium-cafetera\/\"]}]},{\"@type\":\"ImageObject\",\"inLanguage\":\"es\",\"@id\":\"https:\/\/emulsionizer.com\/es\/producto\/cbe-premium-cafetera\/#primaryimage\",\"url\":\"https:\/\/emulsionizer.com\/wp-content\/uploads\/2023\/12\/CBESustainable.png\",\"contentUrl\":\"https:\/\/emulsionizer.com\/wp-content\/uploads\/2023\/12\/CBESustainable.png\",\"width\":1080,\"height\":1080},{\"@type\":\"BreadcrumbList\",\"@id\":\"https:\/\/emulsionizer.com\/es\/producto\/cbe-premium-cafetera\/#breadcrumb\",\"itemListElement\":[{\"@type\":\"ListItem\",\"position\":1,\"name\":\"Home\",\"item\":\"https:\/\/emulsionizer.com\/es\/\"},{\"@type\":\"ListItem\",\"position\":2,\"name\":\"Shop\",\"item\":\"https:\/\/emulsionizer.com\/shop\/\"},{\"@type\":\"ListItem\",\"position\":3,\"name\":\"CBE Premium cafetera\"}]},{\"@type\":\"WebSite\",\"@id\":\"https:\/\/emulsionizer.com\/#website\",\"url\":\"https:\/\/emulsionizer.com\/\",\"name\":\"Emulsionizer\",\"description\":\"The best kitchen utensils for gastronomic emulsions that works with a hand blender or mixer\",\"potentialAction\":[{\"@type\":\"SearchAction\",\"target\":{\"@type\":\"EntryPoint\",\"urlTemplate\":\"https:\/\/emulsionizer.com\/?s={search_term_string}\"},\"query-input\":{\"@type\":\"PropertyValueSpecification\",\"valueRequired\":true,\"valueName\":\"search_term_string\"}}],\"inLanguage\":\"es\"}]}<\/script>\n<!-- \/ Yoast SEO plugin. -->","yoast_head_json":{"title":"CBE Premium cafetera - Emulsionizer","description":"CBE es una ingeniosa cafetera. Permite realizar caf\u00e9 con 4 sistemas de extracci\u00f3n: inmersi\u00f3n, vertir encima, cold brew y CBE o Coffee Been Emulsionizer.","robots":{"index":"index","follow":"follow","max-snippet":"max-snippet:-1","max-image-preview":"max-image-preview:large","max-video-preview":"max-video-preview:-1"},"canonical":"https:\/\/emulsionizer.com\/es\/producto\/cbe-premium-cafetera\/","og_locale":"es_ES","og_type":"article","og_title":"CBE Premium cafetera - Emulsionizer","og_description":"CBE es una ingeniosa cafetera. Permite realizar caf\u00e9 con 4 sistemas de extracci\u00f3n: inmersi\u00f3n, vertir encima, cold brew y CBE o Coffee Been Emulsionizer.","og_url":"https:\/\/emulsionizer.com\/es\/producto\/cbe-premium-cafetera\/","og_site_name":"Emulsionizer","og_image":[{"width":1080,"height":1080,"url":"https:\/\/emulsionizer.com\/wp-content\/uploads\/2023\/12\/CBESustainable.png","type":"image\/png"}],"twitter_card":"summary_large_image","twitter_misc":{"Tiempo de lectura":"1 minuto"},"schema":{"@context":"https:\/\/schema.org","@graph":[{"@type":"WebPage","@id":"https:\/\/emulsionizer.com\/es\/producto\/cbe-premium-cafetera\/","url":"https:\/\/emulsionizer.com\/es\/producto\/cbe-premium-cafetera\/","name":"CBE Premium cafetera - Emulsionizer","isPartOf":{"@id":"https:\/\/emulsionizer.com\/#website"},"primaryImageOfPage":{"@id":"https:\/\/emulsionizer.com\/es\/producto\/cbe-premium-cafetera\/#primaryimage"},"image":{"@id":"https:\/\/emulsionizer.com\/es\/producto\/cbe-premium-cafetera\/#primaryimage"},"thumbnailUrl":"https:\/\/emulsionizer.com\/wp-content\/uploads\/2023\/12\/CBESustainable.png","datePublished":"2023-12-30T08:26:36+00:00","description":"CBE es una ingeniosa cafetera. Permite realizar caf\u00e9 con 4 sistemas de extracci\u00f3n: inmersi\u00f3n, vertir encima, cold brew y CBE o Coffee Been Emulsionizer.","breadcrumb":{"@id":"https:\/\/emulsionizer.com\/es\/producto\/cbe-premium-cafetera\/#breadcrumb"},"inLanguage":"es","potentialAction":[{"@type":"ReadAction","target":["https:\/\/emulsionizer.com\/es\/producto\/cbe-premium-cafetera\/"]}]},{"@type":"ImageObject","inLanguage":"es","@id":"https:\/\/emulsionizer.com\/es\/producto\/cbe-premium-cafetera\/#primaryimage","url":"https:\/\/emulsionizer.com\/wp-content\/uploads\/2023\/12\/CBESustainable.png","contentUrl":"https:\/\/emulsionizer.com\/wp-content\/uploads\/2023\/12\/CBESustainable.png","width":1080,"height":1080},{"@type":"BreadcrumbList","@id":"https:\/\/emulsionizer.com\/es\/producto\/cbe-premium-cafetera\/#breadcrumb","itemListElement":[{"@type":"ListItem","position":1,"name":"Home","item":"https:\/\/emulsionizer.com\/es\/"},{"@type":"ListItem","position":2,"name":"Shop","item":"https:\/\/emulsionizer.com\/shop\/"},{"@type":"ListItem","position":3,"name":"CBE Premium cafetera"}]},{"@type":"WebSite","@id":"https:\/\/emulsionizer.com\/#website","url":"https:\/\/emulsionizer.com\/","name":"Emulsionizer","description":"The best kitchen utensils for gastronomic emulsions that works with a hand blender or mixer","potentialAction":[{"@type":"SearchAction","target":{"@type":"EntryPoint","urlTemplate":"https:\/\/emulsionizer.com\/?s={search_term_string}"},"query-input":{"@type":"PropertyValueSpecification","valueRequired":true,"valueName":"search_term_string"}}],"inLanguage":"es"}]}},"_links":{"self":[{"href":"https:\/\/emulsionizer.com\/es\/wp-json\/wp\/v2\/product\/20834","targetHints":{"allow":["GET"]}}],"collection":[{"href":"https:\/\/emulsionizer.com\/es\/wp-json\/wp\/v2\/product"}],"about":[{"href":"https:\/\/emulsionizer.com\/es\/wp-json\/wp\/v2\/types\/product"}],"replies":[{"embeddable":true,"href":"https:\/\/emulsionizer.com\/es\/wp-json\/wp\/v2\/comments?post=20834"}],"wp:featuredmedia":[{"embeddable":true,"href":"https:\/\/emulsionizer.com\/es\/wp-json\/wp\/v2\/media\/20450"}],"wp:attachment":[{"href":"https:\/\/emulsionizer.com\/es\/wp-json\/wp\/v2\/media?parent=20834"}],"wp:term":[{"taxonomy":"product_brand","embeddable":true,"href":"https:\/\/emulsionizer.com\/es\/wp-json\/wp\/v2\/product_brand?post=20834"},{"taxonomy":"product_cat","embeddable":true,"href":"https:\/\/emulsionizer.com\/es\/wp-json\/wp\/v2\/product_cat?post=20834"},{"taxonomy":"product_tag","embeddable":true,"href":"https:\/\/emulsionizer.com\/es\/wp-json\/wp\/v2\/product_tag?post=20834"}],"curies":[{"name":"wp","href":"https:\/\/api.w.org\/{rel}","templated":true}]}}