{"id":20831,"date":"2024-01-04T09:26:23","date_gmt":"2024-01-04T08:26:23","guid":{"rendered":"https:\/\/emulsionizer.com\/producto\/chef-emulsionizer-premium\/"},"modified":"2024-01-04T09:26:23","modified_gmt":"2024-01-04T08:26:23","slug":"chef-emulsionizer-premium","status":"publish","type":"product","link":"https:\/\/emulsionizer.com\/es\/producto\/chef-emulsionizer-premium\/","title":{"rendered":"CHEF Emulsionizer Premium"},"content":{"rendered":"<div class=\"video-shortcode\"><iframe title=\"\ud83d\udce6 Unboxing EMULSIONIZER\" width=\"1350\" height=\"759\" src=\"https:\/\/www.youtube.com\/embed\/UwozIxyEDKo?feature=oembed\" frameborder=\"0\" allow=\"accelerometer; autoplay; clipboard-write; encrypted-media; gyroscope; picture-in-picture; web-share\" referrerpolicy=\"strict-origin-when-cross-origin\" allowfullscreen><\/iframe><\/div>\n<p>EMULSIONIZER\u00aees perfecto para preparar todo tipo de emulsiones gastron\u00f3micas, incluidas aquellas elaboradas a partir de desechos o residuos que normalmente tirar\u00edamos y que Emulsionizer\u00ae es capaz de transformar en deliciosas emulsiones. Entre otros:<\/p>\n<p>Gracias al sistema patentado Emulsionizer podemos transformar f\u00e1cilmente restos de comida en deliciosos platos; extrayendo la esencia de ra\u00edces, hierbas y semillas; sopas, vinagretas y salsas; espesando guisos y ampliando sabores, papillas y potitos, mezclas de caf\u00e9, etc.<\/p>\n<p><img decoding=\"async\" id=\"longdesc-return-18969\" class=\"size-medium wp-image-18969 alignright\" tabindex=\"-1\" src=\"https:\/\/emulsionizer.com\/wp-content\/uploads\/2023\/12\/emulsion_filter_seeds-300x300.png\" alt=\"Filtro de emulsi\u00f3n de semillas\" width=\"300\" height=\"300\" longdesc=\"https:\/\/emulsionizer.com?longdesc=18969&amp;referrer=18583\" srcset=\"https:\/\/emulsionizer.com\/wp-content\/uploads\/2023\/12\/emulsion_filter_seeds-64x64.png 64w, https:\/\/emulsionizer.com\/wp-content\/uploads\/2023\/12\/emulsion_filter_seeds-66x66.png 66w, https:\/\/emulsionizer.com\/wp-content\/uploads\/2023\/12\/emulsion_filter_seeds-100x100.png 100w, https:\/\/emulsionizer.com\/wp-content\/uploads\/2023\/12\/emulsion_filter_seeds-150x150.png 150w, https:\/\/emulsionizer.com\/wp-content\/uploads\/2023\/12\/emulsion_filter_seeds-200x200.png 200w, https:\/\/emulsionizer.com\/wp-content\/uploads\/2023\/12\/emulsion_filter_seeds-300x300.png 300w, https:\/\/emulsionizer.com\/wp-content\/uploads\/2023\/12\/emulsion_filter_seeds-400x400.png 400w, https:\/\/emulsionizer.com\/wp-content\/uploads\/2023\/12\/emulsion_filter_seeds-500x500.png 500w, https:\/\/emulsionizer.com\/wp-content\/uploads\/2023\/12\/emulsion_filter_seeds-600x600.png 600w, https:\/\/emulsionizer.com\/wp-content\/uploads\/2023\/12\/emulsion_filter_seeds-700x700.png 700w, https:\/\/emulsionizer.com\/wp-content\/uploads\/2023\/12\/emulsion_filter_seeds-768x768.png 768w, https:\/\/emulsionizer.com\/wp-content\/uploads\/2023\/12\/emulsion_filter_seeds-800x800.png 800w, https:\/\/emulsionizer.com\/wp-content\/uploads\/2023\/12\/emulsion_filter_seeds-1024x1024.png 1024w, https:\/\/emulsionizer.com\/wp-content\/uploads\/2023\/12\/emulsion_filter_seeds.png 1080w\" sizes=\"(max-width: 300px) 100vw, 300px\" \/><\/p>\n<p>Versatilidad: El filtro EMULSIONIZER\u00ae se puede utilizar en cualquier recipiente de cocci\u00f3n. Utilizar un recipiente m\u00e1s alto y estrecho favorece el filtrado. El agua debe cubrir siempre los ingredientes utilizados. Tambi\u00e9n podemos ir a\u00f1adiendo las materias primas poco a poco mientras vamos emulsionando con la batidora de mano.<\/p>\n<p>FICHA T\u00c9CNICA: El filtro de acero (AISI 304) y el mortero (madera procedente de bosques europeos sostenibles certificados), est\u00e1n fabricados con los mejores materiales del mercado y est\u00e1n libres de componentes t\u00f3xicos nocivos para la salud.<\/p>\n<p>DISCOS: Los discos intercambiables est\u00e1n fabricados en acero AISI 304. Dependiendo del disco que se utilice las emulsiones ser\u00e1n m\u00e1s espesas o m\u00e1s finas. Cuanto m\u00e1s grueso sea el disco de 1,0 mm, el de 0,5 mm, el de 0,3 mm y m\u00e1s delgado el disco &#8220;ciego&#8221; (no perforado).<\/p>\n<p>AGUA CALIENTE: La temperatura m\u00e1xima recomendada es de 100\u00ba (Celsius). Se puede utilizar en cualquier guiso que estemos cocinando incluso si est\u00e1 hirviendo.<\/p>\n<p>BATIDORA DE MANO: EMULSIONIZER\u00ae funciona con cualquier batidora de mano dom\u00e9stica o industrial con cabezal de <strong>6 a 6,5 \u200b\u200bcm de di\u00e1metro (NO INCLUIDO)<\/strong><\/p>\n<p>&nbsp;<\/p>\n","protected":false},"excerpt":{"rendered":"<p>El emulsionador es una herramienta <strong>emulsionante especial<\/strong> para realizar emulsiones gastron\u00f3micas como <strong>sopas, salsas, vinagretas, restos de procesamiento de alimentos, leches vegetales, papillas, etc.<\/strong><\/p>\n<p><strong>Se compone de:<\/strong><\/p>\n<ul>\n<li>Filtro de acero inoxidable enroscable con mango de madera desmontable<\/li>\n<li>4 discos de acero inoxidable intercambiables (ciegos; 0,3 mm; 0,5 mm; 1,0 mm),<\/li>\n<li>Mortero de madera<\/li>\n<li>Tarro de borosilicato resistente al calor con tapa de bamb\u00fa<\/li>\n<li>Embudo desmontable<\/li>\n<li>Cepillo cero residuos<\/li>\n<li>Maleta protectora<\/li>\n<li>Sugerencia o Receta QR<\/li>\n<\/ul>\n<p>Funciona con cualquier batidora de mano dom\u00e9stica o industrial con cabezal de <strong>6 a 6,5 \u200b\u200bcm de di\u00e1metro (NO INCLUIDA)<\/strong> <a class=\"continue\" href=\"https:\/\/emulsionizer.com\/es\/producto\/chef-emulsionizer-premium\/\">Continuar<span> CHEF Emulsionizer Premium<\/span><\/a><\/p>\n","protected":false},"featured_media":20897,"comment_status":"open","ping_status":"closed","template":"","meta":[],"product_brand":[],"product_cat":[297],"product_tag":[],"class_list":{"0":"post-20831","1":"product","2":"type-product","3":"status-publish","4":"has-post-thumbnail","6":"product_cat-emulsionizer-es","8":"first","9":"instock","10":"sale","11":"taxable","12":"shipping-taxable","13":"purchasable","14":"product-type-simple"},"yoast_head":"<!-- This site is optimized with the Yoast SEO plugin v26.4 - https:\/\/yoast.com\/wordpress\/plugins\/seo\/ -->\n<title>CHEF Emulsionizer Premium - Emulsionizer<\/title>\n<meta name=\"description\" content=\"Chef Emulsionizer ss una herramienta emulsionante para realizar emulsiones gastron\u00f3micas: sopas, salsas, vinagretas, restos de procesado de alimentos, leches vegetales, papillas, etc.\" \/>\n<meta name=\"robots\" content=\"index, follow, max-snippet:-1, max-image-preview:large, max-video-preview:-1\" \/>\n<link rel=\"canonical\" href=\"https:\/\/emulsionizer.com\/es\/producto\/chef-emulsionizer-premium\/\" \/>\n<meta property=\"og:locale\" content=\"es_ES\" \/>\n<meta property=\"og:type\" content=\"article\" \/>\n<meta property=\"og:title\" content=\"CHEF Emulsionizer Premium - Emulsionizer\" \/>\n<meta property=\"og:description\" content=\"Chef Emulsionizer ss una herramienta emulsionante para realizar emulsiones gastron\u00f3micas: sopas, salsas, vinagretas, restos de procesado de alimentos, leches vegetales, papillas, etc.\" \/>\n<meta property=\"og:url\" content=\"https:\/\/emulsionizer.com\/es\/producto\/chef-emulsionizer-premium\/\" \/>\n<meta property=\"og:site_name\" content=\"Emulsionizer\" \/>\n<meta property=\"og:image\" content=\"https:\/\/emulsionizer.com\/wp-content\/uploads\/2023\/11\/chef_emulsionizer.png\" \/>\n\t<meta property=\"og:image:width\" content=\"1080\" \/>\n\t<meta property=\"og:image:height\" content=\"1080\" \/>\n\t<meta property=\"og:image:type\" content=\"image\/png\" \/>\n<meta name=\"twitter:card\" content=\"summary_large_image\" \/>\n<meta name=\"twitter:label1\" content=\"Tiempo de lectura\" \/>\n\t<meta name=\"twitter:data1\" content=\"1 minuto\" \/>\n<script type=\"application\/ld+json\" class=\"yoast-schema-graph\">{\"@context\":\"https:\/\/schema.org\",\"@graph\":[{\"@type\":\"WebPage\",\"@id\":\"https:\/\/emulsionizer.com\/es\/producto\/chef-emulsionizer-premium\/\",\"url\":\"https:\/\/emulsionizer.com\/es\/producto\/chef-emulsionizer-premium\/\",\"name\":\"CHEF Emulsionizer Premium - Emulsionizer\",\"isPartOf\":{\"@id\":\"https:\/\/emulsionizer.com\/#website\"},\"primaryImageOfPage\":{\"@id\":\"https:\/\/emulsionizer.com\/es\/producto\/chef-emulsionizer-premium\/#primaryimage\"},\"image\":{\"@id\":\"https:\/\/emulsionizer.com\/es\/producto\/chef-emulsionizer-premium\/#primaryimage\"},\"thumbnailUrl\":\"https:\/\/emulsionizer.com\/wp-content\/uploads\/2024\/01\/emz_premios.png\",\"datePublished\":\"2024-01-04T08:26:23+00:00\",\"description\":\"Chef Emulsionizer ss una herramienta emulsionante para realizar emulsiones gastron\u00f3micas: sopas, salsas, vinagretas, restos de procesado de alimentos, leches vegetales, papillas, etc.\",\"breadcrumb\":{\"@id\":\"https:\/\/emulsionizer.com\/es\/producto\/chef-emulsionizer-premium\/#breadcrumb\"},\"inLanguage\":\"es\",\"potentialAction\":[{\"@type\":\"ReadAction\",\"target\":[\"https:\/\/emulsionizer.com\/es\/producto\/chef-emulsionizer-premium\/\"]}]},{\"@type\":\"ImageObject\",\"inLanguage\":\"es\",\"@id\":\"https:\/\/emulsionizer.com\/es\/producto\/chef-emulsionizer-premium\/#primaryimage\",\"url\":\"https:\/\/emulsionizer.com\/wp-content\/uploads\/2024\/01\/emz_premios.png\",\"contentUrl\":\"https:\/\/emulsionizer.com\/wp-content\/uploads\/2024\/01\/emz_premios.png\",\"width\":1080,\"height\":1080},{\"@type\":\"BreadcrumbList\",\"@id\":\"https:\/\/emulsionizer.com\/es\/producto\/chef-emulsionizer-premium\/#breadcrumb\",\"itemListElement\":[{\"@type\":\"ListItem\",\"position\":1,\"name\":\"Home\",\"item\":\"https:\/\/emulsionizer.com\/es\/\"},{\"@type\":\"ListItem\",\"position\":2,\"name\":\"Shop\",\"item\":\"https:\/\/emulsionizer.com\/shop\/\"},{\"@type\":\"ListItem\",\"position\":3,\"name\":\"CHEF Emulsionizer Premium\"}]},{\"@type\":\"WebSite\",\"@id\":\"https:\/\/emulsionizer.com\/#website\",\"url\":\"https:\/\/emulsionizer.com\/\",\"name\":\"Emulsionizer\",\"description\":\"The best kitchen utensils for gastronomic emulsions that works with a hand blender or mixer\",\"potentialAction\":[{\"@type\":\"SearchAction\",\"target\":{\"@type\":\"EntryPoint\",\"urlTemplate\":\"https:\/\/emulsionizer.com\/?s={search_term_string}\"},\"query-input\":{\"@type\":\"PropertyValueSpecification\",\"valueRequired\":true,\"valueName\":\"search_term_string\"}}],\"inLanguage\":\"es\"}]}<\/script>\n<!-- \/ Yoast SEO plugin. -->","yoast_head_json":{"title":"CHEF Emulsionizer Premium - Emulsionizer","description":"Chef Emulsionizer ss una herramienta emulsionante para realizar emulsiones gastron\u00f3micas: sopas, salsas, vinagretas, restos de procesado de alimentos, leches vegetales, papillas, etc.","robots":{"index":"index","follow":"follow","max-snippet":"max-snippet:-1","max-image-preview":"max-image-preview:large","max-video-preview":"max-video-preview:-1"},"canonical":"https:\/\/emulsionizer.com\/es\/producto\/chef-emulsionizer-premium\/","og_locale":"es_ES","og_type":"article","og_title":"CHEF Emulsionizer Premium - Emulsionizer","og_description":"Chef Emulsionizer ss una herramienta emulsionante para realizar emulsiones gastron\u00f3micas: sopas, salsas, vinagretas, restos de procesado de alimentos, leches vegetales, papillas, etc.","og_url":"https:\/\/emulsionizer.com\/es\/producto\/chef-emulsionizer-premium\/","og_site_name":"Emulsionizer","og_image":[{"width":1080,"height":1080,"url":"https:\/\/emulsionizer.com\/wp-content\/uploads\/2023\/11\/chef_emulsionizer.png","type":"image\/png"}],"twitter_card":"summary_large_image","twitter_misc":{"Tiempo de lectura":"1 minuto"},"schema":{"@context":"https:\/\/schema.org","@graph":[{"@type":"WebPage","@id":"https:\/\/emulsionizer.com\/es\/producto\/chef-emulsionizer-premium\/","url":"https:\/\/emulsionizer.com\/es\/producto\/chef-emulsionizer-premium\/","name":"CHEF Emulsionizer Premium - Emulsionizer","isPartOf":{"@id":"https:\/\/emulsionizer.com\/#website"},"primaryImageOfPage":{"@id":"https:\/\/emulsionizer.com\/es\/producto\/chef-emulsionizer-premium\/#primaryimage"},"image":{"@id":"https:\/\/emulsionizer.com\/es\/producto\/chef-emulsionizer-premium\/#primaryimage"},"thumbnailUrl":"https:\/\/emulsionizer.com\/wp-content\/uploads\/2024\/01\/emz_premios.png","datePublished":"2024-01-04T08:26:23+00:00","description":"Chef Emulsionizer ss una herramienta emulsionante para realizar emulsiones gastron\u00f3micas: sopas, salsas, vinagretas, restos de procesado de alimentos, leches vegetales, papillas, etc.","breadcrumb":{"@id":"https:\/\/emulsionizer.com\/es\/producto\/chef-emulsionizer-premium\/#breadcrumb"},"inLanguage":"es","potentialAction":[{"@type":"ReadAction","target":["https:\/\/emulsionizer.com\/es\/producto\/chef-emulsionizer-premium\/"]}]},{"@type":"ImageObject","inLanguage":"es","@id":"https:\/\/emulsionizer.com\/es\/producto\/chef-emulsionizer-premium\/#primaryimage","url":"https:\/\/emulsionizer.com\/wp-content\/uploads\/2024\/01\/emz_premios.png","contentUrl":"https:\/\/emulsionizer.com\/wp-content\/uploads\/2024\/01\/emz_premios.png","width":1080,"height":1080},{"@type":"BreadcrumbList","@id":"https:\/\/emulsionizer.com\/es\/producto\/chef-emulsionizer-premium\/#breadcrumb","itemListElement":[{"@type":"ListItem","position":1,"name":"Home","item":"https:\/\/emulsionizer.com\/es\/"},{"@type":"ListItem","position":2,"name":"Shop","item":"https:\/\/emulsionizer.com\/shop\/"},{"@type":"ListItem","position":3,"name":"CHEF Emulsionizer Premium"}]},{"@type":"WebSite","@id":"https:\/\/emulsionizer.com\/#website","url":"https:\/\/emulsionizer.com\/","name":"Emulsionizer","description":"The best kitchen utensils for gastronomic emulsions that works with a hand blender or mixer","potentialAction":[{"@type":"SearchAction","target":{"@type":"EntryPoint","urlTemplate":"https:\/\/emulsionizer.com\/?s={search_term_string}"},"query-input":{"@type":"PropertyValueSpecification","valueRequired":true,"valueName":"search_term_string"}}],"inLanguage":"es"}]}},"_links":{"self":[{"href":"https:\/\/emulsionizer.com\/es\/wp-json\/wp\/v2\/product\/20831","targetHints":{"allow":["GET"]}}],"collection":[{"href":"https:\/\/emulsionizer.com\/es\/wp-json\/wp\/v2\/product"}],"about":[{"href":"https:\/\/emulsionizer.com\/es\/wp-json\/wp\/v2\/types\/product"}],"replies":[{"embeddable":true,"href":"https:\/\/emulsionizer.com\/es\/wp-json\/wp\/v2\/comments?post=20831"}],"wp:featuredmedia":[{"embeddable":true,"href":"https:\/\/emulsionizer.com\/es\/wp-json\/wp\/v2\/media\/20897"}],"wp:attachment":[{"href":"https:\/\/emulsionizer.com\/es\/wp-json\/wp\/v2\/media?parent=20831"}],"wp:term":[{"taxonomy":"product_brand","embeddable":true,"href":"https:\/\/emulsionizer.com\/es\/wp-json\/wp\/v2\/product_brand?post=20831"},{"taxonomy":"product_cat","embeddable":true,"href":"https:\/\/emulsionizer.com\/es\/wp-json\/wp\/v2\/product_cat?post=20831"},{"taxonomy":"product_tag","embeddable":true,"href":"https:\/\/emulsionizer.com\/es\/wp-json\/wp\/v2\/product_tag?post=20831"}],"curies":[{"name":"wp","href":"https:\/\/api.w.org\/{rel}","templated":true}]}}