{"id":20579,"date":"2020-07-24T18:15:07","date_gmt":"2020-07-24T16:15:07","guid":{"rendered":"https:\/\/emulsionizer.com\/contact\/"},"modified":"2025-03-27T09:13:24","modified_gmt":"2025-03-27T08:13:24","slug":"contact","status":"publish","type":"page","link":"https:\/\/emulsionizer.com\/es\/contact\/","title":{"rendered":"Contacto"},"content":{"rendered":"<div class=\"fusion-fullwidth fullwidth-box fusion-builder-row-1 fusion-flex-container has-pattern-background has-mask-background nonhundred-percent-fullwidth non-hundred-percent-height-scrolling\" style=\"--awb-border-radius-top-left:0px;--awb-border-radius-top-right:0px;--awb-border-radius-bottom-right:0px;--awb-border-radius-bottom-left:0px;--awb-flex-wrap:wrap;\" ><div class=\"fusion-builder-row fusion-row fusion-flex-align-items-flex-start fusion-flex-content-wrap\" style=\"max-width:1417.5px;margin-left: calc(-5% \/ 2 );margin-right: calc(-5% \/ 2 );\"><div class=\"fusion-layout-column fusion_builder_column fusion-builder-column-0 fusion_builder_column_1_1 1_1 fusion-flex-column\" style=\"--awb-bg-size:cover;--awb-width-large:100%;--awb-margin-top-large:0px;--awb-spacing-right-large:2.375%;--awb-margin-bottom-large:20px;--awb-spacing-left-large:2.375%;--awb-width-medium:100%;--awb-order-medium:0;--awb-spacing-right-medium:2.375%;--awb-spacing-left-medium:2.375%;--awb-width-small:100%;--awb-order-small:0;--awb-spacing-right-small:2.375%;--awb-spacing-left-small:2.375%;\"><div class=\"fusion-column-wrapper fusion-column-has-shadow fusion-flex-justify-content-flex-start fusion-content-layout-column\">\n<div class=\"wpcf7 no-js\" id=\"wpcf7-f20631-o1\" lang=\"es-ES\" dir=\"ltr\" data-wpcf7-id=\"20631\">\n<div class=\"screen-reader-response\"><p role=\"status\" aria-live=\"polite\" aria-atomic=\"true\"><\/p> <ul><\/ul><\/div>\n<form action=\"\/es\/wp-json\/wp\/v2\/pages\/20579#wpcf7-f20631-o1\" method=\"post\" class=\"wpcf7-form init\" aria-label=\"Formulario de contacto\" novalidate=\"novalidate\" data-status=\"init\">\n<fieldset class=\"hidden-fields-container\"><input type=\"hidden\" name=\"_wpcf7\" value=\"20631\" \/><input type=\"hidden\" name=\"_wpcf7_version\" value=\"6.1.3\" \/><input type=\"hidden\" name=\"_wpcf7_locale\" value=\"es_ES\" \/><input type=\"hidden\" name=\"_wpcf7_unit_tag\" value=\"wpcf7-f20631-o1\" \/><input type=\"hidden\" name=\"_wpcf7_container_post\" value=\"0\" \/><input type=\"hidden\" name=\"_wpcf7_posted_data_hash\" value=\"\" \/>\n<\/fieldset>\n<div class=\"fusion-alert alert custom alert-custom fusion-alert-center wpcf7-response-output awb-alert-native-link-color alert-dismissable awb-alert-close-boxed\" style=\"--awb-border-size:1px;--awb-border-top-left-radius:0px;--awb-border-top-right-radius:0px;--awb-border-bottom-left-radius:0px;\" role=\"alert\"><div class=\"fusion-alert-content-wrapper\"><span class=\"fusion-alert-content\"><\/span><\/div><button type=\"button\" class=\"close toggle-alert\" data-dismiss=\"alert\" aria-label=\"Close\">&times;<\/button><\/div>\n<p><label for=\"your-name\">Nombre (obligatorio)<\/label>\n<\/p>\n<p><span class=\"wpcf7-form-control-wrap\" data-name=\"your-name\"><input size=\"40\" maxlength=\"400\" class=\"wpcf7-form-control wpcf7-text wpcf7-validates-as-required\" id=\"your-name\" aria-required=\"true\" aria-invalid=\"false\" value=\"\" type=\"text\" name=\"your-name\" \/><\/span>\n<\/p>\n<p><label for=\"your-email\">Email (obligatorio)<\/label>\n<\/p>\n<p><span class=\"wpcf7-form-control-wrap\" data-name=\"your-email\"><input size=\"40\" maxlength=\"400\" class=\"wpcf7-form-control wpcf7-text wpcf7-validates-as-required\" id=\"your-email\" aria-required=\"true\" aria-invalid=\"false\" value=\"\" type=\"text\" name=\"your-email\" \/><\/span>\n<\/p>\n<p><label for=\"your-subject\">Tema<\/label>\n<\/p>\n<p><span class=\"wpcf7-form-control-wrap\" data-name=\"your-subject\"><input size=\"40\" maxlength=\"400\" class=\"wpcf7-form-control wpcf7-text\" id=\"your-subject\" aria-invalid=\"false\" value=\"\" type=\"text\" name=\"your-subject\" \/><\/span>\n<\/p>\n<p><label for=\"your-message\">Mensaje\/label><br \/>\n<span class=\"wpcf7-form-control-wrap\" data-name=\"your-message\"><textarea cols=\"40\" rows=\"10\" maxlength=\"2000\" class=\"wpcf7-form-control wpcf7-textarea\" id=\"your-message\" aria-invalid=\"false\" name=\"your-message\"><\/textarea><\/span> <\/label>\n<\/p>\n\n<!-- POL\u00cdTICA DE PRIVACIDAD-->\n<p><label for=\"your-pr\">Mensaje<\/label><br \/>\n<span class=\"wpcf7-form-control-wrap\" data-name=\"acceptance-658\"><span class=\"wpcf7-form-control wpcf7-acceptance\"><span class=\"wpcf7-list-item\"><input type=\"checkbox\" name=\"acceptance-658\" value=\"1\" id=\"your-pr\" aria-invalid=\"false\" \/><\/span><\/span><\/span>He le\u00eddo y aceptado la <a href=\"\/privacy-policy\/\">Pol\u00edtica de privacidad<\/a>\n<\/p>\n<p style=\"font-size: 13px;line-height: 19px;\">Al hacer clic en ENVIAR, nos proporciona sus datos. Le informamos que el Responsable del tratamiento es emulsionizer.com. La finalidad es responder a su consulta y enviarle la informaci\u00f3n solicitada. La legitimaci\u00f3n se basa en su consentimiento. Destinatarios: sus datos se almacenan en una base de datos en nuestro sitio web hasta que se resuelva su consulta. Puede ejercer sus derechos de acceso, rectificaci\u00f3n, limitaci\u00f3n o supresi\u00f3n de sus datos en emulsionizer.com. Para m\u00e1s informaci\u00f3n, consulte nuestra <a href=\"\/pprivacy-policy\/\">Pol\u00edtica de privacidad<\/a>.\n<\/p>\n<p><input class=\"wpcf7-form-control wpcf7-submit has-spinner\" type=\"submit\" value=\"Enviar\" \/>\n<\/p>\n<\/form>\n<\/div>\n<\/div><\/div><\/div><\/div>\n","protected":false},"excerpt":{"rendered":"","protected":false},"author":1,"featured_media":0,"parent":0,"menu_order":0,"comment_status":"closed","ping_status":"closed","template":"100-width.php","meta":{"footnotes":""},"class_list":["post-20579","page","type-page","status-publish","hentry"],"yoast_head":"<!-- This site is optimized with the Yoast SEO plugin v26.4 - https:\/\/yoast.com\/wordpress\/plugins\/seo\/ -->\n<title>Contacto - Emulsionizer<\/title>\n<meta name=\"description\" content=\"Contact us to discover everything about Emulsionizer\u00ae, the revolutionary kitchen tool for perfect emulsions. Learn how it can transform your kitchen and your dishes!\" \/>\n<meta name=\"robots\" content=\"index, follow, max-snippet:-1, max-image-preview:large, max-video-preview:-1\" \/>\n<link rel=\"canonical\" href=\"https:\/\/emulsionizer.com\/es\/contact\/\" \/>\n<meta property=\"og:locale\" content=\"es_ES\" \/>\n<meta property=\"og:type\" content=\"article\" \/>\n<meta property=\"og:title\" content=\"Contacto - Emulsionizer\" \/>\n<meta property=\"og:description\" content=\"Contact us to discover everything about Emulsionizer\u00ae, the revolutionary kitchen tool for perfect emulsions. Learn how it can transform your kitchen and your dishes!\" \/>\n<meta property=\"og:url\" content=\"https:\/\/emulsionizer.com\/es\/contact\/\" \/>\n<meta property=\"og:site_name\" content=\"Emulsionizer\" \/>\n<meta property=\"article:modified_time\" content=\"2025-03-27T08:13:24+00:00\" \/>\n<meta name=\"twitter:card\" content=\"summary_large_image\" \/>\n<meta name=\"twitter:label1\" content=\"Tiempo de lectura\" \/>\n\t<meta name=\"twitter:data1\" content=\"1 minuto\" \/>\n<script type=\"application\/ld+json\" class=\"yoast-schema-graph\">{\"@context\":\"https:\/\/schema.org\",\"@graph\":[{\"@type\":\"WebPage\",\"@id\":\"https:\/\/emulsionizer.com\/es\/contact\/\",\"url\":\"https:\/\/emulsionizer.com\/es\/contact\/\",\"name\":\"Contacto - Emulsionizer\",\"isPartOf\":{\"@id\":\"https:\/\/emulsionizer.com\/#website\"},\"datePublished\":\"2020-07-24T16:15:07+00:00\",\"dateModified\":\"2025-03-27T08:13:24+00:00\",\"description\":\"Contact us to discover everything about Emulsionizer\u00ae, the revolutionary kitchen tool for perfect emulsions. Learn how it can transform your kitchen and your dishes!\",\"breadcrumb\":{\"@id\":\"https:\/\/emulsionizer.com\/es\/contact\/#breadcrumb\"},\"inLanguage\":\"es\",\"potentialAction\":[{\"@type\":\"ReadAction\",\"target\":[\"https:\/\/emulsionizer.com\/es\/contact\/\"]}]},{\"@type\":\"BreadcrumbList\",\"@id\":\"https:\/\/emulsionizer.com\/es\/contact\/#breadcrumb\",\"itemListElement\":[{\"@type\":\"ListItem\",\"position\":1,\"name\":\"Home\",\"item\":\"https:\/\/emulsionizer.com\/es\/\"},{\"@type\":\"ListItem\",\"position\":2,\"name\":\"Contacto\"}]},{\"@type\":\"WebSite\",\"@id\":\"https:\/\/emulsionizer.com\/#website\",\"url\":\"https:\/\/emulsionizer.com\/\",\"name\":\"Emulsionizer\",\"description\":\"The best kitchen utensils for gastronomic emulsions that works with a hand blender or mixer\",\"potentialAction\":[{\"@type\":\"SearchAction\",\"target\":{\"@type\":\"EntryPoint\",\"urlTemplate\":\"https:\/\/emulsionizer.com\/?s={search_term_string}\"},\"query-input\":{\"@type\":\"PropertyValueSpecification\",\"valueRequired\":true,\"valueName\":\"search_term_string\"}}],\"inLanguage\":\"es\"}]}<\/script>\n<!-- \/ Yoast SEO plugin. -->","yoast_head_json":{"title":"Contacto - Emulsionizer","description":"Contact us to discover everything about Emulsionizer\u00ae, the revolutionary kitchen tool for perfect emulsions. Learn how it can transform your kitchen and your dishes!","robots":{"index":"index","follow":"follow","max-snippet":"max-snippet:-1","max-image-preview":"max-image-preview:large","max-video-preview":"max-video-preview:-1"},"canonical":"https:\/\/emulsionizer.com\/es\/contact\/","og_locale":"es_ES","og_type":"article","og_title":"Contacto - Emulsionizer","og_description":"Contact us to discover everything about Emulsionizer\u00ae, the revolutionary kitchen tool for perfect emulsions. Learn how it can transform your kitchen and your dishes!","og_url":"https:\/\/emulsionizer.com\/es\/contact\/","og_site_name":"Emulsionizer","article_modified_time":"2025-03-27T08:13:24+00:00","twitter_card":"summary_large_image","twitter_misc":{"Tiempo de lectura":"1 minuto"},"schema":{"@context":"https:\/\/schema.org","@graph":[{"@type":"WebPage","@id":"https:\/\/emulsionizer.com\/es\/contact\/","url":"https:\/\/emulsionizer.com\/es\/contact\/","name":"Contacto - Emulsionizer","isPartOf":{"@id":"https:\/\/emulsionizer.com\/#website"},"datePublished":"2020-07-24T16:15:07+00:00","dateModified":"2025-03-27T08:13:24+00:00","description":"Contact us to discover everything about Emulsionizer\u00ae, the revolutionary kitchen tool for perfect emulsions. Learn how it can transform your kitchen and your dishes!","breadcrumb":{"@id":"https:\/\/emulsionizer.com\/es\/contact\/#breadcrumb"},"inLanguage":"es","potentialAction":[{"@type":"ReadAction","target":["https:\/\/emulsionizer.com\/es\/contact\/"]}]},{"@type":"BreadcrumbList","@id":"https:\/\/emulsionizer.com\/es\/contact\/#breadcrumb","itemListElement":[{"@type":"ListItem","position":1,"name":"Home","item":"https:\/\/emulsionizer.com\/es\/"},{"@type":"ListItem","position":2,"name":"Contacto"}]},{"@type":"WebSite","@id":"https:\/\/emulsionizer.com\/#website","url":"https:\/\/emulsionizer.com\/","name":"Emulsionizer","description":"The best kitchen utensils for gastronomic emulsions that works with a hand blender or mixer","potentialAction":[{"@type":"SearchAction","target":{"@type":"EntryPoint","urlTemplate":"https:\/\/emulsionizer.com\/?s={search_term_string}"},"query-input":{"@type":"PropertyValueSpecification","valueRequired":true,"valueName":"search_term_string"}}],"inLanguage":"es"}]}},"_links":{"self":[{"href":"https:\/\/emulsionizer.com\/es\/wp-json\/wp\/v2\/pages\/20579","targetHints":{"allow":["GET"]}}],"collection":[{"href":"https:\/\/emulsionizer.com\/es\/wp-json\/wp\/v2\/pages"}],"about":[{"href":"https:\/\/emulsionizer.com\/es\/wp-json\/wp\/v2\/types\/page"}],"author":[{"embeddable":true,"href":"https:\/\/emulsionizer.com\/es\/wp-json\/wp\/v2\/users\/1"}],"replies":[{"embeddable":true,"href":"https:\/\/emulsionizer.com\/es\/wp-json\/wp\/v2\/comments?post=20579"}],"version-history":[{"count":1,"href":"https:\/\/emulsionizer.com\/es\/wp-json\/wp\/v2\/pages\/20579\/revisions"}],"predecessor-version":[{"id":20708,"href":"https:\/\/emulsionizer.com\/es\/wp-json\/wp\/v2\/pages\/20579\/revisions\/20708"}],"wp:attachment":[{"href":"https:\/\/emulsionizer.com\/es\/wp-json\/wp\/v2\/media?parent=20579"}],"curies":[{"name":"wp","href":"https:\/\/api.w.org\/{rel}","templated":true}]}}