{"id":20576,"date":"2022-07-14T07:32:41","date_gmt":"2022-07-14T05:32:41","guid":{"rendered":"https:\/\/emulsionizer.com\/privacy-policy\/"},"modified":"2025-03-27T11:09:22","modified_gmt":"2025-03-27T10:09:22","slug":"privacy-policy","status":"publish","type":"page","link":"https:\/\/emulsionizer.com\/es\/privacy-policy\/","title":{"rendered":"Pol\u00edtica de privacidad"},"content":{"rendered":"<p><strong>Informaci\u00f3n b\u00e1sica sobre protecci\u00f3n de datos<\/strong><\/p>\n<table>\n<tbody>\n<tr valign=\"top\">\n<td><strong>Responsable<\/strong><\/td>\n<td>CHUFAMIX SL<\/td>\n<\/tr>\n<tr valign=\"top\">\n<td><strong>Proposito<\/strong><\/td>\n<td>Gestionar y tramitar correctamente la compra de productos online.<\/td>\n<\/tr>\n<tr valign=\"top\">\n<td><strong>Legitimacion<\/strong><\/td>\n<td>Ejecuci\u00f3n del contrato de compra a distancia.<\/td>\n<\/tr>\n<tr valign=\"top\">\n<td><strong>Destinatarios<\/strong><\/td>\n<td>Los datos personales ser\u00e1n comunicados a aquellos terceros estrictamente necesarios para tramitar la compra de un producto. Salvo el caso anterior, los datos no se comunicar\u00e1n a otros terceros, salvo obligaci\u00f3n legal.<\/td>\n<\/tr>\n<tr valign=\"top\">\n<td><strong>Derechos<\/strong><\/td>\n<td>Podr\u00e1s ejercer los derechos de acceso, oposici\u00f3n, rectificaci\u00f3n, supresi\u00f3n, limitaci\u00f3n y portabilidad de los datos, tal y como se explica en la informaci\u00f3n adicional.<\/td>\n<\/tr>\n<tr valign=\"top\">\n<td><strong>Informaci\u00f3n Adicional<\/strong><\/td>\n<td>Puede encontrar m\u00e1s informaci\u00f3n sobre la protecci\u00f3n de datos en la informaci\u00f3n adicional.<\/td>\n<\/tr>\n<\/tbody>\n<\/table>\n<p>&nbsp;<\/p>\n<p><strong>Informaci\u00f3n adicional sobre protecci\u00f3n de datos<\/strong><\/p>\n<p>CBE SL desea informarle de forma transparente, a trav\u00e9s de esta Pol\u00edtica de Privacidad, sobre todo el tratamiento que realizamos de sus datos, las finalidades para las que los tratamos y los derechos que, como usuario, puede ejercer sobre sus datos personales, as\u00ed como el plazo durante el cual los conservaremos.<\/p>\n<p>Le informamos que, al acceder a nuestro sitio web, usted se convierte en usuario. Como usuario, declara tener la capacidad legal necesaria para comprender y aceptar la Pol\u00edtica de Privacidad en su totalidad. Esta Pol\u00edtica de Privacidad debe leerse junto con nuestra Pol\u00edtica de Cookies y las Condiciones Generales de Contrataci\u00f3n que regulan la compra online de nuestros productos.<\/p>\n<p>Gracias por visitar nuestro sitio web.<\/p>\n<p><strong>1. \u00bfQUIEN ES EL RESPONSABLE DEL TRATAMIENTO DE SUS DATOS?<\/strong><\/p>\n<p>\u2022 Identidad: CHUFAMIX SL , con CIF B-942539, es responsable del tratamiento de tus datos personales que nos facilitas.<br \/>\n\u2022 Direcci\u00f3n postal: c\/ Picapedrers 10, PI Cam\u00ed a la Mar, 46120 Alboraia, Valencia (SPAIN)<br \/>\n\u2022 Telefono: 961 861 561<br \/>\n\u2022 <a href=\"https:\/\/emulsionizer.com\/es\/contact\/\">Contacte aqu\u00ed<\/a><\/p>\n<p><strong>2. \u00bfQUE SON LOS DATOS PERSONALES Y SU TRATAMIENTO?<\/strong><\/p>\n<p>Los datos personales son aquellos que identifican o permiten la identificaci\u00f3n de una persona. Por ejemplo, los datos que pueden identificar directamente a una persona son el nombre y los apellidos, mientras que el n\u00famero de identificaci\u00f3n personal puede identificarla. Los datos personales incluyen informaci\u00f3n como el n\u00famero de tel\u00e9fono m\u00f3vil, la direcci\u00f3n de correo electr\u00f3nico, la fecha de nacimiento y el sexo, entre otros. Tambi\u00e9n pueden incluirse identificadores num\u00e9ricos como la direcci\u00f3n IP de su ordenador, as\u00ed como informaci\u00f3n obtenida a trav\u00e9s de cookies.<\/p>\n<p>El tratamiento personal es cualquier operaci\u00f3n o conjunto de operaciones que realizamos con sus datos personales, como, por ejemplo, la recopilaci\u00f3n, el registro, la conservaci\u00f3n, el uso y la comunicaci\u00f3n de sus datos.<\/p>\n<p><strong>3. \u00bfQUE TIPO DE INFORMACI\u00d3N RECOPILAMOS?<\/strong><\/p>\n<p>Para procesar correctamente los datos recopilados en esta Pol\u00edtica de Privacidad, necesitamos recopilar cierta informaci\u00f3n sobre usted. Por lo tanto, recopilamos la informaci\u00f3n que nos proporciona a trav\u00e9s de los canales de interacci\u00f3n y comunicaci\u00f3n con EMULSIONIZER. Los datos que podemos recopilar sobre usted a trav\u00e9s de estos canales son: nombre y apellidos, n\u00famero de identificaci\u00f3n fiscal, correo electr\u00f3nico, n\u00famero de tel\u00e9fono m\u00f3vil, direcci\u00f3n, historial de compras, caracter\u00edsticas, preferencias, gustos, respuestas a encuestas de satisfacci\u00f3n, opiniones sobre productos, entrega de pedidos, etc., datos relacionados con el m\u00e9todo de pago, interacci\u00f3n con el servicio de atenci\u00f3n al cliente, tramitaci\u00f3n de quejas y devoluciones, informaci\u00f3n sobre perfiles en redes sociales e informaci\u00f3n sobre el uso y la navegaci\u00f3n del sitio web (p\u00e1gina web desde la que accede al sitio web, p\u00e1ginas visitadas, procesos iniciados y abandonados, direcci\u00f3n IP y tiempo de permanencia en el sitio web).<\/p>\n<p><strong>4. \u00bfA TRAVES DE QUE FORMAS RECOPILAMOS SU DATOS PERSONALES?<\/strong><\/p>\n<p>En CHUFAMIX, solo recopilamos y procesamos la informaci\u00f3n que nos proporciona a trav\u00e9s de los siguientes medios:<br \/>\n1. Registro de usuario;<br \/>\n2. Formulario de compra de cualquiera de nuestros productos;<br \/>\n3. Formulario de descarga de nuestro ebook;<br \/>\n4. Al suscribirse a nuestro blog y\/o recibir comunicaciones comerciales;<br \/>\n5. Respuestas a encuestas de satisfacci\u00f3n, opiniones sobre nuestros productos, etc.;<br \/>\n6. Interacci\u00f3n con el servicio de atenci\u00f3n al cliente;<br \/>\n7. Tramitaci\u00f3n de reclamaciones y devoluciones;<br \/>\n8. Navegaci\u00f3n por la p\u00e1gina www.emulsionizer.com;<br \/>\n9. Interacci\u00f3n con EMULSIONIZER en redes sociales<\/p>\n<p><strong>5. \u00bfCUALES SON TUS DERECHOS CUANDO NOS FACILITAS TUS DATOS?<\/strong><\/p>\n<p>A continuaci\u00f3n, te facilitamos los derechos que puedes ejercer como usuario del sitio web:<\/p>\n<table>\n<tbody>\n<tr valign=\"top\">\n<td><strong>Derechos<\/strong><\/td>\n<td><strong>\u00bfQu\u00e9 significa?<\/strong><\/td>\n<\/tr>\n<tr valign=\"top\">\n<td><strong>Derecho de acceso<\/strong><\/td>\n<td>Tiene derecho a que CBE le confirme si est\u00e1 tratando o no sus datos personales y, en caso afirmativo, el derecho a saber qu\u00e9 datos trata.<\/td>\n<\/tr>\n<tr valign=\"top\">\n<td><strong>Derecho de rectificaci\u00f3n<\/strong><\/td>\n<td>Consiste en la posibilidad de que usted pueda modificar los datos que sean inexactos o incompletos, debiendo indicar en la solicitud de rectificaci\u00f3n qu\u00e9 datos desea que se modifiquen.<\/td>\n<\/tr>\n<tr valign=\"top\">\n<td><strong>Derecho de oposici\u00f3n<\/strong><\/td>\n<td>Puede oponerse en cualquier momento a que procesemos sus datos personales, salvo en los casos legalmente previstos. Por lo tanto, salvo en los casos en que se establezca legalmente que no puede ejercer este derecho (por ejemplo, cuando la base legitimadora del tratamiento de sus datos personales sea la ejecuci\u00f3n de un contrato o el cumplimiento de una obligaci\u00f3n legal por nuestra parte), tiene derecho a oponerse en cualquier momento, por motivos relacionados con su situaci\u00f3n particular, a que se procesen sus datos personales. Adem\u00e1s, este derecho podr\u00e1 ejercerse cuando el tratamiento de datos se base en nuestro inter\u00e9s leg\u00edtimo. Si ejerce este derecho, CBE dejar\u00e1 de tratar sus datos personales, salvo que acreditemos motivos leg\u00edtimos imperiosos para el tratamiento que prevalezcan sobre sus intereses, derechos y libertades, o para la formulaci\u00f3n, el ejercicio o la defensa de reclamaciones.<\/td>\n<\/tr>\n<tr valign=\"top\">\n<td><strong>Derecho de cancelaci\u00f3n<\/strong><\/td>\n<td>Este derecho permite la cancelaci\u00f3n de sus datos personales. Una vez que ejerza este derecho, sus datos no se suprimir\u00e1n de inmediato, sino que se conservar\u00e1n bloqueados de forma que se impida su tratamiento, sin perjuicio de su puesta a disposici\u00f3n a las administraciones p\u00fablicas, jueces y tribunales, para la atenci\u00f3n de las posibles responsabilidades nacidas del tratamiento durante su plazo de prescripci\u00f3n. Una vez cumplido dicho plazo, sus datos ser\u00e1n debidamente anonimizados o suprimidos.<\/td>\n<\/tr>\n<tr valign=\"top\">\n<td><strong>Derecho a la portabilidad de datos<\/strong><\/td>\n<td>Tiene derecho a copiar y transferir los datos que nos ha proporcionado a otro responsable del tratamiento distinto de CBE. Solo podr\u00e1 ejercer este derecho cuando el tratamiento se base en la ejecuci\u00f3n de un contrato o en su consentimiento y se realice por medios automatizados.<\/td>\n<\/tr>\n<tr valign=\"top\">\n<td><strong>Derecho a la limitaci\u00f3n del tratamiento<\/strong><\/td>\n<td>Este derecho le permite solicitarnos que suspendamos el procesamiento de sus datos cuando:<\/p>\n<ul>\n<li>Cuestionar la exactitud de los datos, mientras CBE verifica dicha exactitud.<\/li>\n<li>Usted ha ejercido su derecho de oposici\u00f3n al tratamiento de sus datos, mientras se verifica si los motivos leg\u00edtimos de CBE prevalecen sobre los suyos como interesado.<\/li>\n<li>Asimismo, este derecho le permite solicitar a CBE que conserve sus datos personales cuando:<\/li>\n<li>El tratamiento de datos es il\u00edcito y, como interesado, usted se opone a la supresi\u00f3n de sus datos y solicita en su lugar la limitaci\u00f3n de su uso.<\/li>\n<li>EMULSIONIZER ya no necesita sus datos personales para los fines del tratamiento, pero los necesita para la formulaci\u00f3n, el ejercicio o la defensa de reclamaciones.<\/li>\n<\/ul>\n<\/td>\n<\/tr>\n<tr valign=\"top\">\n<td width=\"117\"><strong>\u00bfC\u00f3mo ejercer estos derechos?<\/strong><\/td>\n<td width=\"516\">Puede ejercer sus derechos enviando su solicitud por <a href=\"https:\/\/emulsionizer.com\/es\/contact\/\">correo postal<\/a>, Mediante solicitud escrita y firmada, acompa\u00f1ada de fotocopia de su DNI, NIE o Pasaporte, dirigida a la siguiente direcci\u00f3n: c\/ Picapedrers 10, PI Cam\u00ed a la Mar, 46120 Alboraia, Valencia (ESPA\u00d1A). Asimismo, le informamos de que, si considera que CBE no ha satisfecho correctamente el ejercicio de sus derechos, puede presentar una reclamaci\u00f3n ante la Agencia Espa\u00f1ola de Protecci\u00f3n de Datos (AEPD), con domicilio en la calle Jorge Juan n\u00ba 6, 28001 Madrid (Madrid). Si desea obtener m\u00e1s informaci\u00f3n sobre c\u00f3mo solicitar protecci\u00f3n a la AEPD, puede visitar su sitio web https:\/\/www.aepd.es o contactarnos a trav\u00e9s de los tel\u00e9fonos 901 100 099 y 91 266 35 17.<\/td>\n<\/tr>\n<\/tbody>\n<\/table>\n<p>&nbsp;<\/p>\n<p><strong>6. \u00bfQUE TRATAMIENTO HACEMOS DE TUS DATOS PERSONALES?<\/strong><\/p>\n<p>Queremos ser transparentes con usted e informarle sobre las operaciones que realizamos con sus datos y las finalidades para las que los tratamos. Por ello, hemos separado la informaci\u00f3n relativa en tablas independientes.<\/p>\n<p>Cada tabla descriptiva de cada tratamiento de datos personales incluye la siguiente informaci\u00f3n:<\/p>\n<p><strong>\u00bfCon qu\u00e9 finalidad tratamos sus datos?<\/strong><\/p>\n<p>En esta columna explicamos por qu\u00e9 y con qu\u00e9 finalidad tratamos sus datos personales.<\/p>\n<p><strong>\u00bfCu\u00e1l es la base legal que nos legitima para tratar sus datos?<\/strong><\/p>\n<p>La normativa de protecci\u00f3n de datos exige que, para el tratamiento de sus datos personales, contemos con una base legal que lo legitime. Por lo tanto, para tratar su informaci\u00f3n personal, nos basamos en las siguientes bases legales:<\/p>\n<ul>\n<li>Inter\u00e9s leg\u00edtimo: Como empresa, CHUFAMIX tiene un inter\u00e9s leg\u00edtimo en recopilar y procesar sus datos personales para estudiar y analizar la idoneidad de nuestro sitio web y productos, para determinar si se adaptan a las necesidades de nuestros clientes y usuarios o, por el contrario, si deben modificarse en alg\u00fan aspecto espec\u00edfico o pueden mejorarse para adaptarse mejor a dichas necesidades o a las nuevas tendencias del mercado. Tambi\u00e9n tiene un inter\u00e9s leg\u00edtimo en mantener un contacto regular con sus clientes y usuarios para mantenerlos informados sobre sus novedades, promociones y productos, y para recomendarles u ofrecerles los productos que mejor se adapten a sus necesidades, caracter\u00edsticas y preferencias. En cualquier caso, este inter\u00e9s leg\u00edtimo se basa en un an\u00e1lisis del equilibrio adecuado entre nuestros intereses en el procesamiento de sus datos personales y sus derechos y libertades. El resultado de dicho an\u00e1lisis determinar\u00e1 si podemos utilizar su informaci\u00f3n personal para los tratamientos descritos en esta Pol\u00edtica de Privacidad.<\/li>\n<li>Ejecuci\u00f3n del contrato: Al aceptar expresamente las Condiciones Generales de Contrataci\u00f3n, usted forma parte del contrato de compraventa del producto que ha suscrito con nosotros. Para que podamos cumplir con las obligaciones establecidas en estas Condiciones Generales de Contrataci\u00f3n, necesitamos recopilar y tratar sus datos personales. Por lo tanto, su negativa a proporcionarnos los datos personales necesarios para el tratamiento de las Condiciones Generales de Contrataci\u00f3n implicar\u00e1 la imposibilidad de que pueda adquirir productos en CHUFAMIX.<\/li>\n<li>LEjecuci\u00f3n del contrato: Al aceptar expresamente las Condiciones Generales de Contrataci\u00f3n, usted forma parte del contrato de compraventa del producto que ha suscrito con nosotros. Para que podamos cumplir con las obligaciones establecidas en estas Condiciones Generales de Contrataci\u00f3n, necesitamos recopilar y tratar sus datos personales. Por lo tanto, su negativa a proporcionarnos los datos personales necesarios para el tratamiento de las Condiciones Generales de Contrataci\u00f3n implicar\u00e1 la imposibilidad de que pueda adquirir productos en CHUFAMIX.<\/li>\n<li>Su consentimiento: En caso de que CHUFAMIX desee realizar alg\u00fan tratamiento de sus datos cuya justificaci\u00f3n legal no pueda basarse en la base legal explicada anteriormente, como por ejemplo, al contactarnos a trav\u00e9s de nuestro servicio de atenci\u00f3n al cliente, le solicitaremos previamente su consentimiento para dicho tratamiento. En cualquier caso, le informamos que, en tales casos, podr\u00e1 retirar su consentimiento en cualquier momento.<\/li>\n<\/ul>\n<p><strong>\u00bfDurante cu\u00e1nto tiempo conservamos sus datos?<\/strong><\/p>\n<p>Esta columna proporciona informaci\u00f3n indicativa sobre el tiempo durante el cual se conservar\u00e1n sus datos. El tiempo de conservaci\u00f3n depender\u00e1, en cualquier caso, del tratamiento que se realice de su informaci\u00f3n personal. Tenga en cuenta que ciertas normativas contables, fiscales, de consumo, de protecci\u00f3n de datos y contractuales pueden exigirnos conservar ciertos datos de clientes y usuarios durante un tiempo determinado.<\/p>\n<p><strong>\u00bfCu\u00e1les son sus derechos cuando nos proporciona sus datos?<\/strong><\/p>\n<p>Esta columna describe los derechos que puede ejercer sobre sus datos personales en funci\u00f3n del tratamiento que se realice de ellos. Tenga en cuenta que, seg\u00fan la base legal que legitime el tratamiento de sus datos, sus derechos podr\u00edan verse limitados.<\/p>\n<p>A continuaci\u00f3n, encontrar\u00e1 una descripci\u00f3n m\u00e1s detallada de los diferentes tratamientos que EMULSIONIZER realiza sobre sus datos personales:<\/p>\n<p><strong>7. CONTACTO<\/strong><\/p>\n<p>Si tiene alguna pregunta sobre el tratamiento que realizamos de sus datos personales, puede ponerse en contacto con nosotros a trav\u00e9s de este <a href=\"https:\/\/emulsionizer.com\/es\/contact\/\">formulario de contacto<\/a><\/p>\n","protected":false},"excerpt":{"rendered":"<p>Informaci\u00f3n b\u00e1sica sobre protecci\u00f3n de datos Responsable CHUFAMIX SL Proposito&hellip; <a class=\"continue\" href=\"https:\/\/emulsionizer.com\/es\/privacy-policy\/\">Continuar<span> Pol\u00edtica de privacidad<\/span><\/a><\/p>\n","protected":false},"author":1,"featured_media":0,"parent":0,"menu_order":0,"comment_status":"closed","ping_status":"closed","template":"","meta":{"footnotes":""},"class_list":["post-20576","page","type-page","status-publish","hentry"],"yoast_head":"<!-- This site is optimized with the Yoast SEO plugin v26.4 - https:\/\/yoast.com\/wordpress\/plugins\/seo\/ -->\n<title>Emulsionizer - Pol\u00edtica de privacidad -<\/title>\n<meta name=\"description\" content=\"Emulsionizer - Pol\u00edtica de privacidad -\" \/>\n<meta name=\"robots\" content=\"index, follow, max-snippet:-1, max-image-preview:large, max-video-preview:-1\" \/>\n<link rel=\"canonical\" href=\"https:\/\/emulsionizer.com\/es\/privacy-policy\/\" \/>\n<meta property=\"og:locale\" content=\"es_ES\" \/>\n<meta property=\"og:type\" content=\"article\" \/>\n<meta property=\"og:title\" content=\"Emulsionizer - Pol\u00edtica de privacidad -\" \/>\n<meta property=\"og:description\" content=\"Emulsionizer - Pol\u00edtica de privacidad -\" \/>\n<meta property=\"og:url\" content=\"https:\/\/emulsionizer.com\/es\/privacy-policy\/\" \/>\n<meta property=\"og:site_name\" content=\"Emulsionizer\" \/>\n<meta property=\"article:modified_time\" content=\"2025-03-27T10:09:22+00:00\" \/>\n<meta name=\"twitter:card\" content=\"summary_large_image\" \/>\n<meta name=\"twitter:label1\" content=\"Tiempo de lectura\" \/>\n\t<meta name=\"twitter:data1\" content=\"9 minutos\" \/>\n<script type=\"application\/ld+json\" class=\"yoast-schema-graph\">{\"@context\":\"https:\/\/schema.org\",\"@graph\":[{\"@type\":\"WebPage\",\"@id\":\"https:\/\/emulsionizer.com\/es\/privacy-policy\/\",\"url\":\"https:\/\/emulsionizer.com\/es\/privacy-policy\/\",\"name\":\"Emulsionizer - Pol\u00edtica de privacidad -\",\"isPartOf\":{\"@id\":\"https:\/\/emulsionizer.com\/#website\"},\"datePublished\":\"2022-07-14T05:32:41+00:00\",\"dateModified\":\"2025-03-27T10:09:22+00:00\",\"description\":\"Emulsionizer - Pol\u00edtica de privacidad -\",\"breadcrumb\":{\"@id\":\"https:\/\/emulsionizer.com\/es\/privacy-policy\/#breadcrumb\"},\"inLanguage\":\"es\",\"potentialAction\":[{\"@type\":\"ReadAction\",\"target\":[\"https:\/\/emulsionizer.com\/es\/privacy-policy\/\"]}]},{\"@type\":\"BreadcrumbList\",\"@id\":\"https:\/\/emulsionizer.com\/es\/privacy-policy\/#breadcrumb\",\"itemListElement\":[{\"@type\":\"ListItem\",\"position\":1,\"name\":\"Home\",\"item\":\"https:\/\/emulsionizer.com\/es\/\"},{\"@type\":\"ListItem\",\"position\":2,\"name\":\"Pol\u00edtica de privacidad\"}]},{\"@type\":\"WebSite\",\"@id\":\"https:\/\/emulsionizer.com\/#website\",\"url\":\"https:\/\/emulsionizer.com\/\",\"name\":\"Emulsionizer\",\"description\":\"The best kitchen utensils for gastronomic emulsions that works with a hand blender or mixer\",\"potentialAction\":[{\"@type\":\"SearchAction\",\"target\":{\"@type\":\"EntryPoint\",\"urlTemplate\":\"https:\/\/emulsionizer.com\/?s={search_term_string}\"},\"query-input\":{\"@type\":\"PropertyValueSpecification\",\"valueRequired\":true,\"valueName\":\"search_term_string\"}}],\"inLanguage\":\"es\"}]}<\/script>\n<!-- \/ Yoast SEO plugin. -->","yoast_head_json":{"title":"Emulsionizer - Pol\u00edtica de privacidad -","description":"Emulsionizer - Pol\u00edtica de privacidad -","robots":{"index":"index","follow":"follow","max-snippet":"max-snippet:-1","max-image-preview":"max-image-preview:large","max-video-preview":"max-video-preview:-1"},"canonical":"https:\/\/emulsionizer.com\/es\/privacy-policy\/","og_locale":"es_ES","og_type":"article","og_title":"Emulsionizer - Pol\u00edtica de privacidad -","og_description":"Emulsionizer - Pol\u00edtica de privacidad -","og_url":"https:\/\/emulsionizer.com\/es\/privacy-policy\/","og_site_name":"Emulsionizer","article_modified_time":"2025-03-27T10:09:22+00:00","twitter_card":"summary_large_image","twitter_misc":{"Tiempo de lectura":"9 minutos"},"schema":{"@context":"https:\/\/schema.org","@graph":[{"@type":"WebPage","@id":"https:\/\/emulsionizer.com\/es\/privacy-policy\/","url":"https:\/\/emulsionizer.com\/es\/privacy-policy\/","name":"Emulsionizer - Pol\u00edtica de privacidad -","isPartOf":{"@id":"https:\/\/emulsionizer.com\/#website"},"datePublished":"2022-07-14T05:32:41+00:00","dateModified":"2025-03-27T10:09:22+00:00","description":"Emulsionizer - Pol\u00edtica de privacidad -","breadcrumb":{"@id":"https:\/\/emulsionizer.com\/es\/privacy-policy\/#breadcrumb"},"inLanguage":"es","potentialAction":[{"@type":"ReadAction","target":["https:\/\/emulsionizer.com\/es\/privacy-policy\/"]}]},{"@type":"BreadcrumbList","@id":"https:\/\/emulsionizer.com\/es\/privacy-policy\/#breadcrumb","itemListElement":[{"@type":"ListItem","position":1,"name":"Home","item":"https:\/\/emulsionizer.com\/es\/"},{"@type":"ListItem","position":2,"name":"Pol\u00edtica de privacidad"}]},{"@type":"WebSite","@id":"https:\/\/emulsionizer.com\/#website","url":"https:\/\/emulsionizer.com\/","name":"Emulsionizer","description":"The best kitchen utensils for gastronomic emulsions that works with a hand blender or mixer","potentialAction":[{"@type":"SearchAction","target":{"@type":"EntryPoint","urlTemplate":"https:\/\/emulsionizer.com\/?s={search_term_string}"},"query-input":{"@type":"PropertyValueSpecification","valueRequired":true,"valueName":"search_term_string"}}],"inLanguage":"es"}]}},"_links":{"self":[{"href":"https:\/\/emulsionizer.com\/es\/wp-json\/wp\/v2\/pages\/20576","targetHints":{"allow":["GET"]}}],"collection":[{"href":"https:\/\/emulsionizer.com\/es\/wp-json\/wp\/v2\/pages"}],"about":[{"href":"https:\/\/emulsionizer.com\/es\/wp-json\/wp\/v2\/types\/page"}],"author":[{"embeddable":true,"href":"https:\/\/emulsionizer.com\/es\/wp-json\/wp\/v2\/users\/1"}],"replies":[{"embeddable":true,"href":"https:\/\/emulsionizer.com\/es\/wp-json\/wp\/v2\/comments?post=20576"}],"version-history":[{"count":2,"href":"https:\/\/emulsionizer.com\/es\/wp-json\/wp\/v2\/pages\/20576\/revisions"}],"predecessor-version":[{"id":20729,"href":"https:\/\/emulsionizer.com\/es\/wp-json\/wp\/v2\/pages\/20576\/revisions\/20729"}],"wp:attachment":[{"href":"https:\/\/emulsionizer.com\/es\/wp-json\/wp\/v2\/media?parent=20576"}],"curies":[{"name":"wp","href":"https:\/\/api.w.org\/{rel}","templated":true}]}}