{"id":20575,"date":"2022-07-14T07:32:41","date_gmt":"2022-07-14T05:32:41","guid":{"rendered":"https:\/\/emulsionizer.com\/cookie-law\/"},"modified":"2025-03-27T09:25:50","modified_gmt":"2025-03-27T08:25:50","slug":"cookie-law","status":"publish","type":"page","link":"https:\/\/emulsionizer.com\/es\/cookie-law\/","title":{"rendered":"Ley de Cookies"},"content":{"rendered":"<div class=\"entry-content\">\n<div class=\"et_pb_module et_pb_text et_pb_text_0 et_pb_text_align_left et_pb_bg_layout_light\">\n<div class=\"et_pb_text_inner\">\n<h1>Pol\u00edtica de cookies<\/h1>\n<\/div>\n<\/div>\n<div class=\"et_pb_module et_pb_text et_pb_text_1 et_pb_text_align_left et_pb_bg_layout_light\">\n<div class=\"et_pb_text_inner\">\n<p>Una cookie es un archivo de informaci\u00f3n que el servidor de este sitio web env\u00eda al dispositivo (ordenador, smartphone, tablet, etc.) del usuario que accede a la p\u00e1gina para almacenar y recuperar informaci\u00f3n sobre la navegaci\u00f3n realizada desde dicho dispositivo.<\/p>\n<p>emulsionizer.com utiliza varios tipos de cookies:<\/p>\n<p><strong>Nuestras cookies<\/strong><\/p>\n<p>Cookies t\u00e9cnicas: permiten al usuario navegar por el sitio web y utilizar las diferentes opciones o servicios que existen en \u00e9l, como, por ejemplo, controlar el tr\u00e1fico y la comunicaci\u00f3n de datos, identificar la sesi\u00f3n, acceder a partes de acceso restringido, recordar los elementos que componen un pedido, realizar el proceso de compra de un pedido, solicitar la inscripci\u00f3n o participaci\u00f3n en un evento, utilizar elementos de seguridad durante la navegaci\u00f3n, almacenar contenidos para la difusi\u00f3n de v\u00eddeos o sonido o compartir contenidos a trav\u00e9s de redes sociales.<\/p>\n<p>Cookies de an\u00e1lisis y personalizaci\u00f3n: permiten al usuario acceder al servicio con algunas caracter\u00edsticas de car\u00e1cter general predefinidas en funci\u00f3n de una serie de criterios en su terminal, como el idioma, el tipo de navegador a trav\u00e9s del cual accede al servicio, la configuraci\u00f3n regional desde donde accede al servicio, etc.<\/p>\n<p><strong>Cookies de terceros<\/strong><\/p>\n<p>De Google Analytics: Cookies anal\u00edticas: son aquellas que permiten al responsable de las mismas el seguimiento y an\u00e1lisis del comportamiento de los usuarios de los sitios web a los que est\u00e1n vinculadas. La informaci\u00f3n recogida mediante este tipo de cookies se utiliza para medir la actividad de los sitios web, aplicaciones o plataformas y para elaborar perfiles de navegaci\u00f3n de los usuarios de dichos sitios, aplicaciones y plataformas, con el fin de introducir mejoras basadas en el an\u00e1lisis de los datos de uso que hacen los usuarios del servicio.<\/p>\n<p>Google Analytics almacena las cookies en servidores ubicados en Estados Unidos y se compromete a no compartirlas con terceros, excepto en los casos en que sea necesario para el funcionamiento del sistema o cuando la ley lo obligue. Seg\u00fan Google, no guarda su direcci\u00f3n IP. Google Inc. es una empresa adherida al Acuerdo de Escudo de Privacidad que garantiza que todos los datos transferidos ser\u00e1n tratados con un nivel de protecci\u00f3n conforme a la normativa europea. Puede consultar informaci\u00f3n detallada al respecto en este enlace: <a href=\"https:\/\/support.google.com\/analytics\/topic\/2919631?hl=es).\" target=\"_blank\" rel=\"noopener external noreferrer\" data-wpel-link=\"external\">https:\/\/support.google.com\/analytics\/topic\/2919631?hl=es).<\/a><\/p>\n<p>Si desea informaci\u00f3n sobre el uso que Google da a las cookies le adjuntamos este otro enlace: <a href=\"https:\/\/developers.google.com\/analytics\/devguides\/collection\/analyticsjs\/cookie-usage?hl=es&amp;csw=1).\" target=\"_blank\" rel=\"noopener external noreferrer\" data-wpel-link=\"external\">https:\/\/developers.google.com\/analytics\/devguides\/collection\/analyticsjs\/cookie-usage?hl=es&amp;csw=1).<\/a><\/p>\n<p>Desde la pasarela de pago de PayPal: cookies externas de la pasarela de pago, que se utilizan para que el cliente pueda interactuar y realizar pagos en l\u00ednea (paypal.com) y que se generan \u00fanicamente para los usuarios de dichas pasarelas de pago. Las condiciones de uso de estas cookies y la informaci\u00f3n recopilada se rigen por la pol\u00edtica de privacidad de la pasarela de pago paypal.com, por lo que si decide eliminar estas cookies de su navegador, no podremos garantizar los pagos en l\u00ednea de nuestros servicios; en ese caso, deber\u00e1 realizar los pagos con tarjeta de cr\u00e9dito, contra reembolso o transferencia bancaria.<\/p>\n<p>Puede obtener m\u00e1s informaci\u00f3n sobre el uso de cookies por parte de PayPal en el siguiente enlace:<a href=\"https:\/\/www.paypal.com\/es\/webapps\/mpp\/ua\/cookie-full\" target=\"_blank\" rel=\"noopener external noreferrer\" data-wpel-link=\"external\">https:\/\/www.paypal.com\/es\/webapps\/mpp\/ua\/cookie-full<\/a><\/p>\n<p>Redes sociales: cookies de redes sociales externas: se utilizan para que los visitantes puedan interactuar con el contenido de diferentes plataformas sociales (Facebook, YouTube, Twitter, LinkedIn, Pinterest, etc.) y se generan \u00fanicamente para los usuarios de dichas redes. Las condiciones de uso de estas cookies y la informaci\u00f3n recopilada se regulan por la pol\u00edtica de privacidad de la plataforma social correspondiente.<\/p>\n<p>El usuario puede, en cualquier momento, elegir qu\u00e9 cookies quiere que funcionen en este sitio web configurando su navegador; por ejemplo:<\/p>\n<p>Chrome, desde:<br \/>\n<a href=\"https:\/\/support.google.com\/chrome\/answer\/95647?hl=es\" target=\"_blank\" rel=\"noopener external noreferrer\" data-wpel-link=\"external\">https:\/\/support.google.com\/chrome\/bin\/answer.py?hl=es&amp;answer=95647<\/a><\/p>\n<p>Explorer, desde:<br \/>\n<a href=\"https:\/\/support.microsoft.com\/en-us\/windows?ui=en-US&amp;rs=en-001&amp;ad=US\" target=\"_blank\" rel=\"noopener external noreferrer\" data-wpel-link=\"external\">https:\/\/support.microsoft.com\/en-us\/windows?ui=en-US&amp;rs=en-001&amp;ad=UShttps:\/\/windows.microsoft.com\/es-es\/windows7\/how-to-manage-cookies-in-internet-explorer-9<\/a><\/p>\n<p>Firefox, desde:<br \/>\n<a href=\"https:\/\/support.mozilla.org\/es\/kb\/habilitar-y-deshabilitar-cookies-sitios-web-rastrear-preferencias?redirectslug=habilitar-y-deshabilitar-cookies-que-los-sitios-we&amp;redirectlocale=es\" target=\"_blank\" rel=\"noopener external noreferrer\" data-wpel-link=\"external\">https:\/\/support.mozilla.org\/es\/kb\/habilitar-y-deshabilitar-cookies-que-los-sitios-we<\/a><\/p>\n<p>Safari, desde:<\/p>\n<p><a href=\"https:\/\/support.apple.com\/guide\/safari\/manage-cookies-and-website-data-sfri11471\/mac\" rel=\"external noopener noreferrer\" data-wpel-link=\"external\">https:\/\/support.apple.com\/kb\/ph5042<\/a><\/p>\n<p>Operates, desde:<\/p>\n<p><a href=\"https:\/\/help.opera.com\/en\/latest\/web-preferences\/\" target=\"_blank\" rel=\"noopener external noreferrer\" data-wpel-link=\"external\">https:\/\/help.opera.com\/Windows\/11.50\/es-ES\/cookies.html<\/a><\/p>\n<p>Existen herramientas de terceros, disponibles online, que permiten a los usuarios detectar las cookies en cada sitio web que visitan y gestionar su desactivaci\u00f3n.<\/p>\n<p>Los navegadores web son las herramientas encargadas de almacenar las cookies y desde este lugar debe ejercer su derecho a eliminarlas o desactivarlas. Ni este sitio web ni sus representantes legales pueden garantizar la correcta o incorrecta manipulaci\u00f3n de las cookies por parte de los mencionados navegadores.<\/p>\n<p>En algunos casos es necesario instalar cookies para que el navegador no olvide su decisi\u00f3n de no aceptarlas.<\/p>\n<p>La aceptaci\u00f3n de esta pol\u00edtica de privacidad implica que el usuario ha sido informado de forma clara y completa sobre el uso de dispositivos de almacenamiento y recuperaci\u00f3n de datos (cookies), as\u00ed como que EMULSIONIZER cuenta con el consentimiento del usuario para su uso, tal y como establece el art\u00edculo 22 de la Ley 34\/2002, de 11 de julio, de Servicios de la Sociedad de la Informaci\u00f3n y Comercio Electr\u00f3nico (LSSI-CE).<\/p>\n<p>Para cualquier duda o consulta sobre esta pol\u00edtica de cookies, no dude en contactar con <a href=\"https:\/\/emulsionizer.com\/es\/contact\/\">nosotros<\/a>.<\/p>\n<\/div>\n<\/div>\n<\/div>\n","protected":false},"excerpt":{"rendered":"<p>Pol\u00edtica de cookies Una cookie es un archivo de informaci\u00f3n&hellip; <a class=\"continue\" href=\"https:\/\/emulsionizer.com\/es\/cookie-law\/\">Continuar<span> Ley de Cookies<\/span><\/a><\/p>\n","protected":false},"author":1,"featured_media":0,"parent":0,"menu_order":0,"comment_status":"closed","ping_status":"closed","template":"","meta":{"footnotes":""},"class_list":["post-20575","page","type-page","status-publish","hentry"],"yoast_head":"<!-- This site is optimized with the Yoast SEO plugin v26.4 - https:\/\/yoast.com\/wordpress\/plugins\/seo\/ -->\n<title>Emulsionizer - Ley de Cookies -<\/title>\n<meta name=\"description\" content=\"Emulsionizer - Ley de Cookies -\" \/>\n<meta name=\"robots\" content=\"index, follow, max-snippet:-1, max-image-preview:large, max-video-preview:-1\" \/>\n<link rel=\"canonical\" href=\"https:\/\/emulsionizer.com\/es\/cookie-law\/\" \/>\n<meta property=\"og:locale\" content=\"es_ES\" \/>\n<meta property=\"og:type\" content=\"article\" \/>\n<meta property=\"og:title\" content=\"Emulsionizer - Ley de Cookies -\" \/>\n<meta property=\"og:description\" content=\"Emulsionizer - Ley de Cookies -\" \/>\n<meta property=\"og:url\" content=\"https:\/\/emulsionizer.com\/es\/cookie-law\/\" \/>\n<meta property=\"og:site_name\" content=\"Emulsionizer\" \/>\n<meta property=\"article:modified_time\" content=\"2025-03-27T08:25:50+00:00\" \/>\n<meta name=\"twitter:card\" content=\"summary_large_image\" \/>\n<meta name=\"twitter:label1\" content=\"Tiempo de lectura\" \/>\n\t<meta name=\"twitter:data1\" content=\"4 minutos\" \/>\n<script type=\"application\/ld+json\" class=\"yoast-schema-graph\">{\"@context\":\"https:\/\/schema.org\",\"@graph\":[{\"@type\":\"WebPage\",\"@id\":\"https:\/\/emulsionizer.com\/es\/cookie-law\/\",\"url\":\"https:\/\/emulsionizer.com\/es\/cookie-law\/\",\"name\":\"Emulsionizer - Ley de Cookies -\",\"isPartOf\":{\"@id\":\"https:\/\/emulsionizer.com\/#website\"},\"datePublished\":\"2022-07-14T05:32:41+00:00\",\"dateModified\":\"2025-03-27T08:25:50+00:00\",\"description\":\"Emulsionizer - Ley de Cookies -\",\"breadcrumb\":{\"@id\":\"https:\/\/emulsionizer.com\/es\/cookie-law\/#breadcrumb\"},\"inLanguage\":\"es\",\"potentialAction\":[{\"@type\":\"ReadAction\",\"target\":[\"https:\/\/emulsionizer.com\/es\/cookie-law\/\"]}]},{\"@type\":\"BreadcrumbList\",\"@id\":\"https:\/\/emulsionizer.com\/es\/cookie-law\/#breadcrumb\",\"itemListElement\":[{\"@type\":\"ListItem\",\"position\":1,\"name\":\"Home\",\"item\":\"https:\/\/emulsionizer.com\/es\/\"},{\"@type\":\"ListItem\",\"position\":2,\"name\":\"Ley de Cookies\"}]},{\"@type\":\"WebSite\",\"@id\":\"https:\/\/emulsionizer.com\/#website\",\"url\":\"https:\/\/emulsionizer.com\/\",\"name\":\"Emulsionizer\",\"description\":\"The best kitchen utensils for gastronomic emulsions that works with a hand blender or mixer\",\"potentialAction\":[{\"@type\":\"SearchAction\",\"target\":{\"@type\":\"EntryPoint\",\"urlTemplate\":\"https:\/\/emulsionizer.com\/?s={search_term_string}\"},\"query-input\":{\"@type\":\"PropertyValueSpecification\",\"valueRequired\":true,\"valueName\":\"search_term_string\"}}],\"inLanguage\":\"es\"}]}<\/script>\n<!-- \/ Yoast SEO plugin. -->","yoast_head_json":{"title":"Emulsionizer - Ley de Cookies -","description":"Emulsionizer - Ley de Cookies -","robots":{"index":"index","follow":"follow","max-snippet":"max-snippet:-1","max-image-preview":"max-image-preview:large","max-video-preview":"max-video-preview:-1"},"canonical":"https:\/\/emulsionizer.com\/es\/cookie-law\/","og_locale":"es_ES","og_type":"article","og_title":"Emulsionizer - Ley de Cookies -","og_description":"Emulsionizer - Ley de Cookies -","og_url":"https:\/\/emulsionizer.com\/es\/cookie-law\/","og_site_name":"Emulsionizer","article_modified_time":"2025-03-27T08:25:50+00:00","twitter_card":"summary_large_image","twitter_misc":{"Tiempo de lectura":"4 minutos"},"schema":{"@context":"https:\/\/schema.org","@graph":[{"@type":"WebPage","@id":"https:\/\/emulsionizer.com\/es\/cookie-law\/","url":"https:\/\/emulsionizer.com\/es\/cookie-law\/","name":"Emulsionizer - Ley de Cookies -","isPartOf":{"@id":"https:\/\/emulsionizer.com\/#website"},"datePublished":"2022-07-14T05:32:41+00:00","dateModified":"2025-03-27T08:25:50+00:00","description":"Emulsionizer - Ley de Cookies -","breadcrumb":{"@id":"https:\/\/emulsionizer.com\/es\/cookie-law\/#breadcrumb"},"inLanguage":"es","potentialAction":[{"@type":"ReadAction","target":["https:\/\/emulsionizer.com\/es\/cookie-law\/"]}]},{"@type":"BreadcrumbList","@id":"https:\/\/emulsionizer.com\/es\/cookie-law\/#breadcrumb","itemListElement":[{"@type":"ListItem","position":1,"name":"Home","item":"https:\/\/emulsionizer.com\/es\/"},{"@type":"ListItem","position":2,"name":"Ley de Cookies"}]},{"@type":"WebSite","@id":"https:\/\/emulsionizer.com\/#website","url":"https:\/\/emulsionizer.com\/","name":"Emulsionizer","description":"The best kitchen utensils for gastronomic emulsions that works with a hand blender or mixer","potentialAction":[{"@type":"SearchAction","target":{"@type":"EntryPoint","urlTemplate":"https:\/\/emulsionizer.com\/?s={search_term_string}"},"query-input":{"@type":"PropertyValueSpecification","valueRequired":true,"valueName":"search_term_string"}}],"inLanguage":"es"}]}},"_links":{"self":[{"href":"https:\/\/emulsionizer.com\/es\/wp-json\/wp\/v2\/pages\/20575","targetHints":{"allow":["GET"]}}],"collection":[{"href":"https:\/\/emulsionizer.com\/es\/wp-json\/wp\/v2\/pages"}],"about":[{"href":"https:\/\/emulsionizer.com\/es\/wp-json\/wp\/v2\/types\/page"}],"author":[{"embeddable":true,"href":"https:\/\/emulsionizer.com\/es\/wp-json\/wp\/v2\/users\/1"}],"replies":[{"embeddable":true,"href":"https:\/\/emulsionizer.com\/es\/wp-json\/wp\/v2\/comments?post=20575"}],"version-history":[{"count":2,"href":"https:\/\/emulsionizer.com\/es\/wp-json\/wp\/v2\/pages\/20575\/revisions"}],"predecessor-version":[{"id":20710,"href":"https:\/\/emulsionizer.com\/es\/wp-json\/wp\/v2\/pages\/20575\/revisions\/20710"}],"wp:attachment":[{"href":"https:\/\/emulsionizer.com\/es\/wp-json\/wp\/v2\/media?parent=20575"}],"curies":[{"name":"wp","href":"https:\/\/api.w.org\/{rel}","templated":true}]}}