{"id":20564,"date":"2023-06-26T08:40:47","date_gmt":"2023-06-26T06:40:47","guid":{"rendered":"https:\/\/emulsionizer.com\/return-refund-policy\/"},"modified":"2025-03-27T11:44:03","modified_gmt":"2025-03-27T10:44:03","slug":"return-refund-policy","status":"publish","type":"page","link":"https:\/\/emulsionizer.com\/es\/return-refund-policy\/","title":{"rendered":"Pol\u00edtica de devoluciones y reembolsos"},"content":{"rendered":"\r\n<div class=\"et_pb_module et_pb_text et_pb_text_0  et_pb_text_align_left et_pb_bg_layout_light\">\r\n<div class=\"et_pb_text_inner\">\r\n<h1>Pol\u00edtica de devoluciones y reembolsos<\/h1>\r\n<\/div>\r\n<\/div>\r\n<div class=\"et_pb_module et_pb_text et_pb_text_1  et_pb_text_align_left et_pb_bg_layout_light\">\r\n<div class=\"et_pb_text_inner\">\r\n<p>Por favor, lea atentamente las condiciones y plazos determinados por CHUFAMIX SL para poder realizar una devoluci\u00f3n.:<\/p>\r\n<ol>\r\n<li>\r\n<ol>\r\n<li>Dispones de 14 d\u00edas, desde la recepci\u00f3n del paquete, para poder realizar la devoluci\u00f3n.<\/li>\r\n<li>No aceptaremos devoluciones de productos que hayan sido usados.<\/li>\r\n<li>El producto debe ser devuelto en su embalaje original y en perfecto estado.<\/li>\r\n<li>Para gestionar la devoluci\u00f3n, por favor <a href=\"https:\/\/emulsionizer.com\/es\/contact\/\">contacte con nosotros por aqu\u00ed<\/a> o por tel\u00e9fono al +34 961 861 561 inform\u00e1ndonos del n\u00famero de entrega.<\/li>\r\n<li>El coste del transporte del producto devuelto correr\u00e1 a cargo del cliente seg\u00fan lo establecido en la GLDC.<\/li>\r\n<li>Una vez recibida la mercanc\u00eda en nuestro almac\u00e9n y previa comprobaci\u00f3n del estado de la misma, procederemos al reembolso de su importe, seg\u00fan la modalidad de pago realizada por el cliente, excepto pago en efectivo, que se reembolsar\u00e1 mediante transferencia bancaria y, en cualquier caso, en un plazo no superior a 14 d\u00edas naturales desde la recepci\u00f3n de la mercanc\u00eda devuelta.<\/li>\r\n<li>Atenci\u00f3n, al devolver el producto, aseg\u00farese de no incluir ning\u00fan producto ajeno al sitio web de emulsionizer. Tenga en cuenta que no nos responsabilizamos de ello y no se reembolsar\u00e1 el producto ni el importe correspondiente.<\/li>\r\n<\/ol>\r\n<\/li>\r\n<\/ol>\r\n<p>Le recordamos que el Emulsionizer\u00ae y CBE\u00ae cuentan con 3 a\u00f1os de garant\u00eda.<\/p>\r\n<\/div>\r\n<\/div>\r\n","protected":false},"excerpt":{"rendered":"<p>Pol\u00edtica de devoluciones y reembolsos Por favor, lea atentamente las&hellip; <a class=\"continue\" href=\"https:\/\/emulsionizer.com\/es\/return-refund-policy\/\">Continuar<span> Pol\u00edtica de devoluciones y reembolsos<\/span><\/a><\/p>\n","protected":false},"author":1,"featured_media":0,"parent":0,"menu_order":0,"comment_status":"closed","ping_status":"closed","template":"","meta":{"footnotes":""},"class_list":["post-20564","page","type-page","status-publish","hentry"],"yoast_head":"<!-- This site is optimized with the Yoast SEO plugin v26.4 - https:\/\/yoast.com\/wordpress\/plugins\/seo\/ -->\n<title>Pol\u00edtica de devoluciones y reembolsos - Emulsionizer<\/title>\n<meta name=\"robots\" content=\"index, follow, max-snippet:-1, max-image-preview:large, max-video-preview:-1\" \/>\n<link rel=\"canonical\" href=\"https:\/\/emulsionizer.com\/es\/return-refund-policy\/\" \/>\n<meta property=\"og:locale\" content=\"es_ES\" \/>\n<meta property=\"og:type\" content=\"article\" \/>\n<meta property=\"og:title\" content=\"Pol\u00edtica de devoluciones y reembolsos - Emulsionizer\" \/>\n<meta property=\"og:description\" content=\"Pol\u00edtica de devoluciones y reembolsos Por favor, lea atentamente las&hellip; Continuar Pol\u00edtica de devoluciones y reembolsos\" \/>\n<meta property=\"og:url\" content=\"https:\/\/emulsionizer.com\/es\/return-refund-policy\/\" \/>\n<meta property=\"og:site_name\" content=\"Emulsionizer\" \/>\n<meta property=\"article:modified_time\" content=\"2025-03-27T10:44:03+00:00\" \/>\n<meta name=\"twitter:card\" content=\"summary_large_image\" \/>\n<meta name=\"twitter:label1\" content=\"Tiempo de lectura\" \/>\n\t<meta name=\"twitter:data1\" content=\"1 minuto\" \/>\n<script type=\"application\/ld+json\" class=\"yoast-schema-graph\">{\"@context\":\"https:\/\/schema.org\",\"@graph\":[{\"@type\":\"WebPage\",\"@id\":\"https:\/\/emulsionizer.com\/es\/return-refund-policy\/\",\"url\":\"https:\/\/emulsionizer.com\/es\/return-refund-policy\/\",\"name\":\"Pol\u00edtica de devoluciones y reembolsos - Emulsionizer\",\"isPartOf\":{\"@id\":\"https:\/\/emulsionizer.com\/#website\"},\"datePublished\":\"2023-06-26T06:40:47+00:00\",\"dateModified\":\"2025-03-27T10:44:03+00:00\",\"breadcrumb\":{\"@id\":\"https:\/\/emulsionizer.com\/es\/return-refund-policy\/#breadcrumb\"},\"inLanguage\":\"es\",\"potentialAction\":[{\"@type\":\"ReadAction\",\"target\":[\"https:\/\/emulsionizer.com\/es\/return-refund-policy\/\"]}]},{\"@type\":\"BreadcrumbList\",\"@id\":\"https:\/\/emulsionizer.com\/es\/return-refund-policy\/#breadcrumb\",\"itemListElement\":[{\"@type\":\"ListItem\",\"position\":1,\"name\":\"Home\",\"item\":\"https:\/\/emulsionizer.com\/es\/\"},{\"@type\":\"ListItem\",\"position\":2,\"name\":\"Pol\u00edtica de devoluciones y reembolsos\"}]},{\"@type\":\"WebSite\",\"@id\":\"https:\/\/emulsionizer.com\/#website\",\"url\":\"https:\/\/emulsionizer.com\/\",\"name\":\"Emulsionizer\",\"description\":\"The best kitchen utensils for gastronomic emulsions that works with a hand blender or mixer\",\"potentialAction\":[{\"@type\":\"SearchAction\",\"target\":{\"@type\":\"EntryPoint\",\"urlTemplate\":\"https:\/\/emulsionizer.com\/?s={search_term_string}\"},\"query-input\":{\"@type\":\"PropertyValueSpecification\",\"valueRequired\":true,\"valueName\":\"search_term_string\"}}],\"inLanguage\":\"es\"}]}<\/script>\n<!-- \/ Yoast SEO plugin. -->","yoast_head_json":{"title":"Pol\u00edtica de devoluciones y reembolsos - Emulsionizer","robots":{"index":"index","follow":"follow","max-snippet":"max-snippet:-1","max-image-preview":"max-image-preview:large","max-video-preview":"max-video-preview:-1"},"canonical":"https:\/\/emulsionizer.com\/es\/return-refund-policy\/","og_locale":"es_ES","og_type":"article","og_title":"Pol\u00edtica de devoluciones y reembolsos - Emulsionizer","og_description":"Pol\u00edtica de devoluciones y reembolsos Por favor, lea atentamente las&hellip; Continuar Pol\u00edtica de devoluciones y reembolsos","og_url":"https:\/\/emulsionizer.com\/es\/return-refund-policy\/","og_site_name":"Emulsionizer","article_modified_time":"2025-03-27T10:44:03+00:00","twitter_card":"summary_large_image","twitter_misc":{"Tiempo de lectura":"1 minuto"},"schema":{"@context":"https:\/\/schema.org","@graph":[{"@type":"WebPage","@id":"https:\/\/emulsionizer.com\/es\/return-refund-policy\/","url":"https:\/\/emulsionizer.com\/es\/return-refund-policy\/","name":"Pol\u00edtica de devoluciones y reembolsos - Emulsionizer","isPartOf":{"@id":"https:\/\/emulsionizer.com\/#website"},"datePublished":"2023-06-26T06:40:47+00:00","dateModified":"2025-03-27T10:44:03+00:00","breadcrumb":{"@id":"https:\/\/emulsionizer.com\/es\/return-refund-policy\/#breadcrumb"},"inLanguage":"es","potentialAction":[{"@type":"ReadAction","target":["https:\/\/emulsionizer.com\/es\/return-refund-policy\/"]}]},{"@type":"BreadcrumbList","@id":"https:\/\/emulsionizer.com\/es\/return-refund-policy\/#breadcrumb","itemListElement":[{"@type":"ListItem","position":1,"name":"Home","item":"https:\/\/emulsionizer.com\/es\/"},{"@type":"ListItem","position":2,"name":"Pol\u00edtica de devoluciones y reembolsos"}]},{"@type":"WebSite","@id":"https:\/\/emulsionizer.com\/#website","url":"https:\/\/emulsionizer.com\/","name":"Emulsionizer","description":"The best kitchen utensils for gastronomic emulsions that works with a hand blender or mixer","potentialAction":[{"@type":"SearchAction","target":{"@type":"EntryPoint","urlTemplate":"https:\/\/emulsionizer.com\/?s={search_term_string}"},"query-input":{"@type":"PropertyValueSpecification","valueRequired":true,"valueName":"search_term_string"}}],"inLanguage":"es"}]}},"_links":{"self":[{"href":"https:\/\/emulsionizer.com\/es\/wp-json\/wp\/v2\/pages\/20564","targetHints":{"allow":["GET"]}}],"collection":[{"href":"https:\/\/emulsionizer.com\/es\/wp-json\/wp\/v2\/pages"}],"about":[{"href":"https:\/\/emulsionizer.com\/es\/wp-json\/wp\/v2\/types\/page"}],"author":[{"embeddable":true,"href":"https:\/\/emulsionizer.com\/es\/wp-json\/wp\/v2\/users\/1"}],"replies":[{"embeddable":true,"href":"https:\/\/emulsionizer.com\/es\/wp-json\/wp\/v2\/comments?post=20564"}],"version-history":[{"count":2,"href":"https:\/\/emulsionizer.com\/es\/wp-json\/wp\/v2\/pages\/20564\/revisions"}],"predecessor-version":[{"id":20738,"href":"https:\/\/emulsionizer.com\/es\/wp-json\/wp\/v2\/pages\/20564\/revisions\/20738"}],"wp:attachment":[{"href":"https:\/\/emulsionizer.com\/es\/wp-json\/wp\/v2\/media?parent=20564"}],"curies":[{"name":"wp","href":"https:\/\/api.w.org\/{rel}","templated":true}]}}