{"id":20561,"date":"2023-07-05T11:56:57","date_gmt":"2023-07-05T09:56:57","guid":{"rendered":"https:\/\/emulsionizer.com\/payment-methods\/"},"modified":"2025-03-27T10:46:50","modified_gmt":"2025-03-27T09:46:50","slug":"payment-methods","status":"publish","type":"page","link":"https:\/\/emulsionizer.com\/es\/payment-methods\/","title":{"rendered":"M\u00e9todos de pago"},"content":{"rendered":"<div class=\"et_pb_module et_pb_text et_pb_text_0 et_pb_text_align_left et_pb_bg_layout_light\">\n<div class=\"et_pb_text_inner\">\n<h1>M\u00e9todos de pago<\/h1>\n<\/div>\n<\/div>\n<div class=\"et_pb_module et_pb_text et_pb_text_1 et_pb_text_align_left et_pb_bg_layout_light\">\n<div class=\"et_pb_text_inner\">\n<p><strong>Pago seguro <img decoding=\"async\" class=\"wp-image-365 alignnone size-full\" src=\"https:\/\/www.veganmilker.com\/wp-content\/uploads\/pago-seguro.gif\" alt=\"Paga con seguridad\" width=\"42\" height=\"37\" \/><\/strong><\/p>\n<p>emulsionizer.com utiliza SSL: El protocolo SSL garantiza la autenticaci\u00f3n y la privacidad de la informaci\u00f3n en todas las transacciones.<\/p>\n<p>Las compras que realiza en nuestro sitio web son completamente seguras: sus datos personales y bancarios est\u00e1n protegidos y no son accesibles a personas no autorizadas en ning\u00fan momento del proceso. Tambi\u00e9n puede pagar mediante transferencia bancaria.<\/p>\n<p><strong>M\u00e9todos de pago disponibles:<\/strong><\/p>\n<\/div>\n<\/div>\n<div class=\"et_pb_module et_pb_image et_pb_image_0\"><span class=\"et_pb_image_wrap \"><img decoding=\"async\" class=\"wp-image-37481\" title=\"metodos-de-pago-2\" src=\"https:\/\/www.veganmilker.com\/wp-content\/uploads\/metodos-de-pago-2.png\" sizes=\"(min-width: 0px) and (max-width: 480px) 480px, (min-width: 481px) 830px, 100vw\" srcset=\"https:\/\/www.veganmilker.com\/wp-content\/uploads\/metodos-de-pago-2.png 830w, https:\/\/www.veganmilker.com\/wp-content\/uploads\/metodos-de-pago-2-480x49.png 480w\" alt=\"\" width=\"830\" height=\"84\" \/><\/span><\/div>\n<div class=\"et_pb_module et_pb_text et_pb_text_2 et_pb_text_align_left et_pb_bg_layout_light\">\n<div class=\"et_pb_text_inner\">\n<ul>\n<li><strong>Tarjeta de credito VISA o MasterCard.<\/strong><br \/>\nUn m\u00e9todo muy seguro, en el que sus datos bancarios est\u00e1n protegidos del acceso no autorizado durante la transmisi\u00f3n, utilizamos la pasarela de pago segura Stripe.<\/li>\n<li><strong>Transferencia bancaria.<\/strong><br \/>\nRealizando una transferencia bancaria al n\u00famero de cuenta que aparece al final del proceso de compra, indicando siempre su nombre y direcci\u00f3n. El env\u00edo se realiza al recibir el comprobante de pago. Si transcurridos 10 d\u00edas no lo recibimos, procederemos a rechazar su pedido.<\/li>\n<li><strong>PayPal.<\/strong><br \/>\nLa plataforma de pago seguro online m\u00e1s conocida y utilizada.<\/li>\n<\/ul>\n<\/div>\n<\/div>\n","protected":false},"excerpt":{"rendered":"<p>M\u00e9todos de pago Pago seguro emulsionizer.com utiliza SSL: El protocolo&hellip; <a class=\"continue\" href=\"https:\/\/emulsionizer.com\/es\/payment-methods\/\">Continuar<span> M\u00e9todos de pago<\/span><\/a><\/p>\n","protected":false},"author":1,"featured_media":0,"parent":0,"menu_order":0,"comment_status":"closed","ping_status":"closed","template":"","meta":{"footnotes":""},"class_list":["post-20561","page","type-page","status-publish","hentry"],"yoast_head":"<!-- This site is optimized with the Yoast SEO plugin v26.4 - https:\/\/yoast.com\/wordpress\/plugins\/seo\/ -->\n<title>M\u00e9todos de pago - Emulsionizer<\/title>\n<meta name=\"robots\" content=\"index, follow, max-snippet:-1, max-image-preview:large, max-video-preview:-1\" \/>\n<link rel=\"canonical\" href=\"https:\/\/emulsionizer.com\/es\/payment-methods\/\" \/>\n<meta property=\"og:locale\" content=\"es_ES\" \/>\n<meta property=\"og:type\" content=\"article\" \/>\n<meta property=\"og:title\" content=\"M\u00e9todos de pago - Emulsionizer\" \/>\n<meta property=\"og:description\" content=\"M\u00e9todos de pago Pago seguro emulsionizer.com utiliza SSL: El protocolo&hellip; Continuar M\u00e9todos de pago\" \/>\n<meta property=\"og:url\" content=\"https:\/\/emulsionizer.com\/es\/payment-methods\/\" \/>\n<meta property=\"og:site_name\" content=\"Emulsionizer\" \/>\n<meta property=\"article:modified_time\" content=\"2025-03-27T09:46:50+00:00\" \/>\n<meta property=\"og:image\" content=\"https:\/\/www.veganmilker.com\/wp-content\/uploads\/pago-seguro.gif\" \/>\n<meta name=\"twitter:card\" content=\"summary_large_image\" \/>\n<meta name=\"twitter:label1\" content=\"Tiempo de lectura\" \/>\n\t<meta name=\"twitter:data1\" content=\"2 minutos\" \/>\n<script type=\"application\/ld+json\" class=\"yoast-schema-graph\">{\"@context\":\"https:\/\/schema.org\",\"@graph\":[{\"@type\":\"WebPage\",\"@id\":\"https:\/\/emulsionizer.com\/es\/payment-methods\/\",\"url\":\"https:\/\/emulsionizer.com\/es\/payment-methods\/\",\"name\":\"M\u00e9todos de pago - Emulsionizer\",\"isPartOf\":{\"@id\":\"https:\/\/emulsionizer.com\/#website\"},\"primaryImageOfPage\":{\"@id\":\"https:\/\/emulsionizer.com\/es\/payment-methods\/#primaryimage\"},\"image\":{\"@id\":\"https:\/\/emulsionizer.com\/es\/payment-methods\/#primaryimage\"},\"thumbnailUrl\":\"https:\/\/www.veganmilker.com\/wp-content\/uploads\/pago-seguro.gif\",\"datePublished\":\"2023-07-05T09:56:57+00:00\",\"dateModified\":\"2025-03-27T09:46:50+00:00\",\"breadcrumb\":{\"@id\":\"https:\/\/emulsionizer.com\/es\/payment-methods\/#breadcrumb\"},\"inLanguage\":\"es\",\"potentialAction\":[{\"@type\":\"ReadAction\",\"target\":[\"https:\/\/emulsionizer.com\/es\/payment-methods\/\"]}]},{\"@type\":\"ImageObject\",\"inLanguage\":\"es\",\"@id\":\"https:\/\/emulsionizer.com\/es\/payment-methods\/#primaryimage\",\"url\":\"https:\/\/www.veganmilker.com\/wp-content\/uploads\/pago-seguro.gif\",\"contentUrl\":\"https:\/\/www.veganmilker.com\/wp-content\/uploads\/pago-seguro.gif\"},{\"@type\":\"BreadcrumbList\",\"@id\":\"https:\/\/emulsionizer.com\/es\/payment-methods\/#breadcrumb\",\"itemListElement\":[{\"@type\":\"ListItem\",\"position\":1,\"name\":\"Home\",\"item\":\"https:\/\/emulsionizer.com\/es\/\"},{\"@type\":\"ListItem\",\"position\":2,\"name\":\"M\u00e9todos de pago\"}]},{\"@type\":\"WebSite\",\"@id\":\"https:\/\/emulsionizer.com\/#website\",\"url\":\"https:\/\/emulsionizer.com\/\",\"name\":\"Emulsionizer\",\"description\":\"The best kitchen utensils for gastronomic emulsions that works with a hand blender or mixer\",\"potentialAction\":[{\"@type\":\"SearchAction\",\"target\":{\"@type\":\"EntryPoint\",\"urlTemplate\":\"https:\/\/emulsionizer.com\/?s={search_term_string}\"},\"query-input\":{\"@type\":\"PropertyValueSpecification\",\"valueRequired\":true,\"valueName\":\"search_term_string\"}}],\"inLanguage\":\"es\"}]}<\/script>\n<!-- \/ Yoast SEO plugin. -->","yoast_head_json":{"title":"M\u00e9todos de pago - Emulsionizer","robots":{"index":"index","follow":"follow","max-snippet":"max-snippet:-1","max-image-preview":"max-image-preview:large","max-video-preview":"max-video-preview:-1"},"canonical":"https:\/\/emulsionizer.com\/es\/payment-methods\/","og_locale":"es_ES","og_type":"article","og_title":"M\u00e9todos de pago - Emulsionizer","og_description":"M\u00e9todos de pago Pago seguro emulsionizer.com utiliza SSL: El protocolo&hellip; Continuar M\u00e9todos de pago","og_url":"https:\/\/emulsionizer.com\/es\/payment-methods\/","og_site_name":"Emulsionizer","article_modified_time":"2025-03-27T09:46:50+00:00","og_image":[{"url":"https:\/\/www.veganmilker.com\/wp-content\/uploads\/pago-seguro.gif","type":"","width":"","height":""}],"twitter_card":"summary_large_image","twitter_misc":{"Tiempo de lectura":"2 minutos"},"schema":{"@context":"https:\/\/schema.org","@graph":[{"@type":"WebPage","@id":"https:\/\/emulsionizer.com\/es\/payment-methods\/","url":"https:\/\/emulsionizer.com\/es\/payment-methods\/","name":"M\u00e9todos de pago - Emulsionizer","isPartOf":{"@id":"https:\/\/emulsionizer.com\/#website"},"primaryImageOfPage":{"@id":"https:\/\/emulsionizer.com\/es\/payment-methods\/#primaryimage"},"image":{"@id":"https:\/\/emulsionizer.com\/es\/payment-methods\/#primaryimage"},"thumbnailUrl":"https:\/\/www.veganmilker.com\/wp-content\/uploads\/pago-seguro.gif","datePublished":"2023-07-05T09:56:57+00:00","dateModified":"2025-03-27T09:46:50+00:00","breadcrumb":{"@id":"https:\/\/emulsionizer.com\/es\/payment-methods\/#breadcrumb"},"inLanguage":"es","potentialAction":[{"@type":"ReadAction","target":["https:\/\/emulsionizer.com\/es\/payment-methods\/"]}]},{"@type":"ImageObject","inLanguage":"es","@id":"https:\/\/emulsionizer.com\/es\/payment-methods\/#primaryimage","url":"https:\/\/www.veganmilker.com\/wp-content\/uploads\/pago-seguro.gif","contentUrl":"https:\/\/www.veganmilker.com\/wp-content\/uploads\/pago-seguro.gif"},{"@type":"BreadcrumbList","@id":"https:\/\/emulsionizer.com\/es\/payment-methods\/#breadcrumb","itemListElement":[{"@type":"ListItem","position":1,"name":"Home","item":"https:\/\/emulsionizer.com\/es\/"},{"@type":"ListItem","position":2,"name":"M\u00e9todos de pago"}]},{"@type":"WebSite","@id":"https:\/\/emulsionizer.com\/#website","url":"https:\/\/emulsionizer.com\/","name":"Emulsionizer","description":"The best kitchen utensils for gastronomic emulsions that works with a hand blender or mixer","potentialAction":[{"@type":"SearchAction","target":{"@type":"EntryPoint","urlTemplate":"https:\/\/emulsionizer.com\/?s={search_term_string}"},"query-input":{"@type":"PropertyValueSpecification","valueRequired":true,"valueName":"search_term_string"}}],"inLanguage":"es"}]}},"_links":{"self":[{"href":"https:\/\/emulsionizer.com\/es\/wp-json\/wp\/v2\/pages\/20561","targetHints":{"allow":["GET"]}}],"collection":[{"href":"https:\/\/emulsionizer.com\/es\/wp-json\/wp\/v2\/pages"}],"about":[{"href":"https:\/\/emulsionizer.com\/es\/wp-json\/wp\/v2\/types\/page"}],"author":[{"embeddable":true,"href":"https:\/\/emulsionizer.com\/es\/wp-json\/wp\/v2\/users\/1"}],"replies":[{"embeddable":true,"href":"https:\/\/emulsionizer.com\/es\/wp-json\/wp\/v2\/comments?post=20561"}],"version-history":[{"count":2,"href":"https:\/\/emulsionizer.com\/es\/wp-json\/wp\/v2\/pages\/20561\/revisions"}],"predecessor-version":[{"id":20727,"href":"https:\/\/emulsionizer.com\/es\/wp-json\/wp\/v2\/pages\/20561\/revisions\/20727"}],"wp:attachment":[{"href":"https:\/\/emulsionizer.com\/es\/wp-json\/wp\/v2\/media?parent=20561"}],"curies":[{"name":"wp","href":"https:\/\/api.w.org\/{rel}","templated":true}]}}