{"id":20560,"date":"2023-07-05T11:57:18","date_gmt":"2023-07-05T09:57:18","guid":{"rendered":"https:\/\/emulsionizer.com\/shipping-costs\/"},"modified":"2025-03-27T11:46:22","modified_gmt":"2025-03-27T10:46:22","slug":"shipping-costs","status":"publish","type":"page","link":"https:\/\/emulsionizer.com\/es\/shipping-costs\/","title":{"rendered":"Gastos de env\u00edo"},"content":{"rendered":"<h3>Gastos de env\u00edo<\/h3>\n<p>El env\u00edo es gratuito a todo el mundo, pero <strong>CHUFAMIX SL no se hace responsable de los gastos de aduana que puedan aplicarse al producto en cada pa\u00eds.<\/strong><\/p>\n<h3>Condiciones de env\u00edo<\/h3>\n<p>Todos nuestros env\u00edos se realizan a trav\u00e9s de una agencia de transporte, con n\u00famero de seguimiento e incluyen seguro.<\/p>\n<p>Los pedidos se preparan en un plazo de 24 o 48 horas, tras lo cual se env\u00edan por mensajer\u00eda, salvo en caso de fuerza mayor por causas ajenas a nuestra voluntad. En total, desde que realiza un pedido hasta que llega a su domicilio, el plazo puede ser de aproximadamente 48 horas en la Pen\u00ednsula Ib\u00e9rica, de 1 a 7 d\u00edas laborables en Europa y al menos 15 d\u00edas laborables en el resto del mundo.<br \/>\nLos s\u00e1bados, domingos y festivos no se realizan entregas ni recogidas.<\/p>\n<p>CHUFAMIX SL no se responsabiliza de posibles retrasos en la entrega causados \u200b\u200bpor el servicio de mensajer\u00eda.<\/p>\n<p>Para una mayor eficiencia y sostenibilidad, <strong>agrupe todos sus art\u00edculos en un mismo pedido<\/strong>.<\/p>\n<p>En relaci\u00f3n con los env\u00edos internacionales, tenga en cuenta que en algunos pa\u00edses las aduanas exigen el n\u00famero de documento nacional de identidad para completar el proceso. Si no completa esta informaci\u00f3n o la completa incorrectamente, el env\u00edo podr\u00eda ser retenido por los servicios aduaneros.<\/p>\n<p>CBE SL no se responsabiliza de los retrasos que puedan causar los servicios aduaneros.<\/p>\n<h3>Direcciones incorrectas<\/h3>\n<p>Si el cliente no completa correctamente la direcci\u00f3n de entrega, los pedidos enviados se devolver\u00e1n autom\u00e1ticamente y <strong>CHUFAMIX SL no se hace responsable del coste del segundo env\u00edo.<\/strong> Compruebe que su direcci\u00f3n de entrega sea lo m\u00e1s completa y precisa posible.<\/p>\n<p>Al confirmar las <a href=\"https:\/\/emulsionizer.com\/es\/purchasing-conditions\/\">CONDICIONES DE COMPRA<\/a>, el cliente acepta pagar el segundo franqueo en caso de devoluciones por direcciones incompletas, no completadas por el mismo cliente y por env\u00edos no reclamados a tiempo. CHUFAMIX SL no se responsabiliza si no puede enviar el pedido solicitado por circunstancias ajenas a su voluntad, como retrasos de nuestros proveedores, incendios, inundaciones, huelgas, problemas el\u00e9ctricos, etc.<\/p>\n<p>El precio final del producto, aceptado por el usuario al finalizar el proceso de compra, incluye la entrega en la direcci\u00f3n designada. Incluye, en concreto, dos intentos de entrega en el domicilio del usuario, siendo a cargo del usuario los costes derivados de la imposibilidad de realizar dicha entrega en cada intento, en los que Chufamix SL no participa. Por lo tanto, ser\u00e1 el usuario responsable de recibir, a su propio cargo, los productos adquiridos.<\/p>\n<p>Tras el segundo intento de entrega, los productos adquiridos permanecer\u00e1n en dep\u00f3sito durante 5 d\u00edas en la delegaci\u00f3n de la empresa de transporte. Si durante dicho plazo de 5 d\u00edas no se han retirado los productos, ser\u00e1n devueltos a la oficina central en Madrid (Espa\u00f1a), por lo que el nuevo env\u00edo de los productos deber\u00e1 ser abonado previamente por el usuario.<\/p>\n","protected":false},"excerpt":{"rendered":"<p>Gastos de env\u00edo El env\u00edo es gratuito a todo el&hellip; <a class=\"continue\" href=\"https:\/\/emulsionizer.com\/es\/shipping-costs\/\">Continuar<span> Gastos de env\u00edo<\/span><\/a><\/p>\n","protected":false},"author":1,"featured_media":0,"parent":0,"menu_order":0,"comment_status":"closed","ping_status":"closed","template":"","meta":{"footnotes":""},"class_list":["post-20560","page","type-page","status-publish","hentry"],"yoast_head":"<!-- This site is optimized with the Yoast SEO plugin v26.4 - https:\/\/yoast.com\/wordpress\/plugins\/seo\/ -->\n<title>Gastos de env\u00edo - Emulsionizer<\/title>\n<meta name=\"robots\" content=\"index, follow, max-snippet:-1, max-image-preview:large, max-video-preview:-1\" \/>\n<link rel=\"canonical\" href=\"https:\/\/emulsionizer.com\/es\/shipping-costs\/\" \/>\n<meta property=\"og:locale\" content=\"es_ES\" \/>\n<meta property=\"og:type\" content=\"article\" \/>\n<meta property=\"og:title\" content=\"Gastos de env\u00edo - Emulsionizer\" \/>\n<meta property=\"og:description\" content=\"Gastos de env\u00edo El env\u00edo es gratuito a todo el&hellip; Continuar Gastos de env\u00edo\" \/>\n<meta property=\"og:url\" content=\"https:\/\/emulsionizer.com\/es\/shipping-costs\/\" \/>\n<meta property=\"og:site_name\" content=\"Emulsionizer\" \/>\n<meta property=\"article:modified_time\" content=\"2025-03-27T10:46:22+00:00\" \/>\n<meta name=\"twitter:card\" content=\"summary_large_image\" \/>\n<meta name=\"twitter:label1\" content=\"Tiempo de lectura\" \/>\n\t<meta name=\"twitter:data1\" content=\"3 minutos\" \/>\n<script type=\"application\/ld+json\" class=\"yoast-schema-graph\">{\"@context\":\"https:\/\/schema.org\",\"@graph\":[{\"@type\":\"WebPage\",\"@id\":\"https:\/\/emulsionizer.com\/es\/shipping-costs\/\",\"url\":\"https:\/\/emulsionizer.com\/es\/shipping-costs\/\",\"name\":\"Gastos de env\u00edo - Emulsionizer\",\"isPartOf\":{\"@id\":\"https:\/\/emulsionizer.com\/#website\"},\"datePublished\":\"2023-07-05T09:57:18+00:00\",\"dateModified\":\"2025-03-27T10:46:22+00:00\",\"breadcrumb\":{\"@id\":\"https:\/\/emulsionizer.com\/es\/shipping-costs\/#breadcrumb\"},\"inLanguage\":\"es\",\"potentialAction\":[{\"@type\":\"ReadAction\",\"target\":[\"https:\/\/emulsionizer.com\/es\/shipping-costs\/\"]}]},{\"@type\":\"BreadcrumbList\",\"@id\":\"https:\/\/emulsionizer.com\/es\/shipping-costs\/#breadcrumb\",\"itemListElement\":[{\"@type\":\"ListItem\",\"position\":1,\"name\":\"Home\",\"item\":\"https:\/\/emulsionizer.com\/es\/\"},{\"@type\":\"ListItem\",\"position\":2,\"name\":\"Gastos de env\u00edo\"}]},{\"@type\":\"WebSite\",\"@id\":\"https:\/\/emulsionizer.com\/#website\",\"url\":\"https:\/\/emulsionizer.com\/\",\"name\":\"Emulsionizer\",\"description\":\"The best kitchen utensils for gastronomic emulsions that works with a hand blender or mixer\",\"potentialAction\":[{\"@type\":\"SearchAction\",\"target\":{\"@type\":\"EntryPoint\",\"urlTemplate\":\"https:\/\/emulsionizer.com\/?s={search_term_string}\"},\"query-input\":{\"@type\":\"PropertyValueSpecification\",\"valueRequired\":true,\"valueName\":\"search_term_string\"}}],\"inLanguage\":\"es\"}]}<\/script>\n<!-- \/ Yoast SEO plugin. -->","yoast_head_json":{"title":"Gastos de env\u00edo - Emulsionizer","robots":{"index":"index","follow":"follow","max-snippet":"max-snippet:-1","max-image-preview":"max-image-preview:large","max-video-preview":"max-video-preview:-1"},"canonical":"https:\/\/emulsionizer.com\/es\/shipping-costs\/","og_locale":"es_ES","og_type":"article","og_title":"Gastos de env\u00edo - Emulsionizer","og_description":"Gastos de env\u00edo El env\u00edo es gratuito a todo el&hellip; Continuar Gastos de env\u00edo","og_url":"https:\/\/emulsionizer.com\/es\/shipping-costs\/","og_site_name":"Emulsionizer","article_modified_time":"2025-03-27T10:46:22+00:00","twitter_card":"summary_large_image","twitter_misc":{"Tiempo de lectura":"3 minutos"},"schema":{"@context":"https:\/\/schema.org","@graph":[{"@type":"WebPage","@id":"https:\/\/emulsionizer.com\/es\/shipping-costs\/","url":"https:\/\/emulsionizer.com\/es\/shipping-costs\/","name":"Gastos de env\u00edo - Emulsionizer","isPartOf":{"@id":"https:\/\/emulsionizer.com\/#website"},"datePublished":"2023-07-05T09:57:18+00:00","dateModified":"2025-03-27T10:46:22+00:00","breadcrumb":{"@id":"https:\/\/emulsionizer.com\/es\/shipping-costs\/#breadcrumb"},"inLanguage":"es","potentialAction":[{"@type":"ReadAction","target":["https:\/\/emulsionizer.com\/es\/shipping-costs\/"]}]},{"@type":"BreadcrumbList","@id":"https:\/\/emulsionizer.com\/es\/shipping-costs\/#breadcrumb","itemListElement":[{"@type":"ListItem","position":1,"name":"Home","item":"https:\/\/emulsionizer.com\/es\/"},{"@type":"ListItem","position":2,"name":"Gastos de env\u00edo"}]},{"@type":"WebSite","@id":"https:\/\/emulsionizer.com\/#website","url":"https:\/\/emulsionizer.com\/","name":"Emulsionizer","description":"The best kitchen utensils for gastronomic emulsions that works with a hand blender or mixer","potentialAction":[{"@type":"SearchAction","target":{"@type":"EntryPoint","urlTemplate":"https:\/\/emulsionizer.com\/?s={search_term_string}"},"query-input":{"@type":"PropertyValueSpecification","valueRequired":true,"valueName":"search_term_string"}}],"inLanguage":"es"}]}},"_links":{"self":[{"href":"https:\/\/emulsionizer.com\/es\/wp-json\/wp\/v2\/pages\/20560","targetHints":{"allow":["GET"]}}],"collection":[{"href":"https:\/\/emulsionizer.com\/es\/wp-json\/wp\/v2\/pages"}],"about":[{"href":"https:\/\/emulsionizer.com\/es\/wp-json\/wp\/v2\/types\/page"}],"author":[{"embeddable":true,"href":"https:\/\/emulsionizer.com\/es\/wp-json\/wp\/v2\/users\/1"}],"replies":[{"embeddable":true,"href":"https:\/\/emulsionizer.com\/es\/wp-json\/wp\/v2\/comments?post=20560"}],"version-history":[{"count":2,"href":"https:\/\/emulsionizer.com\/es\/wp-json\/wp\/v2\/pages\/20560\/revisions"}],"predecessor-version":[{"id":20740,"href":"https:\/\/emulsionizer.com\/es\/wp-json\/wp\/v2\/pages\/20560\/revisions\/20740"}],"wp:attachment":[{"href":"https:\/\/emulsionizer.com\/es\/wp-json\/wp\/v2\/media?parent=20560"}],"curies":[{"name":"wp","href":"https:\/\/api.w.org\/{rel}","templated":true}]}}