{"id":20557,"date":"2023-10-25T14:24:08","date_gmt":"2023-10-25T12:24:08","guid":{"rendered":"https:\/\/emulsionizer.com\/chef-emulsionizer\/sauces\/"},"modified":"2025-03-27T10:40:28","modified_gmt":"2025-03-27T09:40:28","slug":"sauces","status":"publish","type":"page","link":"https:\/\/emulsionizer.com\/es\/chef-emulsionizer\/sauces\/","title":{"rendered":"Vinagretas y salsas"},"content":{"rendered":"<p><div class=\"fusion-fullwidth fullwidth-box fusion-builder-row-1 fusion-flex-container has-pattern-background has-mask-background nonhundred-percent-fullwidth non-hundred-percent-height-scrolling\" style=\"--awb-border-radius-top-left:0px;--awb-border-radius-top-right:0px;--awb-border-radius-bottom-right:0px;--awb-border-radius-bottom-left:0px;--awb-flex-wrap:wrap;\" ><div class=\"fusion-builder-row fusion-row fusion-flex-align-items-flex-start fusion-flex-content-wrap\" style=\"max-width:1417.5px;margin-left: calc(-5% \/ 2 );margin-right: calc(-5% \/ 2 );\"><div class=\"fusion-layout-column fusion_builder_column fusion-builder-column-0 fusion_builder_column_1_2 1_2 fusion-flex-column fusion-flex-align-self-center\" style=\"--awb-bg-size:cover;--awb-width-large:50%;--awb-margin-top-large:0px;--awb-spacing-right-large:4.75%;--awb-margin-bottom-large:20px;--awb-spacing-left-large:4.75%;--awb-width-medium:100%;--awb-order-medium:0;--awb-spacing-right-medium:2.375%;--awb-spacing-left-medium:2.375%;--awb-width-small:100%;--awb-order-small:0;--awb-spacing-right-small:2.375%;--awb-spacing-left-small:2.375%;\" data-motion-effects=\"[{&quot;type&quot;:&quot;&quot;,&quot;scroll_type&quot;:&quot;transition&quot;,&quot;scroll_direction&quot;:&quot;up&quot;,&quot;transition_speed&quot;:&quot;1&quot;,&quot;fade_type&quot;:&quot;in&quot;,&quot;scale_type&quot;:&quot;up&quot;,&quot;initial_scale&quot;:&quot;1&quot;,&quot;max_scale&quot;:&quot;1.5&quot;,&quot;min_scale&quot;:&quot;0.5&quot;,&quot;initial_rotate&quot;:&quot;0&quot;,&quot;end_rotate&quot;:&quot;30&quot;,&quot;initial_blur&quot;:&quot;0&quot;,&quot;end_blur&quot;:&quot;3&quot;,&quot;start_element&quot;:&quot;top&quot;,&quot;start_viewport&quot;:&quot;bottom&quot;,&quot;end_element&quot;:&quot;bottom&quot;,&quot;end_viewport&quot;:&quot;top&quot;,&quot;mouse_effect&quot;:&quot;track&quot;,&quot;mouse_effect_direction&quot;:&quot;opposite&quot;,&quot;mouse_effect_speed&quot;:&quot;2&quot;,&quot;infinite_animation&quot;:&quot;float&quot;,&quot;infinite_animation_speed&quot;:&quot;2&quot;}]\" data-scroll-devices=\"small-visibility,medium-visibility,large-visibility\"><div class=\"fusion-column-wrapper fusion-column-has-shadow fusion-flex-justify-content-flex-start fusion-content-layout-column\"><iframe width=\"560\" height=\"315\" src=\"https:\/\/www.youtube.com\/embed\/BxZZx5jLL6c?si=j4rnGRaPJcT4l9uR&start=6\" title=\"YouTube video player\" frameborder=\"0\" allow=\"accelerometer; autoplay; clipboard-write; encrypted-media; gyroscope; picture-in-picture; web-share\" allowfullscreen><\/iframe><\/div><\/div><div class=\"fusion-layout-column fusion_builder_column fusion-builder-column-1 fusion_builder_column_1_2 1_2 fusion-flex-column\" style=\"--awb-bg-size:cover;--awb-width-large:50%;--awb-margin-top-large:0px;--awb-spacing-right-large:4.75%;--awb-margin-bottom-large:20px;--awb-spacing-left-large:4.75%;--awb-width-medium:100%;--awb-order-medium:0;--awb-spacing-right-medium:2.375%;--awb-spacing-left-medium:2.375%;--awb-width-small:100%;--awb-order-small:0;--awb-spacing-right-small:2.375%;--awb-spacing-left-small:2.375%;\" data-motion-effects=\"[{&quot;type&quot;:&quot;&quot;,&quot;scroll_type&quot;:&quot;transition&quot;,&quot;scroll_direction&quot;:&quot;up&quot;,&quot;transition_speed&quot;:&quot;1&quot;,&quot;fade_type&quot;:&quot;in&quot;,&quot;scale_type&quot;:&quot;up&quot;,&quot;initial_scale&quot;:&quot;1&quot;,&quot;max_scale&quot;:&quot;1.5&quot;,&quot;min_scale&quot;:&quot;0.5&quot;,&quot;initial_rotate&quot;:&quot;0&quot;,&quot;end_rotate&quot;:&quot;30&quot;,&quot;initial_blur&quot;:&quot;0&quot;,&quot;end_blur&quot;:&quot;3&quot;,&quot;start_element&quot;:&quot;top&quot;,&quot;start_viewport&quot;:&quot;bottom&quot;,&quot;end_element&quot;:&quot;bottom&quot;,&quot;end_viewport&quot;:&quot;top&quot;,&quot;mouse_effect&quot;:&quot;track&quot;,&quot;mouse_effect_direction&quot;:&quot;opposite&quot;,&quot;mouse_effect_speed&quot;:&quot;2&quot;,&quot;infinite_animation&quot;:&quot;float&quot;,&quot;infinite_animation_speed&quot;:&quot;2&quot;}]\" data-scroll-devices=\"small-visibility,medium-visibility,large-visibility\"><div class=\"fusion-column-wrapper fusion-column-has-shadow fusion-flex-justify-content-flex-start fusion-content-layout-column\"><div class=\"fusion-text fusion-text-1 fusion-text-no-margin\" style=\"--awb-letter-spacing:0px;--awb-text-transform:var(--awb-typography4-text-transform);--awb-margin-bottom:20px;\"><p>Vierta en el frasco de vidrio del Emulsionizer\u00ae cualquier <strong>l\u00edquido claro y ligero<\/strong>, como agua, vino, vinagre, aceites ligeros (evite los espesos como el de oliva), t\u00e9 chai, etc., o una combinaci\u00f3n de ellos.<\/p>\n<p>Incorpore en el filtro del Emulsionizer\u00ae una <strong>mezcla<\/strong> de granos duros como semillas de mostaza, pimienta negra, cardamomo, s\u00e9samo, ra\u00edces como jengibre o c\u00farcuma, tallos o ramas que normalmente desechar\u00eda de perejil, apio, albahaca, romero o cualquier planta comestible, tallos de puerro, cebolla o col que normalmente desechar\u00eda, o un chile entero, cacahuetes tostados con c\u00e1scara o cualquier elemento fibroso o con semillas comestibles que desee emulsionar.<\/p>\n<\/div><\/div><\/div><\/div><\/div><div class=\"fusion-fullwidth fullwidth-box fusion-builder-row-2 fusion-flex-container has-pattern-background has-mask-background nonhundred-percent-fullwidth non-hundred-percent-height-scrolling\" style=\"--awb-border-radius-top-left:0px;--awb-border-radius-top-right:0px;--awb-border-radius-bottom-right:0px;--awb-border-radius-bottom-left:0px;--awb-flex-wrap:wrap;\" ><div class=\"fusion-builder-row fusion-row fusion-flex-align-items-flex-start fusion-flex-content-wrap\" style=\"max-width:1417.5px;margin-left: calc(-5% \/ 2 );margin-right: calc(-5% \/ 2 );\"><div class=\"fusion-layout-column fusion_builder_column fusion-builder-column-2 fusion_builder_column_1_1 1_1 fusion-flex-column\" style=\"--awb-bg-size:cover;--awb-width-large:100%;--awb-margin-top-large:0px;--awb-spacing-right-large:2.375%;--awb-margin-bottom-large:20px;--awb-spacing-left-large:2.375%;--awb-width-medium:100%;--awb-order-medium:0;--awb-spacing-right-medium:2.375%;--awb-spacing-left-medium:2.375%;--awb-width-small:100%;--awb-order-small:0;--awb-spacing-right-small:2.375%;--awb-spacing-left-small:2.375%;\"><div class=\"fusion-column-wrapper fusion-column-has-shadow fusion-flex-justify-content-flex-start fusion-content-layout-column\"><div class=\"fusion-text fusion-text-2\"><p><strong>Nota clave<\/strong>: Aseg\u00farate de que los ingredientes colocados en el filtro est\u00e9n cubiertos por el l\u00edquido (o combinaci\u00f3n de l\u00edquidos) que vertiste en el frasco.<\/p>\n<\/div><\/div><\/div><\/div><\/div><div class=\"fusion-fullwidth fullwidth-box fusion-builder-row-3 fusion-flex-container has-pattern-background has-mask-background nonhundred-percent-fullwidth non-hundred-percent-height-scrolling\" style=\"--awb-border-radius-top-left:0px;--awb-border-radius-top-right:0px;--awb-border-radius-bottom-right:0px;--awb-border-radius-bottom-left:0px;--awb-flex-wrap:wrap;\" ><div class=\"fusion-builder-row fusion-row fusion-flex-align-items-flex-start fusion-flex-content-wrap\" style=\"max-width:1417.5px;margin-left: calc(-5% \/ 2 );margin-right: calc(-5% \/ 2 );\"><div class=\"fusion-layout-column fusion_builder_column fusion-builder-column-3 fusion_builder_column_1_2 1_2 fusion-flex-column\" style=\"--awb-bg-size:cover;--awb-width-large:50%;--awb-margin-top-large:0px;--awb-spacing-right-large:4.75%;--awb-margin-bottom-large:20px;--awb-spacing-left-large:4.75%;--awb-width-medium:100%;--awb-order-medium:0;--awb-spacing-right-medium:2.375%;--awb-spacing-left-medium:2.375%;--awb-width-small:100%;--awb-order-small:0;--awb-spacing-right-small:2.375%;--awb-spacing-left-small:2.375%;\"><div class=\"fusion-column-wrapper fusion-column-has-shadow fusion-flex-justify-content-flex-start fusion-content-layout-column\"><div class=\"fusion-text fusion-text-3 fusion-text-no-margin\" style=\"--awb-text-transform:var(--awb-typography4-text-transform);\"><p>Inserte la batidora de mano y emulsione durante 1 o 2 minutos. Levante el filtro sobre la emulsi\u00f3n reci\u00e9n preparada, inserte el mortero y exprima suavemente la mezcla dentro del frasco.<\/p>\n<p><strong>Usos<\/strong>: Dependiendo del disco que use, obtendr\u00e1 una emulsi\u00f3n m\u00e1s l\u00edquida o m\u00e1s espesa, dependiendo de los ingredientes. La emulsi\u00f3n puede ser similar a una vinagreta, perfecta para ali\u00f1ar una ensalada, cualquier otro alimento o como adobo.<\/p>\n<p>Tambi\u00e9n puede usarla para saltear, o si desea espesarla para obtener una salsa, simplemente coc\u00ednela hasta que se reduzca.<\/p>\n<\/div><\/div><\/div><div class=\"fusion-layout-column fusion_builder_column fusion-builder-column-4 fusion_builder_column_1_2 1_2 fusion-flex-column fusion-flex-align-self-center\" style=\"--awb-bg-size:cover;--awb-width-large:50%;--awb-margin-top-large:0px;--awb-spacing-right-large:4.75%;--awb-margin-bottom-large:20px;--awb-spacing-left-large:4.75%;--awb-width-medium:100%;--awb-order-medium:0;--awb-spacing-right-medium:2.375%;--awb-spacing-left-medium:2.375%;--awb-width-small:100%;--awb-order-small:0;--awb-spacing-right-small:2.375%;--awb-spacing-left-small:2.375%;\" data-motion-effects=\"[{&quot;type&quot;:&quot;&quot;,&quot;scroll_type&quot;:&quot;transition&quot;,&quot;scroll_direction&quot;:&quot;up&quot;,&quot;transition_speed&quot;:&quot;1&quot;,&quot;fade_type&quot;:&quot;in&quot;,&quot;scale_type&quot;:&quot;up&quot;,&quot;initial_scale&quot;:&quot;1&quot;,&quot;max_scale&quot;:&quot;1.5&quot;,&quot;min_scale&quot;:&quot;0.5&quot;,&quot;initial_rotate&quot;:&quot;0&quot;,&quot;end_rotate&quot;:&quot;30&quot;,&quot;initial_blur&quot;:&quot;0&quot;,&quot;end_blur&quot;:&quot;3&quot;,&quot;start_element&quot;:&quot;top&quot;,&quot;start_viewport&quot;:&quot;bottom&quot;,&quot;end_element&quot;:&quot;bottom&quot;,&quot;end_viewport&quot;:&quot;top&quot;,&quot;mouse_effect&quot;:&quot;track&quot;,&quot;mouse_effect_direction&quot;:&quot;opposite&quot;,&quot;mouse_effect_speed&quot;:&quot;2&quot;,&quot;infinite_animation&quot;:&quot;float&quot;,&quot;infinite_animation_speed&quot;:&quot;2&quot;}]\" data-scroll-devices=\"small-visibility,medium-visibility,large-visibility\"><div class=\"fusion-column-wrapper fusion-column-has-shadow fusion-flex-justify-content-flex-start fusion-content-layout-column\"><div class=\"fusion-image-element \" style=\"--awb-caption-overlay-color:#ffffff;--awb-caption-title-font-family:var(--h2_typography-font-family);--awb-caption-title-font-weight:var(--h2_typography-font-weight);--awb-caption-title-font-style:var(--h2_typography-font-style);--awb-caption-title-size:var(--h2_typography-font-size);--awb-caption-title-transform:var(--h2_typography-text-transform);--awb-caption-title-line-height:var(--h2_typography-line-height);--awb-caption-title-letter-spacing:var(--h2_typography-letter-spacing);\"><span class=\" fusion-imageframe imageframe-none imageframe-1 hover-type-none\"><img decoding=\"async\" width=\"2130\" height=\"1288\" title=\"Sauce Vinagrete emulsion\" src=\"https:\/\/emulsionizer.com\/wp-content\/uploads\/2024\/01\/sauce_vinagrete_2.jpg\" alt class=\"img-responsive wp-image-19323\" srcset=\"https:\/\/emulsionizer.com\/wp-content\/uploads\/2024\/01\/sauce_vinagrete_2-200x121.jpg 200w, https:\/\/emulsionizer.com\/wp-content\/uploads\/2024\/01\/sauce_vinagrete_2-400x242.jpg 400w, https:\/\/emulsionizer.com\/wp-content\/uploads\/2024\/01\/sauce_vinagrete_2-600x363.jpg 600w, https:\/\/emulsionizer.com\/wp-content\/uploads\/2024\/01\/sauce_vinagrete_2-800x484.jpg 800w, https:\/\/emulsionizer.com\/wp-content\/uploads\/2024\/01\/sauce_vinagrete_2-1200x726.jpg 1200w, https:\/\/emulsionizer.com\/wp-content\/uploads\/2024\/01\/sauce_vinagrete_2.jpg 2130w\" sizes=\"(max-width: 1024px) 100vw, (max-width: 740px) 100vw, 800px\" \/><\/span><\/div><\/div><\/div><\/div><\/div><div class=\"fusion-fullwidth fullwidth-box fusion-builder-row-4 fusion-flex-container has-pattern-background has-mask-background nonhundred-percent-fullwidth non-hundred-percent-height-scrolling\" style=\"--awb-border-radius-top-left:0px;--awb-border-radius-top-right:0px;--awb-border-radius-bottom-right:0px;--awb-border-radius-bottom-left:0px;--awb-flex-wrap:wrap;\" ><div class=\"fusion-builder-row fusion-row fusion-flex-align-items-flex-start fusion-flex-content-wrap\" style=\"max-width:1417.5px;margin-left: calc(-5% \/ 2 );margin-right: calc(-5% \/ 2 );\"><div class=\"fusion-layout-column fusion_builder_column fusion-builder-column-5 fusion_builder_column_1_1 1_1 fusion-flex-column\" style=\"--awb-bg-size:cover;--awb-width-large:100%;--awb-margin-top-large:0px;--awb-spacing-right-large:2.375%;--awb-margin-bottom-large:20px;--awb-spacing-left-large:2.375%;--awb-width-medium:100%;--awb-order-medium:0;--awb-spacing-right-medium:2.375%;--awb-spacing-left-medium:2.375%;--awb-width-small:100%;--awb-order-small:0;--awb-spacing-right-small:2.375%;--awb-spacing-left-small:2.375%;\"><div class=\"fusion-column-wrapper fusion-column-has-shadow fusion-flex-justify-content-flex-start fusion-content-layout-column\"><div class=\"fusion-text fusion-text-4\"><p><strong>Truco<\/strong>: En lugar de usar el frasco de vidrio del Emulsionizer\u00ae, tambi\u00e9n puedes colocar el filtro del Emulsionizer directamente en la olla o cacerola donde vayas a preparar la emulsi\u00f3n, o donde est\u00e9s cocinando verduras, guisando, sopa, etc.<\/p>\n<p>Como explicaremos en el siguiente cap\u00edtulo, los sabores de los ingredientes que hayas colocado en el Emulsionizer se intensificar\u00e1n gracias a la emulsi\u00f3n centr\u00edfuga, mientras que los residuos desagradables se separar\u00e1n y filtrar\u00e1n.<\/p>\n<\/div><\/div><\/div><\/div><\/div><\/p>\n","protected":false},"excerpt":{"rendered":"","protected":false},"author":1,"featured_media":0,"parent":20534,"menu_order":0,"comment_status":"closed","ping_status":"closed","template":"","meta":{"footnotes":""},"class_list":["post-20557","page","type-page","status-publish","hentry"],"yoast_head":"<!-- This site is optimized with the Yoast SEO plugin v26.4 - https:\/\/yoast.com\/wordpress\/plugins\/seo\/ -->\n<title>Vinagretas y salsas Emulsionizer\u00ae emulsifying accessories<\/title>\n<meta name=\"description\" content=\"Prepare perfect vinaigrettes and sauces with the Emulsionizer\u00ae and its glass jug. The ultimate kitchen utensil for smooth, homogeneous emulsions. Elevate your dishes with flavor and style!\" \/>\n<meta name=\"robots\" content=\"index, follow, max-snippet:-1, max-image-preview:large, max-video-preview:-1\" \/>\n<link rel=\"canonical\" href=\"https:\/\/emulsionizer.com\/es\/chef-emulsionizer\/sauces\/\" \/>\n<meta property=\"og:locale\" content=\"es_ES\" \/>\n<meta property=\"og:type\" content=\"article\" \/>\n<meta property=\"og:title\" content=\"Vinagretas y salsas Emulsionizer\u00ae emulsifying accessories\" \/>\n<meta property=\"og:description\" content=\"Prepare perfect vinaigrettes and sauces with the Emulsionizer\u00ae and its glass jug. The ultimate kitchen utensil for smooth, homogeneous emulsions. Elevate your dishes with flavor and style!\" \/>\n<meta property=\"og:url\" content=\"https:\/\/emulsionizer.com\/es\/chef-emulsionizer\/sauces\/\" \/>\n<meta property=\"og:site_name\" content=\"Emulsionizer\" \/>\n<meta property=\"article:modified_time\" content=\"2025-03-27T09:40:28+00:00\" \/>\n<meta name=\"twitter:card\" content=\"summary_large_image\" \/>\n<meta name=\"twitter:label1\" content=\"Tiempo de lectura\" \/>\n\t<meta name=\"twitter:data1\" content=\"2 minutos\" \/>\n<script type=\"application\/ld+json\" class=\"yoast-schema-graph\">{\"@context\":\"https:\/\/schema.org\",\"@graph\":[{\"@type\":\"WebPage\",\"@id\":\"https:\/\/emulsionizer.com\/es\/chef-emulsionizer\/sauces\/\",\"url\":\"https:\/\/emulsionizer.com\/es\/chef-emulsionizer\/sauces\/\",\"name\":\"Vinagretas y salsas Emulsionizer\u00ae emulsifying accessories\",\"isPartOf\":{\"@id\":\"https:\/\/emulsionizer.com\/#website\"},\"datePublished\":\"2023-10-25T12:24:08+00:00\",\"dateModified\":\"2025-03-27T09:40:28+00:00\",\"description\":\"Prepare perfect vinaigrettes and sauces with the Emulsionizer\u00ae and its glass jug. The ultimate kitchen utensil for smooth, homogeneous emulsions. Elevate your dishes with flavor and style!\",\"breadcrumb\":{\"@id\":\"https:\/\/emulsionizer.com\/es\/chef-emulsionizer\/sauces\/#breadcrumb\"},\"inLanguage\":\"es\",\"potentialAction\":[{\"@type\":\"ReadAction\",\"target\":[\"https:\/\/emulsionizer.com\/es\/chef-emulsionizer\/sauces\/\"]}]},{\"@type\":\"BreadcrumbList\",\"@id\":\"https:\/\/emulsionizer.com\/es\/chef-emulsionizer\/sauces\/#breadcrumb\",\"itemListElement\":[{\"@type\":\"ListItem\",\"position\":1,\"name\":\"Home\",\"item\":\"https:\/\/emulsionizer.com\/es\/\"},{\"@type\":\"ListItem\",\"position\":2,\"name\":\"Chef Emulsionizer\",\"item\":\"https:\/\/emulsionizer.com\/es\/chef-emulsionizer\/\"},{\"@type\":\"ListItem\",\"position\":3,\"name\":\"Vinagretas y salsas\"}]},{\"@type\":\"WebSite\",\"@id\":\"https:\/\/emulsionizer.com\/#website\",\"url\":\"https:\/\/emulsionizer.com\/\",\"name\":\"Emulsionizer\",\"description\":\"The best kitchen utensils for gastronomic emulsions that works with a hand blender or mixer\",\"potentialAction\":[{\"@type\":\"SearchAction\",\"target\":{\"@type\":\"EntryPoint\",\"urlTemplate\":\"https:\/\/emulsionizer.com\/?s={search_term_string}\"},\"query-input\":{\"@type\":\"PropertyValueSpecification\",\"valueRequired\":true,\"valueName\":\"search_term_string\"}}],\"inLanguage\":\"es\"}]}<\/script>\n<!-- \/ Yoast SEO plugin. -->","yoast_head_json":{"title":"Vinagretas y salsas Emulsionizer\u00ae emulsifying accessories","description":"Prepare perfect vinaigrettes and sauces with the Emulsionizer\u00ae and its glass jug. The ultimate kitchen utensil for smooth, homogeneous emulsions. Elevate your dishes with flavor and style!","robots":{"index":"index","follow":"follow","max-snippet":"max-snippet:-1","max-image-preview":"max-image-preview:large","max-video-preview":"max-video-preview:-1"},"canonical":"https:\/\/emulsionizer.com\/es\/chef-emulsionizer\/sauces\/","og_locale":"es_ES","og_type":"article","og_title":"Vinagretas y salsas Emulsionizer\u00ae emulsifying accessories","og_description":"Prepare perfect vinaigrettes and sauces with the Emulsionizer\u00ae and its glass jug. The ultimate kitchen utensil for smooth, homogeneous emulsions. Elevate your dishes with flavor and style!","og_url":"https:\/\/emulsionizer.com\/es\/chef-emulsionizer\/sauces\/","og_site_name":"Emulsionizer","article_modified_time":"2025-03-27T09:40:28+00:00","twitter_card":"summary_large_image","twitter_misc":{"Tiempo de lectura":"2 minutos"},"schema":{"@context":"https:\/\/schema.org","@graph":[{"@type":"WebPage","@id":"https:\/\/emulsionizer.com\/es\/chef-emulsionizer\/sauces\/","url":"https:\/\/emulsionizer.com\/es\/chef-emulsionizer\/sauces\/","name":"Vinagretas y salsas Emulsionizer\u00ae emulsifying accessories","isPartOf":{"@id":"https:\/\/emulsionizer.com\/#website"},"datePublished":"2023-10-25T12:24:08+00:00","dateModified":"2025-03-27T09:40:28+00:00","description":"Prepare perfect vinaigrettes and sauces with the Emulsionizer\u00ae and its glass jug. The ultimate kitchen utensil for smooth, homogeneous emulsions. Elevate your dishes with flavor and style!","breadcrumb":{"@id":"https:\/\/emulsionizer.com\/es\/chef-emulsionizer\/sauces\/#breadcrumb"},"inLanguage":"es","potentialAction":[{"@type":"ReadAction","target":["https:\/\/emulsionizer.com\/es\/chef-emulsionizer\/sauces\/"]}]},{"@type":"BreadcrumbList","@id":"https:\/\/emulsionizer.com\/es\/chef-emulsionizer\/sauces\/#breadcrumb","itemListElement":[{"@type":"ListItem","position":1,"name":"Home","item":"https:\/\/emulsionizer.com\/es\/"},{"@type":"ListItem","position":2,"name":"Chef Emulsionizer","item":"https:\/\/emulsionizer.com\/es\/chef-emulsionizer\/"},{"@type":"ListItem","position":3,"name":"Vinagretas y salsas"}]},{"@type":"WebSite","@id":"https:\/\/emulsionizer.com\/#website","url":"https:\/\/emulsionizer.com\/","name":"Emulsionizer","description":"The best kitchen utensils for gastronomic emulsions that works with a hand blender or mixer","potentialAction":[{"@type":"SearchAction","target":{"@type":"EntryPoint","urlTemplate":"https:\/\/emulsionizer.com\/?s={search_term_string}"},"query-input":{"@type":"PropertyValueSpecification","valueRequired":true,"valueName":"search_term_string"}}],"inLanguage":"es"}]}},"_links":{"self":[{"href":"https:\/\/emulsionizer.com\/es\/wp-json\/wp\/v2\/pages\/20557","targetHints":{"allow":["GET"]}}],"collection":[{"href":"https:\/\/emulsionizer.com\/es\/wp-json\/wp\/v2\/pages"}],"about":[{"href":"https:\/\/emulsionizer.com\/es\/wp-json\/wp\/v2\/types\/page"}],"author":[{"embeddable":true,"href":"https:\/\/emulsionizer.com\/es\/wp-json\/wp\/v2\/users\/1"}],"replies":[{"embeddable":true,"href":"https:\/\/emulsionizer.com\/es\/wp-json\/wp\/v2\/comments?post=20557"}],"version-history":[{"count":4,"href":"https:\/\/emulsionizer.com\/es\/wp-json\/wp\/v2\/pages\/20557\/revisions"}],"predecessor-version":[{"id":20724,"href":"https:\/\/emulsionizer.com\/es\/wp-json\/wp\/v2\/pages\/20557\/revisions\/20724"}],"up":[{"embeddable":true,"href":"https:\/\/emulsionizer.com\/es\/wp-json\/wp\/v2\/pages\/20534"}],"wp:attachment":[{"href":"https:\/\/emulsionizer.com\/es\/wp-json\/wp\/v2\/media?parent=20557"}],"curies":[{"name":"wp","href":"https:\/\/api.w.org\/{rel}","templated":true}]}}