{"id":20556,"date":"2023-10-25T14:24:35","date_gmt":"2023-10-25T12:24:35","guid":{"rendered":"https:\/\/emulsionizer.com\/chef-emulsionizer\/stew-thickening\/"},"modified":"2025-03-27T09:03:28","modified_gmt":"2025-03-27T08:03:28","slug":"stew-thickening","status":"publish","type":"page","link":"https:\/\/emulsionizer.com\/es\/chef-emulsionizer\/stew-thickening\/","title":{"rendered":"Espesar guisos"},"content":{"rendered":"<div class=\"fusion-fullwidth fullwidth-box fusion-builder-row-1 fusion-flex-container has-pattern-background has-mask-background nonhundred-percent-fullwidth non-hundred-percent-height-scrolling\" style=\"--awb-border-radius-top-left:0px;--awb-border-radius-top-right:0px;--awb-border-radius-bottom-right:0px;--awb-border-radius-bottom-left:0px;--awb-flex-wrap:wrap;\" ><div class=\"fusion-builder-row fusion-row fusion-flex-align-items-flex-start fusion-flex-content-wrap\" style=\"max-width:1417.5px;margin-left: calc(-5% \/ 2 );margin-right: calc(-5% \/ 2 );\"><div class=\"fusion-layout-column fusion_builder_column fusion-builder-column-0 fusion_builder_column_1_2 1_2 fusion-flex-column fusion-flex-align-self-center\" style=\"--awb-bg-size:cover;--awb-width-large:50%;--awb-margin-top-large:0px;--awb-spacing-right-large:4.75%;--awb-margin-bottom-large:20px;--awb-spacing-left-large:4.75%;--awb-width-medium:100%;--awb-order-medium:0;--awb-spacing-right-medium:2.375%;--awb-spacing-left-medium:2.375%;--awb-width-small:100%;--awb-order-small:0;--awb-spacing-right-small:2.375%;--awb-spacing-left-small:2.375%;\" data-motion-effects=\"[{&quot;type&quot;:&quot;&quot;,&quot;scroll_type&quot;:&quot;transition&quot;,&quot;scroll_direction&quot;:&quot;up&quot;,&quot;transition_speed&quot;:&quot;1&quot;,&quot;fade_type&quot;:&quot;in&quot;,&quot;scale_type&quot;:&quot;up&quot;,&quot;initial_scale&quot;:&quot;1&quot;,&quot;max_scale&quot;:&quot;1.5&quot;,&quot;min_scale&quot;:&quot;0.5&quot;,&quot;initial_rotate&quot;:&quot;0&quot;,&quot;end_rotate&quot;:&quot;30&quot;,&quot;initial_blur&quot;:&quot;0&quot;,&quot;end_blur&quot;:&quot;3&quot;,&quot;start_element&quot;:&quot;top&quot;,&quot;start_viewport&quot;:&quot;bottom&quot;,&quot;end_element&quot;:&quot;bottom&quot;,&quot;end_viewport&quot;:&quot;top&quot;,&quot;mouse_effect&quot;:&quot;track&quot;,&quot;mouse_effect_direction&quot;:&quot;opposite&quot;,&quot;mouse_effect_speed&quot;:&quot;2&quot;,&quot;infinite_animation&quot;:&quot;float&quot;,&quot;infinite_animation_speed&quot;:&quot;2&quot;}]\" data-scroll-devices=\"small-visibility,medium-visibility,large-visibility\"><div class=\"fusion-column-wrapper fusion-column-has-shadow fusion-flex-justify-content-flex-start fusion-content-layout-column\"><iframe width=\"560\" height=\"315\" src=\"https:\/\/www.youtube.com\/embed\/UAzgG5HzK64?si=0-OjaADmZwVrZQFB&start=6\" title=\"YouTube video player\" frameborder=\"0\" allow=\"accelerometer; autoplay; clipboard-write; encrypted-media; gyroscope; picture-in-picture; web-share\" allowfullscreen><\/iframe><\/div><\/div><div class=\"fusion-layout-column fusion_builder_column fusion-builder-column-1 fusion_builder_column_1_2 1_2 fusion-flex-column\" style=\"--awb-bg-size:cover;--awb-width-large:50%;--awb-margin-top-large:0px;--awb-spacing-right-large:4.75%;--awb-margin-bottom-large:20px;--awb-spacing-left-large:4.75%;--awb-width-medium:100%;--awb-order-medium:0;--awb-spacing-right-medium:2.375%;--awb-spacing-left-medium:2.375%;--awb-width-small:100%;--awb-order-small:0;--awb-spacing-right-small:2.375%;--awb-spacing-left-small:2.375%;\"><div class=\"fusion-column-wrapper fusion-column-has-shadow fusion-flex-justify-content-flex-start fusion-content-layout-column\"><div class=\"fusion-text fusion-text-1 fusion-text-no-margin\" style=\"--awb-text-transform:var(--awb-typography4-text-transform);\"><p>Coloca el filtro Emulsionizer\u00ae en la olla donde cocinar\u00e1s el guiso. Llena el filtro con pan duro, c\u00e1scaras de patata, cacahuetes tostados con c\u00e1scara, algas o cualquier otra materia prima que pueda actuar como espesante una vez emulsionada, junto con algunos de los ingredientes del guiso, y emulsiona durante un minuto con la batidora de mano.<\/p>\n<p>Tambi\u00e9n puedes a\u00f1adir cualquier semilla dura, grano, ra\u00edz, tallo, rama, c\u00e1scara y restos de comida (ya cocidos o crudos). No solo espesar\u00e1s el guiso, sino que tambi\u00e9n intensificar\u00e1s su sabor. Todo esto gracias al proceso de emulsi\u00f3n centr\u00edfuga que se consigue al combinar la batidora de mano y el Emulsionizer.<\/p>\n<\/div><\/div><\/div><\/div><\/div>\n","protected":false},"excerpt":{"rendered":"","protected":false},"author":1,"featured_media":0,"parent":20534,"menu_order":0,"comment_status":"closed","ping_status":"closed","template":"","meta":{"footnotes":""},"class_list":["post-20556","page","type-page","status-publish","hentry"],"yoast_head":"<!-- This site is optimized with the Yoast SEO plugin v26.4 - https:\/\/yoast.com\/wordpress\/plugins\/seo\/ -->\n<title>Espesar guisos-Emulsionizer hand blender accessories<\/title>\n<meta name=\"description\" content=\"With the Emulsionizer\u00ae filter, achieve thick stews full of flavor. The best solution for centrifugal emulsions that will bring your dishes to perfection. Ideal for unforgettable stews!\" \/>\n<meta name=\"robots\" content=\"index, follow, max-snippet:-1, max-image-preview:large, max-video-preview:-1\" \/>\n<link rel=\"canonical\" href=\"https:\/\/emulsionizer.com\/es\/chef-emulsionizer\/stew-thickening\/\" \/>\n<meta property=\"og:locale\" content=\"es_ES\" \/>\n<meta property=\"og:type\" content=\"article\" \/>\n<meta property=\"og:title\" content=\"Espesar guisos-Emulsionizer hand blender accessories\" \/>\n<meta property=\"og:description\" content=\"With the Emulsionizer\u00ae filter, achieve thick stews full of flavor. The best solution for centrifugal emulsions that will bring your dishes to perfection. Ideal for unforgettable stews!\" \/>\n<meta property=\"og:url\" content=\"https:\/\/emulsionizer.com\/es\/chef-emulsionizer\/stew-thickening\/\" \/>\n<meta property=\"og:site_name\" content=\"Emulsionizer\" \/>\n<meta property=\"article:modified_time\" content=\"2025-03-27T08:03:28+00:00\" \/>\n<meta name=\"twitter:card\" content=\"summary_large_image\" \/>\n<meta name=\"twitter:label1\" content=\"Tiempo de lectura\" \/>\n\t<meta name=\"twitter:data1\" content=\"1 minuto\" \/>\n<script type=\"application\/ld+json\" class=\"yoast-schema-graph\">{\"@context\":\"https:\/\/schema.org\",\"@graph\":[{\"@type\":\"WebPage\",\"@id\":\"https:\/\/emulsionizer.com\/es\/chef-emulsionizer\/stew-thickening\/\",\"url\":\"https:\/\/emulsionizer.com\/es\/chef-emulsionizer\/stew-thickening\/\",\"name\":\"Espesar guisos-Emulsionizer hand blender accessories\",\"isPartOf\":{\"@id\":\"https:\/\/emulsionizer.com\/#website\"},\"datePublished\":\"2023-10-25T12:24:35+00:00\",\"dateModified\":\"2025-03-27T08:03:28+00:00\",\"description\":\"With the Emulsionizer\u00ae filter, achieve thick stews full of flavor. The best solution for centrifugal emulsions that will bring your dishes to perfection. Ideal for unforgettable stews!\",\"breadcrumb\":{\"@id\":\"https:\/\/emulsionizer.com\/es\/chef-emulsionizer\/stew-thickening\/#breadcrumb\"},\"inLanguage\":\"es\",\"potentialAction\":[{\"@type\":\"ReadAction\",\"target\":[\"https:\/\/emulsionizer.com\/es\/chef-emulsionizer\/stew-thickening\/\"]}]},{\"@type\":\"BreadcrumbList\",\"@id\":\"https:\/\/emulsionizer.com\/es\/chef-emulsionizer\/stew-thickening\/#breadcrumb\",\"itemListElement\":[{\"@type\":\"ListItem\",\"position\":1,\"name\":\"Home\",\"item\":\"https:\/\/emulsionizer.com\/es\/\"},{\"@type\":\"ListItem\",\"position\":2,\"name\":\"Chef Emulsionizer\",\"item\":\"https:\/\/emulsionizer.com\/es\/chef-emulsionizer\/\"},{\"@type\":\"ListItem\",\"position\":3,\"name\":\"Espesar guisos\"}]},{\"@type\":\"WebSite\",\"@id\":\"https:\/\/emulsionizer.com\/#website\",\"url\":\"https:\/\/emulsionizer.com\/\",\"name\":\"Emulsionizer\",\"description\":\"The best kitchen utensils for gastronomic emulsions that works with a hand blender or mixer\",\"potentialAction\":[{\"@type\":\"SearchAction\",\"target\":{\"@type\":\"EntryPoint\",\"urlTemplate\":\"https:\/\/emulsionizer.com\/?s={search_term_string}\"},\"query-input\":{\"@type\":\"PropertyValueSpecification\",\"valueRequired\":true,\"valueName\":\"search_term_string\"}}],\"inLanguage\":\"es\"}]}<\/script>\n<!-- \/ Yoast SEO plugin. -->","yoast_head_json":{"title":"Espesar guisos-Emulsionizer hand blender accessories","description":"With the Emulsionizer\u00ae filter, achieve thick stews full of flavor. The best solution for centrifugal emulsions that will bring your dishes to perfection. Ideal for unforgettable stews!","robots":{"index":"index","follow":"follow","max-snippet":"max-snippet:-1","max-image-preview":"max-image-preview:large","max-video-preview":"max-video-preview:-1"},"canonical":"https:\/\/emulsionizer.com\/es\/chef-emulsionizer\/stew-thickening\/","og_locale":"es_ES","og_type":"article","og_title":"Espesar guisos-Emulsionizer hand blender accessories","og_description":"With the Emulsionizer\u00ae filter, achieve thick stews full of flavor. The best solution for centrifugal emulsions that will bring your dishes to perfection. Ideal for unforgettable stews!","og_url":"https:\/\/emulsionizer.com\/es\/chef-emulsionizer\/stew-thickening\/","og_site_name":"Emulsionizer","article_modified_time":"2025-03-27T08:03:28+00:00","twitter_card":"summary_large_image","twitter_misc":{"Tiempo de lectura":"1 minuto"},"schema":{"@context":"https:\/\/schema.org","@graph":[{"@type":"WebPage","@id":"https:\/\/emulsionizer.com\/es\/chef-emulsionizer\/stew-thickening\/","url":"https:\/\/emulsionizer.com\/es\/chef-emulsionizer\/stew-thickening\/","name":"Espesar guisos-Emulsionizer hand blender accessories","isPartOf":{"@id":"https:\/\/emulsionizer.com\/#website"},"datePublished":"2023-10-25T12:24:35+00:00","dateModified":"2025-03-27T08:03:28+00:00","description":"With the Emulsionizer\u00ae filter, achieve thick stews full of flavor. The best solution for centrifugal emulsions that will bring your dishes to perfection. Ideal for unforgettable stews!","breadcrumb":{"@id":"https:\/\/emulsionizer.com\/es\/chef-emulsionizer\/stew-thickening\/#breadcrumb"},"inLanguage":"es","potentialAction":[{"@type":"ReadAction","target":["https:\/\/emulsionizer.com\/es\/chef-emulsionizer\/stew-thickening\/"]}]},{"@type":"BreadcrumbList","@id":"https:\/\/emulsionizer.com\/es\/chef-emulsionizer\/stew-thickening\/#breadcrumb","itemListElement":[{"@type":"ListItem","position":1,"name":"Home","item":"https:\/\/emulsionizer.com\/es\/"},{"@type":"ListItem","position":2,"name":"Chef Emulsionizer","item":"https:\/\/emulsionizer.com\/es\/chef-emulsionizer\/"},{"@type":"ListItem","position":3,"name":"Espesar guisos"}]},{"@type":"WebSite","@id":"https:\/\/emulsionizer.com\/#website","url":"https:\/\/emulsionizer.com\/","name":"Emulsionizer","description":"The best kitchen utensils for gastronomic emulsions that works with a hand blender or mixer","potentialAction":[{"@type":"SearchAction","target":{"@type":"EntryPoint","urlTemplate":"https:\/\/emulsionizer.com\/?s={search_term_string}"},"query-input":{"@type":"PropertyValueSpecification","valueRequired":true,"valueName":"search_term_string"}}],"inLanguage":"es"}]}},"_links":{"self":[{"href":"https:\/\/emulsionizer.com\/es\/wp-json\/wp\/v2\/pages\/20556","targetHints":{"allow":["GET"]}}],"collection":[{"href":"https:\/\/emulsionizer.com\/es\/wp-json\/wp\/v2\/pages"}],"about":[{"href":"https:\/\/emulsionizer.com\/es\/wp-json\/wp\/v2\/types\/page"}],"author":[{"embeddable":true,"href":"https:\/\/emulsionizer.com\/es\/wp-json\/wp\/v2\/users\/1"}],"replies":[{"embeddable":true,"href":"https:\/\/emulsionizer.com\/es\/wp-json\/wp\/v2\/comments?post=20556"}],"version-history":[{"count":2,"href":"https:\/\/emulsionizer.com\/es\/wp-json\/wp\/v2\/pages\/20556\/revisions"}],"predecessor-version":[{"id":20703,"href":"https:\/\/emulsionizer.com\/es\/wp-json\/wp\/v2\/pages\/20556\/revisions\/20703"}],"up":[{"embeddable":true,"href":"https:\/\/emulsionizer.com\/es\/wp-json\/wp\/v2\/pages\/20534"}],"wp:attachment":[{"href":"https:\/\/emulsionizer.com\/es\/wp-json\/wp\/v2\/media?parent=20556"}],"curies":[{"name":"wp","href":"https:\/\/api.w.org\/{rel}","templated":true}]}}