{"id":20545,"date":"2024-01-10T14:28:46","date_gmt":"2024-01-10T13:28:46","guid":{"rendered":"https:\/\/emulsionizer.com\/pour-over\/"},"modified":"2025-03-27T08:40:02","modified_gmt":"2025-03-27T07:40:02","slug":"pour-over","status":"publish","type":"page","link":"https:\/\/emulsionizer.com\/es\/cbe-coffee-brewing\/pour-over\/","title":{"rendered":"Caf\u00e9 vertido"},"content":{"rendered":"<p><div class=\"fusion-fullwidth fullwidth-box fusion-builder-row-1 fusion-flex-container has-pattern-background has-mask-background nonhundred-percent-fullwidth non-hundred-percent-height-scrolling\" style=\"--awb-border-radius-top-left:0px;--awb-border-radius-top-right:0px;--awb-border-radius-bottom-right:0px;--awb-border-radius-bottom-left:0px;--awb-flex-wrap:wrap;\" ><div class=\"fusion-builder-row fusion-row fusion-flex-align-items-flex-start fusion-flex-content-wrap\" style=\"max-width:1417.5px;margin-left: calc(-5% \/ 2 );margin-right: calc(-5% \/ 2 );\"><div class=\"fusion-layout-column fusion_builder_column fusion-builder-column-0 fusion_builder_column_1_2 1_2 fusion-flex-column fusion-flex-align-self-center\" style=\"--awb-bg-size:cover;--awb-width-large:50%;--awb-margin-top-large:0px;--awb-spacing-right-large:4.75%;--awb-margin-bottom-large:20px;--awb-spacing-left-large:4.75%;--awb-width-medium:100%;--awb-order-medium:0;--awb-spacing-right-medium:2.375%;--awb-spacing-left-medium:2.375%;--awb-width-small:100%;--awb-order-small:0;--awb-spacing-right-small:2.375%;--awb-spacing-left-small:2.375%;\" data-motion-effects=\"[{&quot;type&quot;:&quot;&quot;,&quot;scroll_type&quot;:&quot;transition&quot;,&quot;scroll_direction&quot;:&quot;up&quot;,&quot;transition_speed&quot;:&quot;1&quot;,&quot;fade_type&quot;:&quot;in&quot;,&quot;scale_type&quot;:&quot;up&quot;,&quot;initial_scale&quot;:&quot;1&quot;,&quot;max_scale&quot;:&quot;1.5&quot;,&quot;min_scale&quot;:&quot;0.5&quot;,&quot;initial_rotate&quot;:&quot;0&quot;,&quot;end_rotate&quot;:&quot;30&quot;,&quot;initial_blur&quot;:&quot;0&quot;,&quot;end_blur&quot;:&quot;3&quot;,&quot;start_element&quot;:&quot;top&quot;,&quot;start_viewport&quot;:&quot;bottom&quot;,&quot;end_element&quot;:&quot;bottom&quot;,&quot;end_viewport&quot;:&quot;top&quot;,&quot;mouse_effect&quot;:&quot;track&quot;,&quot;mouse_effect_direction&quot;:&quot;opposite&quot;,&quot;mouse_effect_speed&quot;:&quot;2&quot;,&quot;infinite_animation&quot;:&quot;float&quot;,&quot;infinite_animation_speed&quot;:&quot;2&quot;}]\" data-scroll-devices=\"small-visibility,medium-visibility,large-visibility\"><div class=\"fusion-column-wrapper fusion-column-has-shadow fusion-flex-justify-content-flex-start fusion-content-layout-column\"><iframe width=\"560\" height=\"315\" src=\"https:\/\/www.youtube.com\/embed\/uWBewi5fA5w?si=VLM4sinxnNxHW4Cg\" title=\"YouTube video player\" frameborder=\"0\" allow=\"accelerometer; autoplay; clipboard-write; encrypted-media; gyroscope; picture-in-picture; web-share\" allowfullscreen><\/iframe><\/div><\/div><div class=\"fusion-layout-column fusion_builder_column fusion-builder-column-1 fusion_builder_column_1_2 1_2 fusion-flex-column\" style=\"--awb-bg-size:cover;--awb-width-large:50%;--awb-margin-top-large:0px;--awb-spacing-right-large:4.75%;--awb-margin-bottom-large:20px;--awb-spacing-left-large:4.75%;--awb-width-medium:100%;--awb-order-medium:0;--awb-spacing-right-medium:2.375%;--awb-spacing-left-medium:2.375%;--awb-width-small:100%;--awb-order-small:0;--awb-spacing-right-small:2.375%;--awb-spacing-left-small:2.375%;\"><div class=\"fusion-column-wrapper fusion-column-has-shadow fusion-flex-justify-content-flex-start fusion-content-layout-column\"><div class=\"fusion-text fusion-text-1 fusion-text-no-margin\" style=\"--awb-text-transform:var(--awb-typography4-text-transform);\"><p>En 1908, Melitta Bentz invent\u00f3 y patent\u00f3 en Alemania el &#8220;caf\u00e9 de filtro de papel&#8221; (tambi\u00e9n conocido como &#8220;caf\u00e9 vertido&#8221; o &#8220;caf\u00e9 de goteo&#8221;), que se sirve en la taza sin dejar residuos.<\/p>\n<p>Este m\u00e9todo le da al caf\u00e9 un cuerpo m\u00e1s ligero que un espresso, pero desarrolla una amplia variedad de matices arom\u00e1ticos y sabores sutiles.<\/p>\n<p>Por otro lado, HARIO es una empresa japonesa fundada en 1921 que, a d\u00eda de hoy, sigue fabricando artesanalmente sus propias cafeteras de goteo de vidrio resistentes al calor.<\/p>\n<\/div><\/div><\/div><\/div><\/div><div class=\"fusion-fullwidth fullwidth-box fusion-builder-row-2 fusion-flex-container has-pattern-background has-mask-background nonhundred-percent-fullwidth non-hundred-percent-height-scrolling\" style=\"--awb-border-radius-top-left:0px;--awb-border-radius-top-right:0px;--awb-border-radius-bottom-right:0px;--awb-border-radius-bottom-left:0px;--awb-flex-wrap:wrap;\" ><div class=\"fusion-builder-row fusion-row fusion-flex-align-items-flex-start fusion-flex-content-wrap\" style=\"max-width:1417.5px;margin-left: calc(-5% \/ 2 );margin-right: calc(-5% \/ 2 );\"><div class=\"fusion-layout-column fusion_builder_column fusion-builder-column-2 fusion_builder_column_1_1 1_1 fusion-flex-column\" style=\"--awb-bg-size:cover;--awb-width-large:100%;--awb-margin-top-large:0px;--awb-spacing-right-large:2.375%;--awb-margin-bottom-large:20px;--awb-spacing-left-large:2.375%;--awb-width-medium:100%;--awb-order-medium:0;--awb-spacing-right-medium:2.375%;--awb-spacing-left-medium:2.375%;--awb-width-small:100%;--awb-order-small:0;--awb-spacing-right-small:2.375%;--awb-spacing-left-small:2.375%;\"><div class=\"fusion-column-wrapper fusion-column-has-shadow fusion-flex-justify-content-flex-start fusion-content-layout-column\"><div class=\"fusion-text fusion-text-2\"><p>Con gran orgullo anunciamos que HARIO nos proporciona un accesorio para verter el V60, compatible a la perfecci\u00f3n con el frasco de borosilicato de CBE. Agradecemos enormemente todos los consejos y la experiencia que HARIO comparti\u00f3 generosamente con nosotros.<\/p>\n<p>Arigato. \u3042\u308a\u304c\u3068\u3046.<\/p>\n<p>Mira el video para entender c\u00f3mo funciona.<\/p>\n<\/div><\/div><\/div><\/div><\/div><div class=\"fusion-fullwidth fullwidth-box fusion-builder-row-3 fusion-flex-container has-pattern-background has-mask-background circle-image nonhundred-percent-fullwidth non-hundred-percent-height-scrolling\" style=\"--awb-border-sizes-top:5px;--awb-border-color:var(--awb-color5);--awb-border-radius-top-left:0px;--awb-border-radius-top-right:0px;--awb-border-radius-bottom-right:0px;--awb-border-radius-bottom-left:0px;--awb-padding-top:50px;--awb-flex-wrap:wrap;\" ><div class=\"fusion-builder-row fusion-row fusion-flex-align-items-flex-start fusion-flex-content-wrap\" style=\"max-width:1417.5px;margin-left: calc(-5% \/ 2 );margin-right: calc(-5% \/ 2 );\"><div class=\"fusion-layout-column fusion_builder_column fusion-builder-column-3 fusion_builder_column_1_1 1_1 fusion-flex-column\" style=\"--awb-bg-size:cover;--awb-width-large:100%;--awb-margin-top-large:0px;--awb-spacing-right-large:2.375%;--awb-margin-bottom-large:20px;--awb-spacing-left-large:2.375%;--awb-width-medium:100%;--awb-order-medium:0;--awb-spacing-right-medium:2.375%;--awb-spacing-left-medium:2.375%;--awb-width-small:100%;--awb-order-small:0;--awb-spacing-right-small:2.375%;--awb-spacing-left-small:2.375%;\"><div class=\"fusion-column-wrapper fusion-column-has-shadow fusion-flex-justify-content-flex-start fusion-content-layout-column\"><div class=\"fusion-text fusion-text-3\"><p>CBE es el resultado de a\u00f1os de exploraci\u00f3n para emulsionar todo tipo de semillas y granos. Toda esta investigaci\u00f3n ha dado lugar a una patente de invenci\u00f3n dise\u00f1ada espec\u00edficamente para la extracci\u00f3n de caf\u00e9, leches vegetales y la emulsi\u00f3n de otros alimentos.<\/p>\n<p>Desde la peque\u00f1a empresa espa\u00f1ola que impulsa esta aventura, queremos agradecer a Nacho Fern\u00e1ndez por inspirarnos y a los siguientes maestros baristas y expertos en caf\u00e9 por su valioso tiempo y sabios consejos.<\/p>\n<\/div><\/div><\/div><div class=\"fusion-layout-column fusion_builder_column fusion-builder-column-4 fusion_builder_column_1_4 1_4 fusion-flex-column\" style=\"--awb-bg-size:cover;--awb-width-large:25%;--awb-margin-top-large:0px;--awb-spacing-right-large:9.5%;--awb-margin-bottom-large:20px;--awb-spacing-left-large:9.5%;--awb-width-medium:100%;--awb-order-medium:0;--awb-spacing-right-medium:2.375%;--awb-spacing-left-medium:2.375%;--awb-width-small:100%;--awb-order-small:0;--awb-spacing-right-small:2.375%;--awb-spacing-left-small:2.375%;\"><div class=\"fusion-column-wrapper fusion-column-has-shadow fusion-flex-justify-content-flex-start fusion-content-layout-column\"><div class=\"fusion-image-element \" style=\"--awb-aspect-ratio: 100 \/ 100;--awb-object-position:26% 44%;--awb-caption-title-font-family:var(--h2_typography-font-family);--awb-caption-title-font-weight:var(--h2_typography-font-weight);--awb-caption-title-font-style:var(--h2_typography-font-style);--awb-caption-title-size:var(--h2_typography-font-size);--awb-caption-title-transform:var(--h2_typography-text-transform);--awb-caption-title-line-height:var(--h2_typography-line-height);--awb-caption-title-letter-spacing:var(--h2_typography-letter-spacing);\"><span class=\" fusion-imageframe imageframe-none imageframe-1 hover-type-none has-aspect-ratio\"><img decoding=\"async\" width=\"1617\" height=\"1600\" title=\"Marisa Baque\" src=\"https:\/\/emulsionizer.com\/wp-content\/uploads\/2024\/01\/Marisa-Baque-scaled-e1704181697337.jpg\" class=\"img-responsive wp-image-19303 img-with-aspect-ratio\" alt srcset=\"https:\/\/emulsionizer.com\/wp-content\/uploads\/2024\/01\/Marisa-Baque-scaled-e1704181697337-200x198.jpg 200w, https:\/\/emulsionizer.com\/wp-content\/uploads\/2024\/01\/Marisa-Baque-scaled-e1704181697337-400x396.jpg 400w, https:\/\/emulsionizer.com\/wp-content\/uploads\/2024\/01\/Marisa-Baque-scaled-e1704181697337-600x594.jpg 600w, https:\/\/emulsionizer.com\/wp-content\/uploads\/2024\/01\/Marisa-Baque-scaled-e1704181697337-800x792.jpg 800w, https:\/\/emulsionizer.com\/wp-content\/uploads\/2024\/01\/Marisa-Baque-scaled-e1704181697337-1200x1187.jpg 1200w, https:\/\/emulsionizer.com\/wp-content\/uploads\/2024\/01\/Marisa-Baque-scaled-e1704181697337.jpg 1617w\" sizes=\"(max-width: 1024px) 100vw, (max-width: 740px) 100vw, 400px\" \/><\/span><\/div><div class=\"fusion-text fusion-text-4 fusion-text-no-margin\" style=\"--awb-content-alignment:center;--awb-font-size:25px;--awb-margin-bottom:0px;\"><p>Marisa Baque<\/p>\n<\/div><div class=\"fusion-text fusion-text-5\" style=\"--awb-content-alignment:center;--awb-font-size:16px;--awb-margin-top:0px;\"><p>BB\u2019s Caf\u00e9<br \/>\nExperta en especialidad del caf\u00e9<\/p>\n<\/div><\/div><\/div><div class=\"fusion-layout-column fusion_builder_column fusion-builder-column-5 fusion_builder_column_1_4 1_4 fusion-flex-column\" style=\"--awb-bg-size:cover;--awb-width-large:25%;--awb-margin-top-large:0px;--awb-spacing-right-large:9.5%;--awb-margin-bottom-large:20px;--awb-spacing-left-large:9.5%;--awb-width-medium:100%;--awb-order-medium:0;--awb-spacing-right-medium:2.375%;--awb-spacing-left-medium:2.375%;--awb-width-small:100%;--awb-order-small:0;--awb-spacing-right-small:2.375%;--awb-spacing-left-small:2.375%;\"><div class=\"fusion-column-wrapper fusion-column-has-shadow fusion-flex-justify-content-flex-start fusion-content-layout-column\"><div class=\"fusion-image-element \" style=\"--awb-aspect-ratio: 100 \/ 100;--awb-object-position:21% 47%;--awb-caption-title-font-family:var(--h2_typography-font-family);--awb-caption-title-font-weight:var(--h2_typography-font-weight);--awb-caption-title-font-style:var(--h2_typography-font-style);--awb-caption-title-size:var(--h2_typography-font-size);--awb-caption-title-transform:var(--h2_typography-text-transform);--awb-caption-title-line-height:var(--h2_typography-line-height);--awb-caption-title-letter-spacing:var(--h2_typography-letter-spacing);\"><span class=\" fusion-imageframe imageframe-none imageframe-2 hover-type-none has-aspect-ratio\"><img decoding=\"async\" width=\"1080\" height=\"1212\" title=\"Alfredo Jimenez\" src=\"https:\/\/emulsionizer.com\/wp-content\/uploads\/2024\/01\/Alfredo-Jimenez-e1704181841488.jpg\" class=\"img-responsive wp-image-19305 img-with-aspect-ratio\" alt srcset=\"https:\/\/emulsionizer.com\/wp-content\/uploads\/2024\/01\/Alfredo-Jimenez-e1704181841488-200x224.jpg 200w, https:\/\/emulsionizer.com\/wp-content\/uploads\/2024\/01\/Alfredo-Jimenez-e1704181841488-400x449.jpg 400w, https:\/\/emulsionizer.com\/wp-content\/uploads\/2024\/01\/Alfredo-Jimenez-e1704181841488-600x673.jpg 600w, https:\/\/emulsionizer.com\/wp-content\/uploads\/2024\/01\/Alfredo-Jimenez-e1704181841488-800x898.jpg 800w, https:\/\/emulsionizer.com\/wp-content\/uploads\/2024\/01\/Alfredo-Jimenez-e1704181841488.jpg 1080w\" sizes=\"(max-width: 1024px) 100vw, (max-width: 740px) 100vw, 400px\" \/><\/span><\/div><div class=\"fusion-text fusion-text-6 fusion-text-no-margin\" style=\"--awb-content-alignment:center;--awb-font-size:25px;--awb-margin-bottom:0px;\"><p>Alfredo Jimenez<\/p>\n<\/div><div class=\"fusion-text fusion-text-7\" style=\"--awb-content-alignment:center;--awb-font-size:16px;--awb-margin-top:0px;\"><p>KafeART Donostia<br \/>\nMaestro barista instructor<\/p>\n<\/div><\/div><\/div><div class=\"fusion-layout-column fusion_builder_column fusion-builder-column-6 fusion_builder_column_1_4 1_4 fusion-flex-column\" style=\"--awb-bg-size:cover;--awb-width-large:25%;--awb-margin-top-large:0px;--awb-spacing-right-large:9.5%;--awb-margin-bottom-large:20px;--awb-spacing-left-large:9.5%;--awb-width-medium:100%;--awb-order-medium:0;--awb-spacing-right-medium:2.375%;--awb-spacing-left-medium:2.375%;--awb-width-small:100%;--awb-order-small:0;--awb-spacing-right-small:2.375%;--awb-spacing-left-small:2.375%;\"><div class=\"fusion-column-wrapper fusion-column-has-shadow fusion-flex-justify-content-flex-start fusion-content-layout-column\"><div class=\"fusion-image-element \" style=\"--awb-aspect-ratio: 100 \/ 100;--awb-object-position:28% 43%;--awb-caption-title-font-family:var(--h2_typography-font-family);--awb-caption-title-font-weight:var(--h2_typography-font-weight);--awb-caption-title-font-style:var(--h2_typography-font-style);--awb-caption-title-size:var(--h2_typography-font-size);--awb-caption-title-transform:var(--h2_typography-text-transform);--awb-caption-title-line-height:var(--h2_typography-line-height);--awb-caption-title-letter-spacing:var(--h2_typography-letter-spacing);\"><span class=\" fusion-imageframe imageframe-none imageframe-3 hover-type-none has-aspect-ratio\"><img decoding=\"async\" width=\"972\" height=\"868\" title=\"Antxon &#038; In\u2560\u00e2igo Larzabal\" src=\"https:\/\/emulsionizer.com\/wp-content\/uploads\/2024\/01\/Antxon-In\u2560aigo-Larzabal-e1704181977911.jpg\" class=\"img-responsive wp-image-19307 img-with-aspect-ratio\" alt srcset=\"https:\/\/emulsionizer.com\/wp-content\/uploads\/2024\/01\/Antxon-In\u2560aigo-Larzabal-e1704181977911-200x179.jpg 200w, https:\/\/emulsionizer.com\/wp-content\/uploads\/2024\/01\/Antxon-In\u2560aigo-Larzabal-e1704181977911-400x357.jpg 400w, https:\/\/emulsionizer.com\/wp-content\/uploads\/2024\/01\/Antxon-In\u2560aigo-Larzabal-e1704181977911-600x536.jpg 600w, https:\/\/emulsionizer.com\/wp-content\/uploads\/2024\/01\/Antxon-In\u2560aigo-Larzabal-e1704181977911-800x714.jpg 800w, https:\/\/emulsionizer.com\/wp-content\/uploads\/2024\/01\/Antxon-In\u2560aigo-Larzabal-e1704181977911.jpg 972w\" sizes=\"(max-width: 1024px) 100vw, (max-width: 740px) 100vw, 400px\" \/><\/span><\/div><div class=\"fusion-text fusion-text-8 fusion-text-no-margin\" style=\"--awb-content-alignment:center;--awb-font-size:25px;--awb-margin-bottom:0px;\"><p>Antxon &amp; I\u00f1igo Larzabal<\/p>\n<\/div><div class=\"fusion-text fusion-text-9\" style=\"--awb-content-alignment:center;--awb-font-size:16px;--awb-margin-top:0px;\"><p>Caf\u00e9s Panchito<br \/>\nTostador de caf\u00e9 desde 1914<\/p>\n<\/div><\/div><\/div><div class=\"fusion-layout-column fusion_builder_column fusion-builder-column-7 fusion_builder_column_1_4 1_4 fusion-flex-column\" style=\"--awb-bg-size:cover;--awb-width-large:25%;--awb-margin-top-large:0px;--awb-spacing-right-large:9.5%;--awb-margin-bottom-large:20px;--awb-spacing-left-large:9.5%;--awb-width-medium:100%;--awb-order-medium:0;--awb-spacing-right-medium:2.375%;--awb-spacing-left-medium:2.375%;--awb-width-small:100%;--awb-order-small:0;--awb-spacing-right-small:2.375%;--awb-spacing-left-small:2.375%;\"><div class=\"fusion-column-wrapper fusion-column-has-shadow fusion-flex-justify-content-flex-start fusion-content-layout-column\"><div class=\"fusion-image-element \" style=\"--awb-aspect-ratio: 100 \/ 100;--awb-object-position:28% 45%;--awb-caption-title-font-family:var(--h2_typography-font-family);--awb-caption-title-font-weight:var(--h2_typography-font-weight);--awb-caption-title-font-style:var(--h2_typography-font-style);--awb-caption-title-size:var(--h2_typography-font-size);--awb-caption-title-transform:var(--h2_typography-text-transform);--awb-caption-title-line-height:var(--h2_typography-line-height);--awb-caption-title-letter-spacing:var(--h2_typography-letter-spacing);\"><span class=\" fusion-imageframe imageframe-none imageframe-4 hover-type-none has-aspect-ratio\"><img decoding=\"async\" width=\"1585\" height=\"1438\" title=\"Hario\" src=\"https:\/\/emulsionizer.com\/wp-content\/uploads\/2024\/01\/HARIO-e1704182199411.png\" class=\"img-responsive wp-image-19311 img-with-aspect-ratio\" alt srcset=\"https:\/\/emulsionizer.com\/wp-content\/uploads\/2024\/01\/HARIO-e1704182199411-200x181.png 200w, https:\/\/emulsionizer.com\/wp-content\/uploads\/2024\/01\/HARIO-e1704182199411-400x363.png 400w, https:\/\/emulsionizer.com\/wp-content\/uploads\/2024\/01\/HARIO-e1704182199411-600x544.png 600w, https:\/\/emulsionizer.com\/wp-content\/uploads\/2024\/01\/HARIO-e1704182199411-800x726.png 800w, https:\/\/emulsionizer.com\/wp-content\/uploads\/2024\/01\/HARIO-e1704182199411-1200x1089.png 1200w, https:\/\/emulsionizer.com\/wp-content\/uploads\/2024\/01\/HARIO-e1704182199411.png 1585w\" sizes=\"(max-width: 1024px) 100vw, (max-width: 740px) 100vw, 400px\" \/><\/span><\/div><div class=\"fusion-text fusion-text-10 fusion-text-no-margin\" style=\"--awb-content-alignment:center;--awb-font-size:25px;--awb-margin-bottom:0px;\"><p>HARIO<\/p>\n<\/div><div class=\"fusion-text fusion-text-11\" style=\"--awb-content-alignment:center;--awb-font-size:16px;--awb-margin-top:0px;\"><p>Fumito Nakamura &amp; Jun-ichi Kuranaga<br \/>\nFundada en Jap\u00f3n en 1921<\/p>\n<\/div><\/div><\/div><\/div><\/div><\/p>\n","protected":false},"excerpt":{"rendered":"","protected":false},"author":1,"featured_media":0,"parent":20547,"menu_order":0,"comment_status":"closed","ping_status":"closed","template":"","meta":{"footnotes":""},"class_list":["post-20545","page","type-page","status-publish","hentry"],"yoast_head":"<!-- This site is optimized with the Yoast SEO plugin v26.4 - https:\/\/yoast.com\/wordpress\/plugins\/seo\/ -->\n<title>Caf\u00e9 vertido-kitchen accessory for CBE and preparing filtered coffee<\/title>\n<meta name=\"description\" content=\"CBE, the essential kitchen tool to prepare filtered coffee to perfection. Pour over, with our paper filter, get a clean and pure cup every time\" \/>\n<meta name=\"robots\" content=\"index, follow, max-snippet:-1, max-image-preview:large, max-video-preview:-1\" \/>\n<link rel=\"canonical\" href=\"https:\/\/emulsionizer.com\/es\/cbe-coffee-brewing\/pour-over\/\" \/>\n<meta property=\"og:locale\" content=\"es_ES\" \/>\n<meta property=\"og:type\" content=\"article\" \/>\n<meta property=\"og:title\" content=\"Caf\u00e9 vertido-kitchen accessory for CBE and preparing filtered coffee\" \/>\n<meta property=\"og:description\" content=\"CBE, the essential kitchen tool to prepare filtered coffee to perfection. Pour over, with our paper filter, get a clean and pure cup every time\" \/>\n<meta property=\"og:url\" content=\"https:\/\/emulsionizer.com\/es\/cbe-coffee-brewing\/pour-over\/\" \/>\n<meta property=\"og:site_name\" content=\"Emulsionizer\" \/>\n<meta property=\"article:modified_time\" content=\"2025-03-27T07:40:02+00:00\" \/>\n<meta name=\"twitter:card\" content=\"summary_large_image\" \/>\n<meta name=\"twitter:label1\" content=\"Tiempo de lectura\" \/>\n\t<meta name=\"twitter:data1\" content=\"2 minutos\" \/>\n<script type=\"application\/ld+json\" class=\"yoast-schema-graph\">{\"@context\":\"https:\/\/schema.org\",\"@graph\":[{\"@type\":\"WebPage\",\"@id\":\"https:\/\/emulsionizer.com\/es\/cbe-coffee-brewing\/pour-over\/\",\"url\":\"https:\/\/emulsionizer.com\/es\/cbe-coffee-brewing\/pour-over\/\",\"name\":\"Caf\u00e9 vertido-kitchen accessory for CBE and preparing filtered coffee\",\"isPartOf\":{\"@id\":\"https:\/\/emulsionizer.com\/#website\"},\"datePublished\":\"2024-01-10T13:28:46+00:00\",\"dateModified\":\"2025-03-27T07:40:02+00:00\",\"description\":\"CBE, the essential kitchen tool to prepare filtered coffee to perfection. Pour over, with our paper filter, get a clean and pure cup every time\",\"breadcrumb\":{\"@id\":\"https:\/\/emulsionizer.com\/es\/cbe-coffee-brewing\/pour-over\/#breadcrumb\"},\"inLanguage\":\"es\",\"potentialAction\":[{\"@type\":\"ReadAction\",\"target\":[\"https:\/\/emulsionizer.com\/es\/cbe-coffee-brewing\/pour-over\/\"]}]},{\"@type\":\"BreadcrumbList\",\"@id\":\"https:\/\/emulsionizer.com\/es\/cbe-coffee-brewing\/pour-over\/#breadcrumb\",\"itemListElement\":[{\"@type\":\"ListItem\",\"position\":1,\"name\":\"Home\",\"item\":\"https:\/\/emulsionizer.com\/es\/\"},{\"@type\":\"ListItem\",\"position\":2,\"name\":\"CBE Coffee Brewing\",\"item\":\"https:\/\/emulsionizer.com\/es\/cbe-coffee-brewing\/\"},{\"@type\":\"ListItem\",\"position\":3,\"name\":\"Caf\u00e9 vertido\"}]},{\"@type\":\"WebSite\",\"@id\":\"https:\/\/emulsionizer.com\/#website\",\"url\":\"https:\/\/emulsionizer.com\/\",\"name\":\"Emulsionizer\",\"description\":\"The best kitchen utensils for gastronomic emulsions that works with a hand blender or mixer\",\"potentialAction\":[{\"@type\":\"SearchAction\",\"target\":{\"@type\":\"EntryPoint\",\"urlTemplate\":\"https:\/\/emulsionizer.com\/?s={search_term_string}\"},\"query-input\":{\"@type\":\"PropertyValueSpecification\",\"valueRequired\":true,\"valueName\":\"search_term_string\"}}],\"inLanguage\":\"es\"}]}<\/script>\n<!-- \/ Yoast SEO plugin. -->","yoast_head_json":{"title":"Caf\u00e9 vertido-kitchen accessory for CBE and preparing filtered coffee","description":"CBE, the essential kitchen tool to prepare filtered coffee to perfection. Pour over, with our paper filter, get a clean and pure cup every time","robots":{"index":"index","follow":"follow","max-snippet":"max-snippet:-1","max-image-preview":"max-image-preview:large","max-video-preview":"max-video-preview:-1"},"canonical":"https:\/\/emulsionizer.com\/es\/cbe-coffee-brewing\/pour-over\/","og_locale":"es_ES","og_type":"article","og_title":"Caf\u00e9 vertido-kitchen accessory for CBE and preparing filtered coffee","og_description":"CBE, the essential kitchen tool to prepare filtered coffee to perfection. Pour over, with our paper filter, get a clean and pure cup every time","og_url":"https:\/\/emulsionizer.com\/es\/cbe-coffee-brewing\/pour-over\/","og_site_name":"Emulsionizer","article_modified_time":"2025-03-27T07:40:02+00:00","twitter_card":"summary_large_image","twitter_misc":{"Tiempo de lectura":"2 minutos"},"schema":{"@context":"https:\/\/schema.org","@graph":[{"@type":"WebPage","@id":"https:\/\/emulsionizer.com\/es\/cbe-coffee-brewing\/pour-over\/","url":"https:\/\/emulsionizer.com\/es\/cbe-coffee-brewing\/pour-over\/","name":"Caf\u00e9 vertido-kitchen accessory for CBE and preparing filtered coffee","isPartOf":{"@id":"https:\/\/emulsionizer.com\/#website"},"datePublished":"2024-01-10T13:28:46+00:00","dateModified":"2025-03-27T07:40:02+00:00","description":"CBE, the essential kitchen tool to prepare filtered coffee to perfection. Pour over, with our paper filter, get a clean and pure cup every time","breadcrumb":{"@id":"https:\/\/emulsionizer.com\/es\/cbe-coffee-brewing\/pour-over\/#breadcrumb"},"inLanguage":"es","potentialAction":[{"@type":"ReadAction","target":["https:\/\/emulsionizer.com\/es\/cbe-coffee-brewing\/pour-over\/"]}]},{"@type":"BreadcrumbList","@id":"https:\/\/emulsionizer.com\/es\/cbe-coffee-brewing\/pour-over\/#breadcrumb","itemListElement":[{"@type":"ListItem","position":1,"name":"Home","item":"https:\/\/emulsionizer.com\/es\/"},{"@type":"ListItem","position":2,"name":"CBE Coffee Brewing","item":"https:\/\/emulsionizer.com\/es\/cbe-coffee-brewing\/"},{"@type":"ListItem","position":3,"name":"Caf\u00e9 vertido"}]},{"@type":"WebSite","@id":"https:\/\/emulsionizer.com\/#website","url":"https:\/\/emulsionizer.com\/","name":"Emulsionizer","description":"The best kitchen utensils for gastronomic emulsions that works with a hand blender or mixer","potentialAction":[{"@type":"SearchAction","target":{"@type":"EntryPoint","urlTemplate":"https:\/\/emulsionizer.com\/?s={search_term_string}"},"query-input":{"@type":"PropertyValueSpecification","valueRequired":true,"valueName":"search_term_string"}}],"inLanguage":"es"}]}},"_links":{"self":[{"href":"https:\/\/emulsionizer.com\/es\/wp-json\/wp\/v2\/pages\/20545","targetHints":{"allow":["GET"]}}],"collection":[{"href":"https:\/\/emulsionizer.com\/es\/wp-json\/wp\/v2\/pages"}],"about":[{"href":"https:\/\/emulsionizer.com\/es\/wp-json\/wp\/v2\/types\/page"}],"author":[{"embeddable":true,"href":"https:\/\/emulsionizer.com\/es\/wp-json\/wp\/v2\/users\/1"}],"replies":[{"embeddable":true,"href":"https:\/\/emulsionizer.com\/es\/wp-json\/wp\/v2\/comments?post=20545"}],"version-history":[{"count":2,"href":"https:\/\/emulsionizer.com\/es\/wp-json\/wp\/v2\/pages\/20545\/revisions"}],"predecessor-version":[{"id":20692,"href":"https:\/\/emulsionizer.com\/es\/wp-json\/wp\/v2\/pages\/20545\/revisions\/20692"}],"up":[{"embeddable":true,"href":"https:\/\/emulsionizer.com\/es\/wp-json\/wp\/v2\/pages\/20547"}],"wp:attachment":[{"href":"https:\/\/emulsionizer.com\/es\/wp-json\/wp\/v2\/media?parent=20545"}],"curies":[{"name":"wp","href":"https:\/\/api.w.org\/{rel}","templated":true}]}}