{"id":20531,"date":"2024-01-15T08:14:28","date_gmt":"2024-01-15T07:14:28","guid":{"rendered":"https:\/\/emulsionizer.com\/accessibility\/"},"modified":"2025-04-08T11:26:39","modified_gmt":"2025-04-08T09:26:39","slug":"accessibility","status":"publish","type":"page","link":"https:\/\/emulsionizer.com\/es\/accessibility\/","title":{"rendered":"Accesibilidad"},"content":{"rendered":"<p>Declaraci\u00f3n de Accesibilidad<br \/>\nemulsionizer.com se ha comprometido a que su sitio web sea accesible cumpliendo con el Nivel AA seg\u00fan la Norma UNE 301549:2020 (WCAG 2.1), que a su vez se basa en las Pautas de Accesibilidad al Contenido Web 2.0 del W3C.<\/p>\n<p>Esta declaraci\u00f3n de accesibilidad se aplica al sitio web https:\/\/emulsionizer.com<\/p>\n<p>Por estos motivos, se han adoptado una serie de medidas en el sitio web con el objetivo de garantizar la accesibilidad de los contenidos, con el fin de:<\/p>\n<p>Facilitar el acceso a los usuarios, independientemente de sus capacidades o entorno.<br \/>\nPermitir el acceso con diferentes agentes de usuario.<br \/>\nIncluir contenido claro y bien estructurado.<br \/>\nMejorar la navegaci\u00f3n y la experiencia del usuario.<\/p>\n<p>Medidas adoptadas<br \/>\nSe han adoptado las siguientes medidas:<\/p>\n<p>Separaci\u00f3n de contenido y presentaci\u00f3n: Utilizaci\u00f3n de hojas de estilo (CSS) para la presentaci\u00f3n de la informaci\u00f3n y c\u00f3digo HTML para su correcta estructuraci\u00f3n. El dise\u00f1o se adapta correctamente a las aplicaciones de usuario m\u00e1s comunes y el tama\u00f1o de la fuente se ha definido en medidas relativas para permitir su ajuste.<br \/>\nAlternativas a elementos no textuales: Para cualquier elemento no textual, se han incluido las alternativas necesarias para que ning\u00fan usuario encuentre barreras de acceso al contenido.<br \/>\nMecanismos de navegaci\u00f3n adecuados: Los enlaces proporcionan detalles sobre la funci\u00f3n o el destino del hiperv\u00ednculo. Se ofrecen mecanismos de interacci\u00f3n que facilitan al usuario la localizaci\u00f3n de informaci\u00f3n y la navegaci\u00f3n por el sitio.<br \/>\nUso correcto de est\u00e1ndares: Los documentos web se han creado seg\u00fan las especificaciones del W3C, la organizaci\u00f3n que establece los est\u00e1ndares internacionales que deben utilizarse en la web. Los documentos son v\u00e1lidos y ofrecen la marcaci\u00f3n adecuada para cada tipo de contenido.<br \/>\nObjetos programados: Los objetos programados no se utilizan para presentar informaci\u00f3n ni proporcionar funcionalidades importantes. Esto le permite navegar por el sitio independientemente de las tecnolog\u00edas disponibles en el agente de usuario.<br \/>\nAccesibilidad de los PDF: Algunos PDF publicados en nuestro sitio web no tienen una estructura accesible debido a imposibilidades t\u00e9cnicas. En este caso, si lo necesita, puede escribir a nuestra secci\u00f3n de contacto y solicitar el documento.<br \/>\nContacto<br \/>\nCualquier queja, consulta o sugerencia de mejora sobre la accesibilidad del sitio web puede canalizarse a trav\u00e9s de cualquiera de los medios disponibles en la secci\u00f3n de contacto.<\/p>\n<p>&nbsp;<\/p>\n<p>Estado de cumplimiento<br \/>\nEste sitio web cumple parcialmente con el Real Decreto 1112\/2018, de 7 de septiembre, debido a la falta de conformidad de los aspectos que se indican a continuaci\u00f3n.<\/p>\n<p>Contenido no accesible<br \/>\nEl contenido recopilado a continuaci\u00f3n no es accesible debido a lo siguiente:<\/p>\n<p>Debido al uso de un gestor de contenidos que no puede garantizar que los diferentes usuarios que editan el contenido cumplan con todos los est\u00e1ndares de accesibilidad, no se puede garantizar que todo el contenido sea compatible con WCAG 2.1. En cualquier caso, nos comprometemos a solucionar aquellos posibles problemas que nos sean notificados.<\/p>\n<p>Carga desproporcionada: No aplicable.<\/p>\n<p>El contenido no est\u00e1 dentro del \u00e1mbito de aplicaci\u00f3n de la legislaci\u00f3n aplicable.<\/p>\n<p>Archivos de Office en formato PDF u otros formatos, as\u00ed como aplicaciones publicadas antes del 20 de septiembre de 2018 que no cumplan totalmente con todos los requisitos de accesibilidad.<\/p>\n<p>Contenido multimedia en vivo.<\/p>\n<p>Contenidos multimedia pregrabados con car\u00e1cter temporal o publicados antes de la entrada en vigor del Real Decreto.<\/p>\n<p>Servicios de mapas y cartograf\u00eda en l\u00ednea<\/p>\n<p>Contenido de terceros no financiado ni desarrollado por emulsionizer.com<\/p>\n<p>Elaboraci\u00f3n de esta declaraci\u00f3n de accesibilidad<br \/>\nEsta declaraci\u00f3n se elabor\u00f3 \u200b\u200bel 15 de enero de 2024.<\/p>\n<p>El m\u00e9todo utilizado para elaborar la declaraci\u00f3n ha sido mediante una autoevaluaci\u00f3n del sitio web por parte de emulsionizer.com y t\u00e9cnicos del departamento de desarrollo web mediante an\u00e1lisis de accesibilidad manual, complementado mediante diferentes herramientas semiautom\u00e1ticas, agentes de usuario y ayudas. T\u00e9cnicas<\/p>\n<p>Observaciones e informaci\u00f3n de contacto<br \/>\nPuede realizar comunicaciones sobre requisitos de accesibilidad (art\u00edculo 10.2.a) del Real Decreto 1112\/2018, de 7 de septiembre), como, por ejemplo:<\/p>\n<p>Reportar cualquier posible infracci\u00f3n de este sitio web.<\/p>\n<p>Transmitir otras dificultades de acceso a contenidos.<\/p>\n<p>Haga cualquier otra pregunta o sugerencia de mejora respecto a la accesibilidad del sitio web.<\/p>\n<p>A trav\u00e9s de los siguientes medios:<\/p>\n<p>A trav\u00e9s del formulario de sugerencias que emulsionizer.com pone a su disposici\u00f3n.<\/p>\n<p>Mail de contacto: info@ emulsionizer.com<\/p>\n<p>En persona en las oficinas de emulsionizer.com.<\/p>\n<p>Las comunicaciones ser\u00e1n recibidas y tratadas por la Unidad responsable de accesibilidad del sitio web emulsionizer.com, como unidad responsable de la accesibilidad de los contenidos de este sitio web.<\/p>\n<p>Solicitudes de informaci\u00f3n accesible y quejas<br \/>\nLas solicitudes de informaci\u00f3n accesible y quejas se presentar\u00e1n a trav\u00e9s de:<\/p>\n<p>A trav\u00e9s del formulario de sugerencias que emulsionizer.com pone a su disposici\u00f3n.<\/p>\n<p><a href=\"https:\/\/emulsionizer.com\/es\/contact\/\">Contacta aqu\u00ed<\/a><\/p>\n","protected":false},"excerpt":{"rendered":"<p>Declaraci\u00f3n de Accesibilidad emulsionizer.com se ha comprometido a que su&hellip; <a class=\"continue\" href=\"https:\/\/emulsionizer.com\/es\/accessibility\/\">Continuar<span> Accesibilidad<\/span><\/a><\/p>\n","protected":false},"author":1,"featured_media":0,"parent":0,"menu_order":0,"comment_status":"closed","ping_status":"closed","template":"","meta":{"footnotes":""},"class_list":["post-20531","page","type-page","status-publish","hentry"],"yoast_head":"<!-- This site is optimized with the Yoast SEO plugin v26.4 - https:\/\/yoast.com\/wordpress\/plugins\/seo\/ -->\n<title>Accesibilidad - Emulsionizer<\/title>\n<meta name=\"robots\" content=\"index, follow, max-snippet:-1, max-image-preview:large, max-video-preview:-1\" \/>\n<link rel=\"canonical\" href=\"https:\/\/emulsionizer.com\/es\/accessibility\/\" \/>\n<meta property=\"og:locale\" content=\"es_ES\" \/>\n<meta property=\"og:type\" content=\"article\" \/>\n<meta property=\"og:title\" content=\"Accesibilidad - Emulsionizer\" \/>\n<meta property=\"og:description\" content=\"Declaraci\u00f3n de Accesibilidad emulsionizer.com se ha comprometido a que su&hellip; Continuar Accesibilidad\" \/>\n<meta property=\"og:url\" content=\"https:\/\/emulsionizer.com\/es\/accessibility\/\" \/>\n<meta property=\"og:site_name\" content=\"Emulsionizer\" \/>\n<meta property=\"article:modified_time\" content=\"2025-04-08T09:26:39+00:00\" \/>\n<meta name=\"twitter:card\" content=\"summary_large_image\" \/>\n<meta name=\"twitter:label1\" content=\"Tiempo de lectura\" \/>\n\t<meta name=\"twitter:data1\" content=\"4 minutos\" \/>\n<script type=\"application\/ld+json\" class=\"yoast-schema-graph\">{\"@context\":\"https:\/\/schema.org\",\"@graph\":[{\"@type\":\"WebPage\",\"@id\":\"https:\/\/emulsionizer.com\/es\/accessibility\/\",\"url\":\"https:\/\/emulsionizer.com\/es\/accessibility\/\",\"name\":\"Accesibilidad - Emulsionizer\",\"isPartOf\":{\"@id\":\"https:\/\/emulsionizer.com\/#website\"},\"datePublished\":\"2024-01-15T07:14:28+00:00\",\"dateModified\":\"2025-04-08T09:26:39+00:00\",\"breadcrumb\":{\"@id\":\"https:\/\/emulsionizer.com\/es\/accessibility\/#breadcrumb\"},\"inLanguage\":\"es\",\"potentialAction\":[{\"@type\":\"ReadAction\",\"target\":[\"https:\/\/emulsionizer.com\/es\/accessibility\/\"]}]},{\"@type\":\"BreadcrumbList\",\"@id\":\"https:\/\/emulsionizer.com\/es\/accessibility\/#breadcrumb\",\"itemListElement\":[{\"@type\":\"ListItem\",\"position\":1,\"name\":\"Home\",\"item\":\"https:\/\/emulsionizer.com\/es\/\"},{\"@type\":\"ListItem\",\"position\":2,\"name\":\"Accesibilidad\"}]},{\"@type\":\"WebSite\",\"@id\":\"https:\/\/emulsionizer.com\/#website\",\"url\":\"https:\/\/emulsionizer.com\/\",\"name\":\"Emulsionizer\",\"description\":\"The best kitchen utensils for gastronomic emulsions that works with a hand blender or mixer\",\"potentialAction\":[{\"@type\":\"SearchAction\",\"target\":{\"@type\":\"EntryPoint\",\"urlTemplate\":\"https:\/\/emulsionizer.com\/?s={search_term_string}\"},\"query-input\":{\"@type\":\"PropertyValueSpecification\",\"valueRequired\":true,\"valueName\":\"search_term_string\"}}],\"inLanguage\":\"es\"}]}<\/script>\n<!-- \/ Yoast SEO plugin. -->","yoast_head_json":{"title":"Accesibilidad - Emulsionizer","robots":{"index":"index","follow":"follow","max-snippet":"max-snippet:-1","max-image-preview":"max-image-preview:large","max-video-preview":"max-video-preview:-1"},"canonical":"https:\/\/emulsionizer.com\/es\/accessibility\/","og_locale":"es_ES","og_type":"article","og_title":"Accesibilidad - Emulsionizer","og_description":"Declaraci\u00f3n de Accesibilidad emulsionizer.com se ha comprometido a que su&hellip; Continuar Accesibilidad","og_url":"https:\/\/emulsionizer.com\/es\/accessibility\/","og_site_name":"Emulsionizer","article_modified_time":"2025-04-08T09:26:39+00:00","twitter_card":"summary_large_image","twitter_misc":{"Tiempo de lectura":"4 minutos"},"schema":{"@context":"https:\/\/schema.org","@graph":[{"@type":"WebPage","@id":"https:\/\/emulsionizer.com\/es\/accessibility\/","url":"https:\/\/emulsionizer.com\/es\/accessibility\/","name":"Accesibilidad - Emulsionizer","isPartOf":{"@id":"https:\/\/emulsionizer.com\/#website"},"datePublished":"2024-01-15T07:14:28+00:00","dateModified":"2025-04-08T09:26:39+00:00","breadcrumb":{"@id":"https:\/\/emulsionizer.com\/es\/accessibility\/#breadcrumb"},"inLanguage":"es","potentialAction":[{"@type":"ReadAction","target":["https:\/\/emulsionizer.com\/es\/accessibility\/"]}]},{"@type":"BreadcrumbList","@id":"https:\/\/emulsionizer.com\/es\/accessibility\/#breadcrumb","itemListElement":[{"@type":"ListItem","position":1,"name":"Home","item":"https:\/\/emulsionizer.com\/es\/"},{"@type":"ListItem","position":2,"name":"Accesibilidad"}]},{"@type":"WebSite","@id":"https:\/\/emulsionizer.com\/#website","url":"https:\/\/emulsionizer.com\/","name":"Emulsionizer","description":"The best kitchen utensils for gastronomic emulsions that works with a hand blender or mixer","potentialAction":[{"@type":"SearchAction","target":{"@type":"EntryPoint","urlTemplate":"https:\/\/emulsionizer.com\/?s={search_term_string}"},"query-input":{"@type":"PropertyValueSpecification","valueRequired":true,"valueName":"search_term_string"}}],"inLanguage":"es"}]}},"_links":{"self":[{"href":"https:\/\/emulsionizer.com\/es\/wp-json\/wp\/v2\/pages\/20531","targetHints":{"allow":["GET"]}}],"collection":[{"href":"https:\/\/emulsionizer.com\/es\/wp-json\/wp\/v2\/pages"}],"about":[{"href":"https:\/\/emulsionizer.com\/es\/wp-json\/wp\/v2\/types\/page"}],"author":[{"embeddable":true,"href":"https:\/\/emulsionizer.com\/es\/wp-json\/wp\/v2\/users\/1"}],"replies":[{"embeddable":true,"href":"https:\/\/emulsionizer.com\/es\/wp-json\/wp\/v2\/comments?post=20531"}],"version-history":[{"count":4,"href":"https:\/\/emulsionizer.com\/es\/wp-json\/wp\/v2\/pages\/20531\/revisions"}],"predecessor-version":[{"id":20937,"href":"https:\/\/emulsionizer.com\/es\/wp-json\/wp\/v2\/pages\/20531\/revisions\/20937"}],"wp:attachment":[{"href":"https:\/\/emulsionizer.com\/es\/wp-json\/wp\/v2\/media?parent=20531"}],"curies":[{"name":"wp","href":"https:\/\/api.w.org\/{rel}","templated":true}]}}