{"id":20527,"date":"2025-01-17T12:14:57","date_gmt":"2025-01-17T11:14:57","guid":{"rendered":"https:\/\/emulsionizer.com\/horeca\/"},"modified":"2025-03-27T09:33:07","modified_gmt":"2025-03-27T08:33:07","slug":"horeca","status":"publish","type":"page","link":"https:\/\/emulsionizer.com\/es\/horeca\/","title":{"rendered":"HoReCa"},"content":{"rendered":"<div class=\"fusion-fullwidth fullwidth-box fusion-builder-row-1 fusion-flex-container nonhundred-percent-fullwidth non-hundred-percent-height-scrolling\" style=\"--awb-border-radius-top-left:0px;--awb-border-radius-top-right:0px;--awb-border-radius-bottom-right:0px;--awb-border-radius-bottom-left:0px;--awb-flex-wrap:wrap;\" ><div class=\"fusion-builder-row fusion-row fusion-flex-align-items-flex-start fusion-flex-content-wrap\" style=\"max-width:1417.5px;margin-left: calc(-5% \/ 2 );margin-right: calc(-5% \/ 2 );\"><div class=\"fusion-layout-column fusion_builder_column fusion-builder-column-0 fusion_builder_column_1_1 1_1 fusion-flex-column\" style=\"--awb-bg-blend:overlay;--awb-bg-size:cover;--awb-width-large:100%;--awb-margin-top-large:0px;--awb-spacing-right-large:2.375%;--awb-margin-bottom-large:0px;--awb-spacing-left-large:2.375%;--awb-width-medium:100%;--awb-spacing-right-medium:2.375%;--awb-spacing-left-medium:2.375%;--awb-width-small:100%;--awb-spacing-right-small:2.375%;--awb-spacing-left-small:2.375%;\"><div class=\"fusion-column-wrapper fusion-flex-justify-content-flex-start fusion-content-layout-column\"><div class=\"fusion-image-element \" style=\"text-align:center;--awb-caption-title-font-family:var(--h2_typography-font-family);--awb-caption-title-font-weight:var(--h2_typography-font-weight);--awb-caption-title-font-style:var(--h2_typography-font-style);--awb-caption-title-size:var(--h2_typography-font-size);--awb-caption-title-transform:var(--h2_typography-text-transform);--awb-caption-title-line-height:var(--h2_typography-line-height);--awb-caption-title-letter-spacing:var(--h2_typography-letter-spacing);\"><span class=\" fusion-imageframe imageframe-none imageframe-1 hover-type-none\"><img decoding=\"async\" width=\"300\" height=\"300\" title=\"Logo Sammic 1\" src=\"https:\/\/emulsionizer.com\/wp-content\/uploads\/2025\/01\/Logo-Sammic-1-300x300.jpg\" alt class=\"img-responsive wp-image-20504\" srcset=\"https:\/\/emulsionizer.com\/wp-content\/uploads\/2025\/01\/Logo-Sammic-1-200x200.jpg 200w, https:\/\/emulsionizer.com\/wp-content\/uploads\/2025\/01\/Logo-Sammic-1-400x400.jpg 400w, https:\/\/emulsionizer.com\/wp-content\/uploads\/2025\/01\/Logo-Sammic-1-600x600.jpg 600w, https:\/\/emulsionizer.com\/wp-content\/uploads\/2025\/01\/Logo-Sammic-1-800x800.jpg 800w, https:\/\/emulsionizer.com\/wp-content\/uploads\/2025\/01\/Logo-Sammic-1.jpg 886w\" sizes=\"(max-width: 1024px) 100vw, (max-width: 740px) 100vw, 300px\" \/><\/span><\/div><div class=\"fusion-text fusion-text-1\"><p>El <strong>distribuidor global exclusivo de Emulsionizer\u00ae para el canal HoReCa<\/strong> (Hosteler\u00eda, Restauraci\u00f3n y Catering) es SAMMIC, fabricante especializado en HoReCa que vende en m\u00e1s de 130 pa\u00edses.<\/p>\n<p><strong>SAMMIC<\/strong> es una prestigiosa empresa fundada hace 80 a\u00f1os en el Pa\u00eds Vasco (Europa). Este es el lugar del mundo con m\u00e1s estrellas Michelin por metro cuadrado gracias a su cultura gastron\u00f3mica, sus singulares sociedades culinarias y a todos los chefs y restaurantes pioneros nacidos de esta sabidur\u00eda.<\/p>\n<p>Si eres profesional del canal HoReCa, contacta directamente con SAMMIC en su\u00a0<a href=\"https:\/\/www.sammic.es\/contacto\">website: https:\/\/www.sammic.es\/contacto<\/a><\/p>\n<\/div><div class=\"fusion-image-element \" style=\"text-align:center;--awb-caption-title-font-family:var(--h2_typography-font-family);--awb-caption-title-font-weight:var(--h2_typography-font-weight);--awb-caption-title-font-style:var(--h2_typography-font-style);--awb-caption-title-size:var(--h2_typography-font-size);--awb-caption-title-transform:var(--h2_typography-text-transform);--awb-caption-title-line-height:var(--h2_typography-line-height);--awb-caption-title-letter-spacing:var(--h2_typography-letter-spacing);\"><span class=\" fusion-imageframe imageframe-none imageframe-2 hover-type-none\"><img decoding=\"async\" width=\"300\" height=\"239\" title=\"Sammic\" src=\"https:\/\/emulsionizer.com\/wp-content\/uploads\/2025\/01\/SAMMIC-300x239.png\" alt class=\"img-responsive wp-image-20506\" srcset=\"https:\/\/emulsionizer.com\/wp-content\/uploads\/2025\/01\/SAMMIC-200x159.png 200w, https:\/\/emulsionizer.com\/wp-content\/uploads\/2025\/01\/SAMMIC-400x319.png 400w, https:\/\/emulsionizer.com\/wp-content\/uploads\/2025\/01\/SAMMIC.png 419w\" sizes=\"(max-width: 1024px) 100vw, (max-width: 740px) 100vw, 300px\" \/><\/span><\/div><\/div><\/div><div class=\"fusion-layout-column fusion_builder_column fusion-builder-column-1 fusion_builder_column_1_2 1_2 fusion-flex-column\" style=\"--awb-bg-size:cover;--awb-width-large:50%;--awb-margin-top-large:0px;--awb-spacing-right-large:4.75%;--awb-margin-bottom-large:20px;--awb-spacing-left-large:4.75%;--awb-width-medium:100%;--awb-order-medium:0;--awb-spacing-right-medium:2.375%;--awb-spacing-left-medium:2.375%;--awb-width-small:100%;--awb-order-small:0;--awb-spacing-right-small:2.375%;--awb-spacing-left-small:2.375%;\"><div class=\"fusion-column-wrapper fusion-column-has-shadow fusion-flex-justify-content-flex-start fusion-content-layout-column\"><\/div><\/div><div class=\"fusion-layout-column fusion_builder_column fusion-builder-column-2 fusion_builder_column_1_2 1_2 fusion-flex-column\" style=\"--awb-bg-size:cover;--awb-width-large:50%;--awb-margin-top-large:0px;--awb-spacing-right-large:4.75%;--awb-margin-bottom-large:20px;--awb-spacing-left-large:4.75%;--awb-width-medium:100%;--awb-order-medium:0;--awb-spacing-right-medium:2.375%;--awb-spacing-left-medium:2.375%;--awb-width-small:100%;--awb-order-small:0;--awb-spacing-right-small:2.375%;--awb-spacing-left-small:2.375%;\"><div class=\"fusion-column-wrapper fusion-column-has-shadow fusion-flex-justify-content-flex-start fusion-content-layout-column\"><\/div><\/div><\/div><\/div>\n","protected":false},"excerpt":{"rendered":"","protected":false},"author":35,"featured_media":0,"parent":0,"menu_order":0,"comment_status":"closed","ping_status":"closed","template":"","meta":{"footnotes":""},"class_list":["post-20527","page","type-page","status-publish","hentry"],"yoast_head":"<!-- This site is optimized with the Yoast SEO plugin v26.4 - https:\/\/yoast.com\/wordpress\/plugins\/seo\/ -->\n<title>HoReCa - Emulsionizer<\/title>\n<meta name=\"robots\" content=\"index, follow, max-snippet:-1, max-image-preview:large, max-video-preview:-1\" \/>\n<link rel=\"canonical\" href=\"https:\/\/emulsionizer.com\/es\/horeca\/\" \/>\n<meta property=\"og:locale\" content=\"es_ES\" \/>\n<meta property=\"og:type\" content=\"article\" \/>\n<meta property=\"og:title\" content=\"HoReCa - Emulsionizer\" \/>\n<meta property=\"og:url\" content=\"https:\/\/emulsionizer.com\/es\/horeca\/\" \/>\n<meta property=\"og:site_name\" content=\"Emulsionizer\" \/>\n<meta property=\"article:modified_time\" content=\"2025-03-27T08:33:07+00:00\" \/>\n<meta name=\"twitter:card\" content=\"summary_large_image\" \/>\n<meta name=\"twitter:label1\" content=\"Tiempo de lectura\" \/>\n\t<meta name=\"twitter:data1\" content=\"1 minuto\" \/>\n<script type=\"application\/ld+json\" class=\"yoast-schema-graph\">{\"@context\":\"https:\/\/schema.org\",\"@graph\":[{\"@type\":\"WebPage\",\"@id\":\"https:\/\/emulsionizer.com\/es\/horeca\/\",\"url\":\"https:\/\/emulsionizer.com\/es\/horeca\/\",\"name\":\"HoReCa - Emulsionizer\",\"isPartOf\":{\"@id\":\"https:\/\/emulsionizer.com\/#website\"},\"datePublished\":\"2025-01-17T11:14:57+00:00\",\"dateModified\":\"2025-03-27T08:33:07+00:00\",\"breadcrumb\":{\"@id\":\"https:\/\/emulsionizer.com\/es\/horeca\/#breadcrumb\"},\"inLanguage\":\"es\",\"potentialAction\":[{\"@type\":\"ReadAction\",\"target\":[\"https:\/\/emulsionizer.com\/es\/horeca\/\"]}]},{\"@type\":\"BreadcrumbList\",\"@id\":\"https:\/\/emulsionizer.com\/es\/horeca\/#breadcrumb\",\"itemListElement\":[{\"@type\":\"ListItem\",\"position\":1,\"name\":\"Home\",\"item\":\"https:\/\/emulsionizer.com\/es\/\"},{\"@type\":\"ListItem\",\"position\":2,\"name\":\"HoReCa\"}]},{\"@type\":\"WebSite\",\"@id\":\"https:\/\/emulsionizer.com\/#website\",\"url\":\"https:\/\/emulsionizer.com\/\",\"name\":\"Emulsionizer\",\"description\":\"The best kitchen utensils for gastronomic emulsions that works with a hand blender or mixer\",\"potentialAction\":[{\"@type\":\"SearchAction\",\"target\":{\"@type\":\"EntryPoint\",\"urlTemplate\":\"https:\/\/emulsionizer.com\/?s={search_term_string}\"},\"query-input\":{\"@type\":\"PropertyValueSpecification\",\"valueRequired\":true,\"valueName\":\"search_term_string\"}}],\"inLanguage\":\"es\"}]}<\/script>\n<!-- \/ Yoast SEO plugin. -->","yoast_head_json":{"title":"HoReCa - Emulsionizer","robots":{"index":"index","follow":"follow","max-snippet":"max-snippet:-1","max-image-preview":"max-image-preview:large","max-video-preview":"max-video-preview:-1"},"canonical":"https:\/\/emulsionizer.com\/es\/horeca\/","og_locale":"es_ES","og_type":"article","og_title":"HoReCa - Emulsionizer","og_url":"https:\/\/emulsionizer.com\/es\/horeca\/","og_site_name":"Emulsionizer","article_modified_time":"2025-03-27T08:33:07+00:00","twitter_card":"summary_large_image","twitter_misc":{"Tiempo de lectura":"1 minuto"},"schema":{"@context":"https:\/\/schema.org","@graph":[{"@type":"WebPage","@id":"https:\/\/emulsionizer.com\/es\/horeca\/","url":"https:\/\/emulsionizer.com\/es\/horeca\/","name":"HoReCa - Emulsionizer","isPartOf":{"@id":"https:\/\/emulsionizer.com\/#website"},"datePublished":"2025-01-17T11:14:57+00:00","dateModified":"2025-03-27T08:33:07+00:00","breadcrumb":{"@id":"https:\/\/emulsionizer.com\/es\/horeca\/#breadcrumb"},"inLanguage":"es","potentialAction":[{"@type":"ReadAction","target":["https:\/\/emulsionizer.com\/es\/horeca\/"]}]},{"@type":"BreadcrumbList","@id":"https:\/\/emulsionizer.com\/es\/horeca\/#breadcrumb","itemListElement":[{"@type":"ListItem","position":1,"name":"Home","item":"https:\/\/emulsionizer.com\/es\/"},{"@type":"ListItem","position":2,"name":"HoReCa"}]},{"@type":"WebSite","@id":"https:\/\/emulsionizer.com\/#website","url":"https:\/\/emulsionizer.com\/","name":"Emulsionizer","description":"The best kitchen utensils for gastronomic emulsions that works with a hand blender or mixer","potentialAction":[{"@type":"SearchAction","target":{"@type":"EntryPoint","urlTemplate":"https:\/\/emulsionizer.com\/?s={search_term_string}"},"query-input":{"@type":"PropertyValueSpecification","valueRequired":true,"valueName":"search_term_string"}}],"inLanguage":"es"}]}},"_links":{"self":[{"href":"https:\/\/emulsionizer.com\/es\/wp-json\/wp\/v2\/pages\/20527","targetHints":{"allow":["GET"]}}],"collection":[{"href":"https:\/\/emulsionizer.com\/es\/wp-json\/wp\/v2\/pages"}],"about":[{"href":"https:\/\/emulsionizer.com\/es\/wp-json\/wp\/v2\/types\/page"}],"author":[{"embeddable":true,"href":"https:\/\/emulsionizer.com\/es\/wp-json\/wp\/v2\/users\/35"}],"replies":[{"embeddable":true,"href":"https:\/\/emulsionizer.com\/es\/wp-json\/wp\/v2\/comments?post=20527"}],"version-history":[{"count":2,"href":"https:\/\/emulsionizer.com\/es\/wp-json\/wp\/v2\/pages\/20527\/revisions"}],"predecessor-version":[{"id":20714,"href":"https:\/\/emulsionizer.com\/es\/wp-json\/wp\/v2\/pages\/20527\/revisions\/20714"}],"wp:attachment":[{"href":"https:\/\/emulsionizer.com\/es\/wp-json\/wp\/v2\/media?parent=20527"}],"curies":[{"name":"wp","href":"https:\/\/api.w.org\/{rel}","templated":true}]}}